{"id":97,"date":"2019-01-31T21:09:52","date_gmt":"2019-01-31T20:09:52","guid":{"rendered":"http:\/\/heimatverein-nieder-roden.de\/?page_id=97"},"modified":"2026-02-24T22:09:15","modified_gmt":"2026-02-24T21:09:15","slug":"wir","status":"publish","type":"page","link":"https:\/\/heimatverein-nieder-roden.de\/","title":{"rendered":"Startseite"},"content":{"rendered":"\n\n\n\n\n<h2 class=\"wp-block-heading\" id=\"mce_7\">Herzlich Willkommen auf unserer Internetseite!<\/h2>\n\n\n\n<p>Wir sind der Arbeitskreis f\u00fcr Heimatkunde Nieder-Roden e. V. (Abk\u00fcrzung: AKHNR) und freuen uns sehr, dass Sie den Weg auf unsere Website gefunden haben. <\/p>\n\n\n\n<p>Diese Seite befindet sich aktuell noch im Aufbau. Daher f\u00fcllt sie sich stetig mit weiteren Inhalten.<\/p>\n\n\n\n<figure class=\"wp-block-image\"><a href=\"https:\/\/heimatverein-nieder-roden.de\/wp-content\/uploads\/2019\/05\/AKHNR_Museum_Ecke-Turm-Schulstrasse.jpg\"><img decoding=\"async\" width=\"1024\" height=\"683\" src=\"http:\/\/heimatverein-nieder-roden.de\/wp-content\/uploads\/2019\/05\/AKHNR_Museum_Ecke-Turm-Schulstrasse-1024x683.jpg\" alt=\"\" class=\"wp-image-1121\" srcset=\"https:\/\/heimatverein-nieder-roden.de\/wp-content\/uploads\/2019\/05\/AKHNR_Museum_Ecke-Turm-Schulstrasse-1024x683.jpg 1024w, https:\/\/heimatverein-nieder-roden.de\/wp-content\/uploads\/2019\/05\/AKHNR_Museum_Ecke-Turm-Schulstrasse-300x200.jpg 300w, https:\/\/heimatverein-nieder-roden.de\/wp-content\/uploads\/2019\/05\/AKHNR_Museum_Ecke-Turm-Schulstrasse-768x512.jpg 768w\" sizes=\"(max-width: 1024px) 100vw, 1024px\" \/><\/a><figcaption class=\"wp-element-caption\">Das Nieder-R\u00f6der Heimatmuseum, an der Ecke Schulstra\u00dfe\/Turmstra\u00dfe, in Nieder-Roden \u00a9 AKHNR\/EG<\/figcaption><\/figure>\n\n\n\n<p>Hier informieren wir Sie \u00fcber unsere Jahresausstellung, sowie aktuelle Ereignisse aus unserem Vereinsleben. Dar\u00fcber hinaus gibt es Einiges \u00fcber unser sch\u00f6nes Nieder-Roden zu lernen. <\/p>\n\n\n\n<p>Das Besondere an unserem Verein ist die Vielf\u00e4ltigkeit unserer Interessen, denn wir interessieren uns f\u00fcr alles, was unseren Ort ausmacht \u2013 das hei\u00dft zum Beispiel Vereine, Kirchen, Personen, die Nieder-Roden gepr\u00e4gt haben und Vieles mehr! <\/p>\n\n\n\n<p>Haben auch Sie eine besondere Verbindung zu Nieder-Roden, oder m\u00f6chten gern neue Menschen aus Ihrem neuen Wohnort kennen lernen? Dann kommen Sie doch am n\u00e4chsten \u00d6ffnungstag in unser Museumscaf\u00e9. <\/p>\n\n\n\n<p>Wir freuen uns darauf, Sie kennen zu lernen! Bis dahin k\u00f6nnen Sie hier auf unserer Seite st\u00f6bern.<\/p>\n\n\n\n<div style=\"height:1px\" aria-hidden=\"true\" class=\"wp-block-spacer\"><\/div>\n\n\n\n<hr class=\"wp-block-separator has-alpha-channel-opacity is-style-wide\"\/>\n\n\n\n<h2 class=\"wp-block-heading\">Aktuelles<\/h2>\n\n\n\n<p>Alle Meldungen finden Sie hier: <a href=\"https:\/\/heimatverein-nieder-roden.de\/?page_id=114\">https:\/\/heimatverein-nieder-roden.de\/?page_id=114<\/a><\/p>\n\n\n\n<p>im Folgenden sehen Sie die j\u00fcngsten aktuellen Meldungen:<\/p>\n","protected":false},"excerpt":{"rendered":"<p>Herzlich Willkommen auf unserer Internetseite! Wir sind der Arbeitskreis f\u00fcr Heimatkunde Nieder-Roden e. V. (Abk\u00fcrzung: AKHNR) und freuen uns sehr, dass Sie den Weg auf unsere Website gefunden haben. Diese Seite befindet sich aktuell noch im Aufbau. Daher f\u00fcllt sie sich stetig mit weiteren Inhalten. Hier informieren wir Sie \u00fcber unsere Jahresausstellung, sowie aktuelle Ereignisse &hellip; <\/p>\n<p><a class=\"more-link btn\" href=\"https:\/\/heimatverein-nieder-roden.de\/\">Weiterlesen<\/a><\/p>\n","protected":false},"author":1,"featured_media":0,"parent":0,"menu_order":0,"comment_status":"closed","ping_status":"closed","template":"template-twocolumnsleft.php","meta":{"_coblocks_attr":"","_coblocks_dimensions":"","_coblocks_responsive_height":"","_coblocks_accordion_ie_support":"","footnotes":""},"class_list":["post-97","page","type-page","status-publish","hentry","nodate"],"publishpress_future_action":{"enabled":false,"date":"2026-05-08 08:19:30","action":"change-status","newStatus":"draft","terms":[],"taxonomy":"","extraData":[]},"publishpress_future_workflow_manual_trigger":{"enabledWorkflows":[]},"_links":{"self":[{"href":"https:\/\/heimatverein-nieder-roden.de\/index.php?rest_route=\/wp\/v2\/pages\/97","targetHints":{"allow":["GET"]}}],"collection":[{"href":"https:\/\/heimatverein-nieder-roden.de\/index.php?rest_route=\/wp\/v2\/pages"}],"about":[{"href":"https:\/\/heimatverein-nieder-roden.de\/index.php?rest_route=\/wp\/v2\/types\/page"}],"author":[{"embeddable":true,"href":"https:\/\/heimatverein-nieder-roden.de\/index.php?rest_route=\/wp\/v2\/users\/1"}],"replies":[{"embeddable":true,"href":"https:\/\/heimatverein-nieder-roden.de\/index.php?rest_route=%2Fwp%2Fv2%2Fcomments&post=97"}],"version-history":[{"count":46,"href":"https:\/\/heimatverein-nieder-roden.de\/index.php?rest_route=\/wp\/v2\/pages\/97\/revisions"}],"predecessor-version":[{"id":8583,"href":"https:\/\/heimatverein-nieder-roden.de\/index.php?rest_route=\/wp\/v2\/pages\/97\/revisions\/8583"}],"wp:attachment":[{"href":"https:\/\/heimatverein-nieder-roden.de\/index.php?rest_route=%2Fwp%2Fv2%2Fmedia&parent=97"}],"curies":[{"name":"wp","href":"https:\/\/api.w.org\/{rel}","templated":true}]}}