{"id":8616,"date":"2026-04-08T23:19:17","date_gmt":"2026-04-08T21:19:17","guid":{"rendered":"https:\/\/heimatverein-nieder-roden.de\/?page_id=8616"},"modified":"2026-04-08T23:43:12","modified_gmt":"2026-04-08T21:43:12","slug":"heimat-genuss","status":"publish","type":"page","link":"https:\/\/heimatverein-nieder-roden.de\/?page_id=8616","title":{"rendered":"Heimat &amp; Genuss"},"content":{"rendered":"\n<p><strong>Genuss. Gemeinschaft. Echte Momente.<\/strong><\/p>\n\n\n\n<p>In den warmen Monaten wird der malerische Kirchplatz in Nieder-Roden zum Standort f\u00fcr ein neues Format, das mehr als nur ein After-Work-Treff ist: <strong>\u201eHeimat &amp; Genuss\u201c<\/strong>.<\/p>\n\n\n\n<p>Eine Gelegenheit f\u00fcr entspannte Gespr\u00e4che und den Genuss lokaler K\u00f6stlichkeiten. Hier kommt man zusammen, um den Tag ausklingen zu lassen und die sch\u00f6ne Atmosph\u00e4re im Altort zu erleben &#8211; ob nach der Arbeit oder am Wochenende. Es gilt alte Bekannte zu treffen und neue Bekanntschaften zu machen. Bei uns steht die Freude am Miteinander im Mittelpunkt. <\/p>\n\n\n\n<p>In einer Zeit, in der wir digital immer vernetzter \u2013 und doch oft einsamer \u2013 werden, schafft \u201eHeimat &amp; Genuss\u201c einen Gegenpol: In unserer hektischen Welt wird hier bewusst Raum f\u00fcr Gemeinschaft geschaffen \u2013 ganz analog, ganz nahbar. Ob beim gemeinsamen Ansto\u00dfen, beim Austausch \u00fcber lokale Themen oder einfach beim Genie\u00dfen der kleinen Dinge.<\/p>\n\n\n\n<hr class=\"wp-block-separator has-alpha-channel-opacity\"\/>\n\n\n\n<h3 class=\"wp-block-heading\"><strong>Drei St\u00e4nde \u2013 immer lokal, immer lecker<\/strong><\/h3>\n\n\n\n<p>Wir bem\u00fchen uns, unsere St\u00e4nde mit Nieder-R\u00f6der Gastronomen und Anbietern zu besetzen. Ob <strong>Wein, Essen oder Softgetr\u00e4nke<\/strong> \u2013 das Angebot kann variieren, aber eines bleibt immer gleich: die Liebe zum Detail und die Verbundenheit zum Ort.<\/p>\n\n\n\n<p>Kleine Gerichte soll es immer beim Heimatverein geben &#8211; teilweise inspiriert vom Nieder-R\u00f6der Kochbuch.<br>Dazu kommen weitere Angebote, von Nieder-R\u00f6dern f\u00fcr Nieder-R\u00f6der &#8211; und damit sind nicht nur Alteingesessene gemeint!<\/p>\n\n\n\n<h3 class=\"wp-block-heading\">Ein Ort f\u00fcr Heimat und Begegnung<\/h3>\n\n\n\n<p>Der Kirchplatz mit seinem historischen Charme ist der perfekte Rahmen f\u00fcr unvergessliche Abende unter Nachbarn, Freunden und G\u00e4sten.<\/p>\n\n\n\n<h3 class=\"wp-block-heading\">Mit stimmungsvoller Musik<\/h3>\n\n\n\n<p>Ob Hintergrundklang oder Live-Musik \u2013 immer passend zur Stimmung.<br>Wir wollen schlie\u00dflich, dass man sich auch wirklich unterhalten kann.<\/p>\n\n\n\n<h3 class=\"wp-block-heading\">Und was ist bei Sauwetter? <\/h3>\n\n\n\n<p>Dann kann es auch mal sein, dass wir absagen.<br>Beim n\u00e4chsten Mal klappt es bestimmt wieder.<\/p>\n\n\n\n<p class=\"is-style-warning\"><strong>Falls wir absagen m\u00fcssen, melden wir das nat\u00fcrlich hier!<br>Unten findet ihr aktuelle &#8222;Meldungen zum Thema&#8220;.<\/strong><\/p>\n\n\n\n<blockquote class=\"wp-block-quote is-layout-flow wp-block-quote-is-layout-flow\">\n<h2 class=\"wp-block-heading has-text-align-center\">Wann?<\/h2>\n\n\n\n<p class=\"has-text-align-center\"><br>&#x1f4c5; <strong>Unsere Termine 2026:<\/strong><br>Do, 30.04. | Mi, 20.05. | Do, 11.06. | Sa, 04.07. | Do, 23.07. | Mi, 12.08. | Do, 03.09. | Sa, 26.09.<\/p>\n\n\n\n<p class=\"has-text-align-center\">&#x23f0; <strong>\u00d6ffnungszeiten:<\/strong><\/p>\n\n\n\n<p class=\"has-text-align-center\">Donnerstags &amp; Mittwochs: 17:30\u201323 Uhr<br>Samstags: 14\u201323 Uhr<\/p>\n\n\n\n<h2 class=\"wp-block-heading has-text-align-center\">Wo?<\/h2>\n\n\n\n<p class=\"has-text-align-center\">&#x1f4cd; <strong>Ort:<\/strong> Kirchplatz Nieder-Roden<\/p>\n\n\n\n<p class=\"has-text-align-center\">Am besten immer hier auf der Internetseite im Kalender schauen <br>(siehe rechts bzw. unten).<\/p>\n<\/blockquote>\n\n\n\n<hr class=\"wp-block-separator has-alpha-channel-opacity\"\/>\n\n\n\n<h3 class=\"wp-block-heading\"><strong>Fragen oder Lust mitzumachen?<\/strong><\/h3>\n\n\n\n<p>Wir freuen uns \u00fcber Ihre Ideen, Helfer und G\u00e4ste! <br>Kontaktieren Sie uns gerne:<\/p>\n\n\n\n<div class=\"wp-block-buttons is-content-justification-center is-layout-flex wp-container-core-buttons-is-layout-16018d1d wp-block-buttons-is-layout-flex\">\n<div class=\"wp-block-button is-style-circular\"><a class=\"wp-block-button__link has-background wp-element-button\" href=\"mailto:info@heimatverein-nieder-roden.de?subject=Heimat%20und%20Genuss%20-%20Ich%20habe%20Interesse&amp;body=Hallo%2C%0D%0A%0D%0Aich%20habe%20eine%20Frage%20zur%20Veranstaltungsreihe%20%22Heimat%20%26%20Genuss%22%3A%0D%0A%0D%0A%0D%0AMit%20freundlichen%20Gr%C3%BC%C3%9Fen%0D%0AVORNAME%20NACHNAME&quot;\" style=\"background-color:#932418\">Hier klicken um eine Mail zu schreiben<\/a><\/div>\n<\/div>\n\n\n\n<hr class=\"wp-block-separator has-alpha-channel-opacity is-style-wide\"\/>\n\n\n\n<h3 class=\"wp-block-heading\" id=\"meldungen-zum-thema\">Meldungen zum Thema<\/h3>\n\n\n\n","protected":false},"excerpt":{"rendered":"<p>Genuss. Gemeinschaft. Echte Momente. In den warmen Monaten wird der malerische Kirchplatz in Nieder-Roden zum Standort f\u00fcr ein neues Format, das mehr als nur ein After-Work-Treff ist: \u201eHeimat &amp; Genuss\u201c. Eine Gelegenheit f\u00fcr entspannte Gespr\u00e4che und den Genuss lokaler K\u00f6stlichkeiten. Hier kommt man zusammen, um den Tag ausklingen zu lassen und die sch\u00f6ne Atmosph\u00e4re im &hellip; <\/p>\n<p><a class=\"more-link btn\" href=\"https:\/\/heimatverein-nieder-roden.de\/?page_id=8616\">Weiterlesen<\/a><\/p>\n","protected":false},"author":1,"featured_media":0,"parent":381,"menu_order":0,"comment_status":"closed","ping_status":"closed","template":"","meta":{"_coblocks_attr":"","_coblocks_dimensions":"","_coblocks_responsive_height":"","_coblocks_accordion_ie_support":"","footnotes":""},"class_list":["post-8616","page","type-page","status-publish","hentry","nodate"],"publishpress_future_action":{"enabled":false,"date":"2026-04-16 23:49:51","action":"change-status","newStatus":"draft","terms":[],"taxonomy":"","extraData":[]},"publishpress_future_workflow_manual_trigger":{"enabledWorkflows":[]},"_links":{"self":[{"href":"https:\/\/heimatverein-nieder-roden.de\/index.php?rest_route=\/wp\/v2\/pages\/8616","targetHints":{"allow":["GET"]}}],"collection":[{"href":"https:\/\/heimatverein-nieder-roden.de\/index.php?rest_route=\/wp\/v2\/pages"}],"about":[{"href":"https:\/\/heimatverein-nieder-roden.de\/index.php?rest_route=\/wp\/v2\/types\/page"}],"author":[{"embeddable":true,"href":"https:\/\/heimatverein-nieder-roden.de\/index.php?rest_route=\/wp\/v2\/users\/1"}],"replies":[{"embeddable":true,"href":"https:\/\/heimatverein-nieder-roden.de\/index.php?rest_route=%2Fwp%2Fv2%2Fcomments&post=8616"}],"version-history":[{"count":4,"href":"https:\/\/heimatverein-nieder-roden.de\/index.php?rest_route=\/wp\/v2\/pages\/8616\/revisions"}],"predecessor-version":[{"id":8625,"href":"https:\/\/heimatverein-nieder-roden.de\/index.php?rest_route=\/wp\/v2\/pages\/8616\/revisions\/8625"}],"up":[{"embeddable":true,"href":"https:\/\/heimatverein-nieder-roden.de\/index.php?rest_route=\/wp\/v2\/pages\/381"}],"wp:attachment":[{"href":"https:\/\/heimatverein-nieder-roden.de\/index.php?rest_route=%2Fwp%2Fv2%2Fmedia&parent=8616"}],"curies":[{"name":"wp","href":"https:\/\/api.w.org\/{rel}","templated":true}]}}