{"id":8071,"date":"2025-06-09T12:48:02","date_gmt":"2025-06-09T10:48:02","guid":{"rendered":"https:\/\/heimatverein-nieder-roden.de\/?page_id=8071"},"modified":"2025-06-15T13:42:38","modified_gmt":"2025-06-15T11:42:38","slug":"altort-mit-zukunft","status":"publish","type":"page","link":"https:\/\/heimatverein-nieder-roden.de\/?page_id=8071","title":{"rendered":"Altort mit Zukunft!"},"content":{"rendered":"\n<p><strong>Was geschieht mit dem alten Ortskern an der Kirche?<\/strong><\/p>\n\n\n\n<figure class=\"wp-block-image size-large\"><img decoding=\"async\" width=\"1024\" height=\"689\" src=\"https:\/\/heimatverein-nieder-roden.de\/wp-content\/uploads\/2021\/02\/42-D-50-1024x689.jpg\" alt=\"\" class=\"wp-image-2603\" srcset=\"https:\/\/heimatverein-nieder-roden.de\/wp-content\/uploads\/2021\/02\/42-D-50-1024x689.jpg 1024w, https:\/\/heimatverein-nieder-roden.de\/wp-content\/uploads\/2021\/02\/42-D-50-300x202.jpg 300w, https:\/\/heimatverein-nieder-roden.de\/wp-content\/uploads\/2021\/02\/42-D-50-768x517.jpg 768w, https:\/\/heimatverein-nieder-roden.de\/wp-content\/uploads\/2021\/02\/42-D-50-836x563.jpg 836w, https:\/\/heimatverein-nieder-roden.de\/wp-content\/uploads\/2021\/02\/42-D-50-560x377.jpg 560w, https:\/\/heimatverein-nieder-roden.de\/wp-content\/uploads\/2021\/02\/42-D-50.jpg 1248w\" sizes=\"(max-width: 1024px) 100vw, 1024px\" \/><figcaption class=\"wp-element-caption\">\u00a9Pulwey<\/figcaption><\/figure>\n\n\n\n<h4 class=\"wp-block-heading\">AKHNR lebt nicht nur in der Vergangenheit<\/h4>\n\n\n\n<p>Der Arbeitskreis f\u00fcr Heimatkunde Nieder-Roden e. V. besch\u00e4ftigt sich seit vielen Jahren nicht nur mit der Vergangenheit des Rodgauer Stadtteils. Immer wieder werden Themen aufgegriffen, die Auswirkungen auf das Leben in der Gegenwart haben. Die Pflanzung der neuen Ortslinde, die Pflege und Sanierung von Denkm\u00e4ler sowie die Gestaltung des neuen B\u00fcrgerparks auf dem Gel\u00e4nde des Alten Friedhofs sind einige Beispiele.\u00a0<\/p>\n\n\n\n<p>Hinzu kommt in diesen Tagen ein Thema, das gravierenden Einfluss auf das gesellschaftliche Zusammenleben haben wird. Der <strong>Strukturwandel in der Katholischen Kirche<\/strong>, genauer, im Pastoralraum Rodgau-R\u00f6dermark. <\/p>\n\n\n\n<h4 class=\"wp-block-heading\">Was bedeutet das f\u00fcr uns?<\/h4>\n\n\n\n<p>&#8222;Vielen Einwohnern ist vielleicht noch nicht bewusst, dass sich die Ver\u00e4nderungen auch auf ihr Lebensgef\u00fchl auswirken k\u00f6nnen, auf das, was &#8222;ihr Nieder-Roden&#8220; optisch und gesellschaftlich ausmacht &#8211; auch wenn Sie meinen nichts mit der Kirche zu tun zu haben&#8220;, meint AKHNR-Vorsitzender Frank Martiny. &#8222;Die katholische Kirche St. Matthias gilt weithin als Wahrzeichen des Ortes. Zusammen mit dem Ensemble um den Kirchplatz herum, mit Pfarrhaus, Alter Schule, Lehrerhaus und Pfarrheim stellt sie f\u00fcr viele Einwohner das wesentliche bauliche Symbol ihrer Heimat dar. Denkt man daran wie Nieder-Roden aussieht, kommt h\u00e4ufig zuerst der Altort-Kern in den Sinn.&#8220;<\/p>\n\n\n\n<h4 class=\"wp-block-heading\">Optik ist nicht alles<\/h4>\n\n\n\n<p>Nicht nur optisch ist die Bebauung wichtig. Wichtige Veranstaltungen und Aktivit\u00e4ten die Leben in den Altort bringen und Gelegenheit f\u00fcr gesellschaftlichen Austausch bieten, sind davon abh\u00e4ngig. Die Kerb, der Adventsmarkt, die Zeltfreizeit der Pfarrjugend, Theaterproben, Seniorennachmittage und Gruppenstunden sind zentral f\u00fcr das Leben in unserer Heimat.<\/p>\n\n\n\n<h4 class=\"wp-block-heading\">Eine &#8222;Schaffkibbe&#8220; stellt sich Fragen<\/h4>\n\n\n\n<p>Entsprechend eng verfolgt der Heimatverein die Diskussion um die m\u00f6glichen Entwicklungen.<br>Die &#8222;Schaffkibbe Ortsbild&#8220; trifft sich zu diesem Thema und stellt sich ergebende Fragen:<\/p>\n\n\n\n<ul class=\"wp-block-list\">\n<li>Nieder-Roden ohne Kirche, ohne Pfarrhaus, ohne Pfarrzentrum \u2013 wie w\u00e4re das f\u00fcr uns?<\/li>\n\n\n\n<li>Was bedeutet die Entwicklung der katholischen Kirche f\u00fcr unseren Altort?<\/li>\n\n\n\n<li>Was passiert, wenn die Pfarrgemeinde ihre Geb\u00e4ude nicht halten kann?<\/li>\n<\/ul>\n\n\n\n<p>Unterst\u00fctzt wird die Schaffkibbe dabei durch Mitglieder der Pfarrgemeinde und Anwohner.<\/p>\n\n\n\n<h2 class=\"wp-block-heading\">Ziele<\/h2>\n\n\n\n<p>Allgemein wollen wir<\/p>\n\n\n\n<ul class=\"wp-block-list\">\n<li>\u00d6ffentlichkeit herstellen<\/li>\n\n\n\n<li>die Menschen informieren<\/li>\n\n\n\n<li>zum Engagement motivieren<\/li>\n<\/ul>\n\n\n\n<p><\/p>\n\n\n\n<p>Je nachdem wie sich die Situation entwickelt werden wir unsere Ziele anpassen.<\/p>\n\n\n\n<p>Aktuell engagieren wir uns f\u00fcr den <strong>Erhalt des Geb\u00e4udeensembles<\/strong> im Altort Nieder-Roden:<\/p>\n\n\n\n<ul class=\"wp-block-list\">\n<li>Kirche St. Matthias<\/li>\n\n\n\n<li>Kirchturm<\/li>\n\n\n\n<li>Pfarrhaus<\/li>\n\n\n\n<li>Alte Schule<\/li>\n\n\n\n<li>Altes Lehrerhaus (Heimatmuseum)<\/li>\n\n\n\n<li>Pfarrheim (Pfarrzentrum)<\/li>\n<\/ul>\n\n\n\n<p><\/p>\n\n\n\n<p>Eine erste Etappe kann eine baurechtliche <strong>Ver\u00e4nderungssperre <\/strong>sein. Das soll verhindern, dass die Situation entgleitet und unumkehrbare Fakten geschaffen werden (wie zum Beispiel beim &#8222;Hartig-Haus&#8220; &#8211; Ecke Turmstra\u00dfe\/Hauptstra\u00dfe oder in Rollwald).<\/p>\n\n\n\n<p class=\"has-text-align-center is-style-info\"><strong>Falls euch das Thema wichtig ist, meldet euch gerne bei uns &#8211;<br>zum Beispiel per E-Mail an:<br><br>info@heimatverein-nieder-roden.de<\/strong><\/p>\n\n\n\n<div class=\"wp-block-columns has-background has-regular-font-size is-layout-flex wp-container-core-columns-is-layout-9d6595d7 wp-block-columns-is-layout-flex\" style=\"background-color:#d5f1ff\">\n<div class=\"wp-block-column is-layout-flow wp-block-column-is-layout-flow\" style=\"flex-basis:30%\"><div class=\"wp-block-image\">\n<figure class=\"aligncenter size-full\"><img decoding=\"async\" width=\"937\" height=\"604\" src=\"https:\/\/heimatverein-nieder-roden.de\/wp-content\/uploads\/2025\/06\/sk_ortsbild_logo.png\" alt=\"\" class=\"wp-image-8072\" srcset=\"https:\/\/heimatverein-nieder-roden.de\/wp-content\/uploads\/2025\/06\/sk_ortsbild_logo.png 937w, https:\/\/heimatverein-nieder-roden.de\/wp-content\/uploads\/2025\/06\/sk_ortsbild_logo-300x193.png 300w, https:\/\/heimatverein-nieder-roden.de\/wp-content\/uploads\/2025\/06\/sk_ortsbild_logo-768x495.png 768w, https:\/\/heimatverein-nieder-roden.de\/wp-content\/uploads\/2025\/06\/sk_ortsbild_logo-836x539.png 836w, https:\/\/heimatverein-nieder-roden.de\/wp-content\/uploads\/2025\/06\/sk_ortsbild_logo-560x361.png 560w\" sizes=\"(max-width: 937px) 100vw, 937px\" \/><\/figure>\n<\/div><\/div>\n\n\n\n<div class=\"wp-block-column is-layout-flow wp-block-column-is-layout-flow\" style=\"flex-basis:70%\">\n<p><strong>Ein Projekt der &#8222;Schaffkibbe Ortsbild&#8220;<\/strong><\/p>\n\n\n\n<p class=\"has-regular-font-size\">Die SK Ortsbild beobachtet die Entwicklung unserer Stra\u00dfen und H\u00e4user, schafft Gelegenheit f\u00fcr den Austausch zwischen B\u00fcrgern und Verantwortlichen und bringt sich ein f\u00fcr die Entwicklung konstruktiver Ideen f\u00fcr eine positive Entwicklung.<\/p>\n<\/div>\n<\/div>\n\n\n\n<hr class=\"wp-block-separator has-alpha-channel-opacity is-style-wide\"\/>\n\n\n\n<h2 class=\"wp-block-heading\">Meldungen zum Thema<\/h2>\n\n\n<div class=\"display-posts-listing grid\"><div class=\"listing-item\"><a class=\"image\" href=\"https:\/\/heimatverein-nieder-roden.de\/?p=8480\"><img decoding=\"async\" width=\"300\" height=\"169\" src=\"https:\/\/heimatverein-nieder-roden.de\/wp-content\/uploads\/2025\/11\/AKHNR_Neue-Ortslinde_EGE_1080-300x169.jpg\" class=\"attachment-medium size-medium wp-post-image\" alt=\"\" srcset=\"https:\/\/heimatverein-nieder-roden.de\/wp-content\/uploads\/2025\/11\/AKHNR_Neue-Ortslinde_EGE_1080-300x169.jpg 300w, https:\/\/heimatverein-nieder-roden.de\/wp-content\/uploads\/2025\/11\/AKHNR_Neue-Ortslinde_EGE_1080-1024x577.jpg 1024w, https:\/\/heimatverein-nieder-roden.de\/wp-content\/uploads\/2025\/11\/AKHNR_Neue-Ortslinde_EGE_1080-768x432.jpg 768w, https:\/\/heimatverein-nieder-roden.de\/wp-content\/uploads\/2025\/11\/AKHNR_Neue-Ortslinde_EGE_1080-1536x865.jpg 1536w, https:\/\/heimatverein-nieder-roden.de\/wp-content\/uploads\/2025\/11\/AKHNR_Neue-Ortslinde_EGE_1080-836x471.jpg 836w, https:\/\/heimatverein-nieder-roden.de\/wp-content\/uploads\/2025\/11\/AKHNR_Neue-Ortslinde_EGE_1080-560x315.jpg 560w, https:\/\/heimatverein-nieder-roden.de\/wp-content\/uploads\/2025\/11\/AKHNR_Neue-Ortslinde_EGE_1080.jpg 1918w\" sizes=\"(max-width: 300px) 100vw, 300px\" \/><\/a> <a class=\"title\" href=\"https:\/\/heimatverein-nieder-roden.de\/?p=8480\">&#8222;Zukunftsgipfel Pfarrheim St. Matthias&#8220; am 12. Dezember<\/a> <span class=\"excerpt-dash\">-<\/span> <span class=\"excerpt\">Damit\u00a0dieser wichtige Ort nicht verloren geht, m\u00f6chten wir den n\u00e4chsten Schritt\u00a0gemeinsam mit der Stadt, den Vereinen, Initiativen, Unternehmen und allen B\u00fcrgerinnen und B\u00fcrgern\u00a0gehen. Wir laden daher zu einem\u00a0offenen Zukunftsgespr\u00e4ch\u00a0ein, um \u00fcber m\u00f6gliche\u00a0neue Nutzungen, Tr\u00e4ger- und Unterst\u00fctzungsmodelle\u00a0zu beraten \u2013\u00a0transparent, l\u00f6sungsorientiert und im Sinne unseres Stadtteils.<\/span><\/div><div class=\"listing-item\"><a class=\"image\" href=\"https:\/\/heimatverein-nieder-roden.de\/?p=8148\"><img decoding=\"async\" width=\"300\" height=\"177\" src=\"https:\/\/heimatverein-nieder-roden.de\/wp-content\/uploads\/2025\/07\/image-300x177.png\" class=\"attachment-medium size-medium wp-post-image\" alt=\"\" srcset=\"https:\/\/heimatverein-nieder-roden.de\/wp-content\/uploads\/2025\/07\/image-300x177.png 300w, https:\/\/heimatverein-nieder-roden.de\/wp-content\/uploads\/2025\/07\/image-768x454.png 768w, https:\/\/heimatverein-nieder-roden.de\/wp-content\/uploads\/2025\/07\/image-836x494.png 836w, https:\/\/heimatverein-nieder-roden.de\/wp-content\/uploads\/2025\/07\/image-560x331.png 560w, https:\/\/heimatverein-nieder-roden.de\/wp-content\/uploads\/2025\/07\/image.png 1023w\" sizes=\"(max-width: 300px) 100vw, 300px\" \/><\/a> <a class=\"title\" href=\"https:\/\/heimatverein-nieder-roden.de\/?p=8148\">&#8222;Es geht um mehr als nur Geb\u00e4ude \u2013 Nieder-R\u00f6der k\u00e4mpfen um Kirche und Pfarrheim&#8220;<\/a> <span class=\"excerpt-dash\">-<\/span> <span class=\"excerpt\">Artikel der Offenbach-Post auf OP-Online.de vom 04.07.2025. \nWir bedanken uns herzlich f\u00fcr die Berichterstattung der Presse!<\/span><\/div><div class=\"listing-item\"><a class=\"image\" href=\"https:\/\/heimatverein-nieder-roden.de\/?p=8086\"><img decoding=\"async\" width=\"300\" height=\"202\" src=\"https:\/\/heimatverein-nieder-roden.de\/wp-content\/uploads\/2021\/02\/42-D-50-300x202.jpg\" class=\"attachment-medium size-medium wp-post-image\" alt=\"\" srcset=\"https:\/\/heimatverein-nieder-roden.de\/wp-content\/uploads\/2021\/02\/42-D-50-300x202.jpg 300w, https:\/\/heimatverein-nieder-roden.de\/wp-content\/uploads\/2021\/02\/42-D-50-1024x689.jpg 1024w, https:\/\/heimatverein-nieder-roden.de\/wp-content\/uploads\/2021\/02\/42-D-50-768x517.jpg 768w, https:\/\/heimatverein-nieder-roden.de\/wp-content\/uploads\/2021\/02\/42-D-50-836x563.jpg 836w, https:\/\/heimatverein-nieder-roden.de\/wp-content\/uploads\/2021\/02\/42-D-50-560x377.jpg 560w, https:\/\/heimatverein-nieder-roden.de\/wp-content\/uploads\/2021\/02\/42-D-50.jpg 1248w\" sizes=\"(max-width: 300px) 100vw, 300px\" \/><\/a> <a class=\"title\" href=\"https:\/\/heimatverein-nieder-roden.de\/?p=8086\">Altort mit Zukunft! &#8211; Info-Veranstaltung des AKHNR<\/a> <span class=\"excerpt-dash\">-<\/span> <span class=\"excerpt\">am 27. Juni 2025, um 19 Uhr auf dem Kirchplatz.\nNieder-Roden ohne Kirche, ohne Pfarrhaus, ohne Pfarrzentrum \u2013 wie w\u00e4re das f\u00fcr euch?\nWas bedeutet die Entwicklung der katholischen Kirche f\u00fcr unseren Altort?<\/span><\/div><div class=\"listing-item\"><a class=\"image\" href=\"https:\/\/heimatverein-nieder-roden.de\/?p=8077\"><img decoding=\"async\" width=\"300\" height=\"43\" src=\"https:\/\/heimatverein-nieder-roden.de\/wp-content\/uploads\/2019\/06\/Offenbach-Post_Titel_Symbolbild-300x43.png\" class=\"attachment-medium size-medium wp-post-image\" alt=\"\" srcset=\"https:\/\/heimatverein-nieder-roden.de\/wp-content\/uploads\/2019\/06\/Offenbach-Post_Titel_Symbolbild-300x43.png 300w, https:\/\/heimatverein-nieder-roden.de\/wp-content\/uploads\/2019\/06\/Offenbach-Post_Titel_Symbolbild-768x111.png 768w, https:\/\/heimatverein-nieder-roden.de\/wp-content\/uploads\/2019\/06\/Offenbach-Post_Titel_Symbolbild-1024x148.png 1024w\" sizes=\"(max-width: 300px) 100vw, 300px\" \/><\/a> <a class=\"title\" href=\"https:\/\/heimatverein-nieder-roden.de\/?p=8077\">&#8222;Katholische Kirche in der Krise: Unterhalt f\u00fcr Gottesh\u00e4user zu teuer&#8220;<\/a> <span class=\"excerpt-dash\">-<\/span> <span class=\"excerpt\">Artikel der Offenbach-Post auf OP-Online.de vom 22.11.2024. \nWir bedanken uns herzlich f\u00fcr die Berichterstattung der Presse!<\/span><\/div><\/div>\n\n\n\n<p class=\"has-text-align-left\"><\/p>\n","protected":false},"excerpt":{"rendered":"<p>Was geschieht mit dem alten Ortskern an der Kirche? AKHNR lebt nicht nur in der Vergangenheit Der Arbeitskreis f\u00fcr Heimatkunde Nieder-Roden e. V. besch\u00e4ftigt sich seit vielen Jahren nicht nur mit der Vergangenheit des Rodgauer Stadtteils. Immer wieder werden Themen aufgegriffen, die Auswirkungen auf das Leben in der Gegenwart haben. Die Pflanzung der neuen Ortslinde, &hellip; <\/p>\n<p><a class=\"more-link btn\" href=\"https:\/\/heimatverein-nieder-roden.de\/?p=8077\">Weiterlesen<\/a><\/p><p><a class=\"more-link btn\" href=\"https:\/\/heimatverein-nieder-roden.de\/?p=8077\">Weiterlesen<\/a><\/p>\n","protected":false},"author":1,"featured_media":2603,"parent":3366,"menu_order":0,"comment_status":"closed","ping_status":"closed","template":"","meta":{"_coblocks_attr":"","_coblocks_dimensions":"","_coblocks_responsive_height":"","_coblocks_accordion_ie_support":"","footnotes":""},"class_list":["post-8071","page","type-page","status-publish","has-post-thumbnail","hentry","nodate"],"publishpress_future_action":{"enabled":false,"date":"2026-04-24 09:30:28","action":"change-status","newStatus":"draft","terms":[],"taxonomy":"","extraData":[]},"publishpress_future_workflow_manual_trigger":{"enabledWorkflows":[]},"_links":{"self":[{"href":"https:\/\/heimatverein-nieder-roden.de\/index.php?rest_route=\/wp\/v2\/pages\/8071","targetHints":{"allow":["GET"]}}],"collection":[{"href":"https:\/\/heimatverein-nieder-roden.de\/index.php?rest_route=\/wp\/v2\/pages"}],"about":[{"href":"https:\/\/heimatverein-nieder-roden.de\/index.php?rest_route=\/wp\/v2\/types\/page"}],"author":[{"embeddable":true,"href":"https:\/\/heimatverein-nieder-roden.de\/index.php?rest_route=\/wp\/v2\/users\/1"}],"replies":[{"embeddable":true,"href":"https:\/\/heimatverein-nieder-roden.de\/index.php?rest_route=%2Fwp%2Fv2%2Fcomments&post=8071"}],"version-history":[{"count":13,"href":"https:\/\/heimatverein-nieder-roden.de\/index.php?rest_route=\/wp\/v2\/pages\/8071\/revisions"}],"predecessor-version":[{"id":8126,"href":"https:\/\/heimatverein-nieder-roden.de\/index.php?rest_route=\/wp\/v2\/pages\/8071\/revisions\/8126"}],"up":[{"embeddable":true,"href":"https:\/\/heimatverein-nieder-roden.de\/index.php?rest_route=\/wp\/v2\/pages\/3366"}],"wp:featuredmedia":[{"embeddable":true,"href":"https:\/\/heimatverein-nieder-roden.de\/index.php?rest_route=\/wp\/v2\/media\/2603"}],"wp:attachment":[{"href":"https:\/\/heimatverein-nieder-roden.de\/index.php?rest_route=%2Fwp%2Fv2%2Fmedia&parent=8071"}],"curies":[{"name":"wp","href":"https:\/\/api.w.org\/{rel}","templated":true}]}}