{"id":6969,"date":"2024-07-05T11:04:48","date_gmt":"2024-07-05T09:04:48","guid":{"rendered":"https:\/\/heimatverein-nieder-roden.de\/?page_id=6969"},"modified":"2025-03-20T16:59:44","modified_gmt":"2025-03-20T15:59:44","slug":"numismatik","status":"publish","type":"page","link":"https:\/\/heimatverein-nieder-roden.de\/?page_id=6969","title":{"rendered":"Numismatik"},"content":{"rendered":"\n\n\n<p>Die <em>Schaffkibbe Numismatik<\/em> ist eine Arbeitsgruppe von Heimat- und Geschichtsinteressierten, die sich mit Geld in all seinen Facetten besch\u00e4ftigt \u2013 von historischen M\u00fcnzen bis zu Gutscheinen, Wertmarken und Medaillen aus Rodgau. Unser Ziel ist es, die oft vergessenen oder wenig beachteten Zeugnisse der regionalen Geldgeschichte zu dokumentieren und zu erforschen.<\/p>\n\n\n<div class=\"wp-block-image\">\n<figure class=\"aligncenter size-large is-resized\"><img decoding=\"async\" width=\"1024\" height=\"687\" src=\"https:\/\/heimatverein-nieder-roden.de\/wp-content\/uploads\/2025\/03\/SamB_Schul-Fest-Geld-1989_ASP-1024x687.jpg\" alt=\"\" class=\"wp-image-7989\" style=\"width:450px;height:auto\" srcset=\"https:\/\/heimatverein-nieder-roden.de\/wp-content\/uploads\/2025\/03\/SamB_Schul-Fest-Geld-1989_ASP-1024x687.jpg 1024w, https:\/\/heimatverein-nieder-roden.de\/wp-content\/uploads\/2025\/03\/SamB_Schul-Fest-Geld-1989_ASP-300x201.jpg 300w, https:\/\/heimatverein-nieder-roden.de\/wp-content\/uploads\/2025\/03\/SamB_Schul-Fest-Geld-1989_ASP-768x515.jpg 768w, https:\/\/heimatverein-nieder-roden.de\/wp-content\/uploads\/2025\/03\/SamB_Schul-Fest-Geld-1989_ASP-836x561.jpg 836w, https:\/\/heimatverein-nieder-roden.de\/wp-content\/uploads\/2025\/03\/SamB_Schul-Fest-Geld-1989_ASP-560x376.jpg 560w, https:\/\/heimatverein-nieder-roden.de\/wp-content\/uploads\/2025\/03\/SamB_Schul-Fest-Geld-1989_ASP-272x182.jpg 272w, https:\/\/heimatverein-nieder-roden.de\/wp-content\/uploads\/2025\/03\/SamB_Schul-Fest-Geld-1989_ASP.jpg 1324w\" sizes=\"(max-width: 1024px) 100vw, 1024px\" \/><figcaption class=\"wp-element-caption\">Schul-Fest-Geld der Schule am B\u00fcrgerhaus (SamB) aus dem Jahr 1989.\n\u00a9ASP\/AKHNR<\/figcaption><\/figure>\n<\/div>\n\n\n<p>Mit dem Vortrag unseres Schatzmeisters Andreas Spott im Juli 2024 haben wir begonnen, ein weiteres spannendes Themenfeld unserer Heimatgeschichte zu entdecken. Seitdem sammeln und analysieren wir Geldersatzmittel aus Rodgau \u2013 eine bislang kaum erforschte, aber umso faszinierendere Seite unserer Vergangenheit.<\/p>\n\n\n\n<p>Auf dieser Seite finden Sie zuk\u00fcnftig alle Informationen zu unseren Aktivit\u00e4ten in diesem Bereich. Wir f\u00fcllen sie stetig mit neuen Inhalten \u2013 schauen Sie also ab und zu vorbei!<\/p>\n\n\n\n<p>Wir laden alle Interessierten ein, sich zu beteiligen \u2013 sei es mit Informationen, Fundst\u00fccken oder einfach mit Neugier an der gemeinsamen Recherche. Haben Sie schon einmal eine alte Wertmarke aus einem Rodgauer Verein oder Unternehmen gefunden? Oder interessieren Sie sich f\u00fcr numismatische Geschichte? Dann sind Sie bei uns genau richtig!<\/p>\n\n\n\n<p>Gemeinsam wollen wir diese spannende, aber oft \u00fcbersehene Seite unserer Heimatgeschichte erkunden und bewahren.<\/p>\n\n\n\n<p class=\"has-text-align-center is-style-info\"><strong>Interessiert Sie dieses Thema?<\/strong><br><br><strong>Werden Sie Teil unserer Schaffkibbe Numismatik!<br><br>schreiben Sie uns \u00fcber:<br><br><a href=\"mailto:info@heimatverein-nieder-roden.de?subject=Interesse%20an%20der%20Numismatik-Gruppe&amp;body=Hallo%20AKHNR%2C%0D%0A%0D%0Aich%20interessiere%20mich%20f%C3%BCr%20eure%20Numismatik-Gruppe.%0D%0A%0D%0ABitte%20kontaktiert%20mich!\" target=\"_blank\" rel=\"noreferrer noopener\">info@heimatverein-nieder-roden.de<\/a><\/strong><\/p>\n\n\n\n<h2 class=\"wp-block-heading\">Projekte<\/h2>\n\n\n\n<p>Hier gelangen Sie zu den Projekten der Schaffkibbe:<\/p>\n\n\n\n<div class=\"wp-block-columns is-layout-flex wp-container-core-columns-is-layout-9d6595d7 wp-block-columns-is-layout-flex\">\n<div class=\"wp-block-column is-layout-flow wp-block-column-is-layout-flow\" style=\"flex-basis:100%\">\n<div class=\"wp-block-media-text has-media-on-the-right is-stacked-on-mobile has-background\" style=\"background-color:#dfdadd\"><div class=\"wp-block-media-text__content\">\n<div class=\"wp-block-group\" style=\"padding-top:2em;padding-right:2em;padding-bottom:2em;padding-left:2em\"><div class=\"wp-block-group__inner-container is-layout-flow wp-block-group-is-layout-flow\">\n<p class=\"is-style-default has-background has-large-font-size\" style=\"background-color:#ffffff9e;line-height:1.2\"><strong>Katalog der Rodgauer Geldersatzmittel<\/strong><\/p>\n<\/div><\/div>\n<\/div><figure class=\"wp-block-media-text__media\"><a href=\"https:\/\/heimatverein-nieder-roden.de\/?page_id=7987\"><img decoding=\"async\" width=\"2560\" height=\"1920\" src=\"https:\/\/heimatverein-nieder-roden.de\/wp-content\/uploads\/2024\/06\/2024-06-24_AKHNR_Vortrag-NR-Geldzeichen_Foto-Kerb-Geld_ASP-scaled.jpg\" alt=\"\" class=\"wp-image-6915 size-full\" srcset=\"https:\/\/heimatverein-nieder-roden.de\/wp-content\/uploads\/2024\/06\/2024-06-24_AKHNR_Vortrag-NR-Geldzeichen_Foto-Kerb-Geld_ASP-scaled.jpg 2560w, https:\/\/heimatverein-nieder-roden.de\/wp-content\/uploads\/2024\/06\/2024-06-24_AKHNR_Vortrag-NR-Geldzeichen_Foto-Kerb-Geld_ASP-300x225.jpg 300w, https:\/\/heimatverein-nieder-roden.de\/wp-content\/uploads\/2024\/06\/2024-06-24_AKHNR_Vortrag-NR-Geldzeichen_Foto-Kerb-Geld_ASP-1024x768.jpg 1024w, https:\/\/heimatverein-nieder-roden.de\/wp-content\/uploads\/2024\/06\/2024-06-24_AKHNR_Vortrag-NR-Geldzeichen_Foto-Kerb-Geld_ASP-768x576.jpg 768w, https:\/\/heimatverein-nieder-roden.de\/wp-content\/uploads\/2024\/06\/2024-06-24_AKHNR_Vortrag-NR-Geldzeichen_Foto-Kerb-Geld_ASP-1536x1152.jpg 1536w, https:\/\/heimatverein-nieder-roden.de\/wp-content\/uploads\/2024\/06\/2024-06-24_AKHNR_Vortrag-NR-Geldzeichen_Foto-Kerb-Geld_ASP-2048x1536.jpg 2048w, https:\/\/heimatverein-nieder-roden.de\/wp-content\/uploads\/2024\/06\/2024-06-24_AKHNR_Vortrag-NR-Geldzeichen_Foto-Kerb-Geld_ASP-836x627.jpg 836w, https:\/\/heimatverein-nieder-roden.de\/wp-content\/uploads\/2024\/06\/2024-06-24_AKHNR_Vortrag-NR-Geldzeichen_Foto-Kerb-Geld_ASP-560x420.jpg 560w\" sizes=\"(max-width: 2560px) 100vw, 2560px\" \/><\/a><\/figure><\/div>\n<\/div>\n<\/div>\n\n\n\n<hr class=\"wp-block-separator has-alpha-channel-opacity\"\/>\n\n\nSeite 0 mal aufgerufen in den letzten 365 Tagen.\n\n\n\n<hr class=\"wp-block-separator has-alpha-channel-opacity is-style-wide\"\/>\n\n\n\n<h2 class=\"wp-block-heading\">Meldungen zum Thema<\/h2>\n\n\n<div class=\"display-posts-listing grid\"><div class=\"listing-item\"><a class=\"image\" href=\"https:\/\/heimatverein-nieder-roden.de\/?p=8646\"><img decoding=\"async\" width=\"300\" height=\"172\" src=\"https:\/\/heimatverein-nieder-roden.de\/wp-content\/uploads\/2026\/04\/rodgau-meile_2015_wertgutschein-300x172.png\" class=\"attachment-medium size-medium wp-post-image\" alt=\"\" srcset=\"https:\/\/heimatverein-nieder-roden.de\/wp-content\/uploads\/2026\/04\/rodgau-meile_2015_wertgutschein-300x172.png 300w, https:\/\/heimatverein-nieder-roden.de\/wp-content\/uploads\/2026\/04\/rodgau-meile_2015_wertgutschein-768x441.png 768w, https:\/\/heimatverein-nieder-roden.de\/wp-content\/uploads\/2026\/04\/rodgau-meile_2015_wertgutschein-560x321.png 560w, https:\/\/heimatverein-nieder-roden.de\/wp-content\/uploads\/2026\/04\/rodgau-meile_2015_wertgutschein.png 819w\" sizes=\"(max-width: 300px) 100vw, 300px\" \/><\/a> <a class=\"title\" href=\"https:\/\/heimatverein-nieder-roden.de\/?p=8646\">Katalog Geldersatzmittel &#8211; Neue Version 0.3 online<\/a> <span class=\"excerpt-dash\">-<\/span> <span class=\"excerpt\">Mit diesem Katalog m\u00f6chten wir erstmals einen \u00dcberblick \u00fcber die Geldersatzmittel Rodgaus schaffen. Nachdem wir neue Zug\u00e4nge erhalten haben, k\u00f6nnen wir eine neue Version online stellen. Sie finden den Katalog in der Version 0.3 auf der Projektseite der &#8222;Schaffkibbe Numismatik&#8220;:<\/span><\/div><div class=\"listing-item\"><a class=\"image\" href=\"https:\/\/heimatverein-nieder-roden.de\/?p=7324\"><img decoding=\"async\" width=\"300\" height=\"225\" src=\"https:\/\/heimatverein-nieder-roden.de\/wp-content\/uploads\/2024\/06\/2024-06-24_AKHNR_Vortrag-NR-Geldzeichen_Foto-Kerb-Geld_ASP-300x225.jpg\" class=\"attachment-medium size-medium wp-post-image\" alt=\"\" srcset=\"https:\/\/heimatverein-nieder-roden.de\/wp-content\/uploads\/2024\/06\/2024-06-24_AKHNR_Vortrag-NR-Geldzeichen_Foto-Kerb-Geld_ASP-300x225.jpg 300w, https:\/\/heimatverein-nieder-roden.de\/wp-content\/uploads\/2024\/06\/2024-06-24_AKHNR_Vortrag-NR-Geldzeichen_Foto-Kerb-Geld_ASP-1024x768.jpg 1024w, https:\/\/heimatverein-nieder-roden.de\/wp-content\/uploads\/2024\/06\/2024-06-24_AKHNR_Vortrag-NR-Geldzeichen_Foto-Kerb-Geld_ASP-768x576.jpg 768w, https:\/\/heimatverein-nieder-roden.de\/wp-content\/uploads\/2024\/06\/2024-06-24_AKHNR_Vortrag-NR-Geldzeichen_Foto-Kerb-Geld_ASP-1536x1152.jpg 1536w, https:\/\/heimatverein-nieder-roden.de\/wp-content\/uploads\/2024\/06\/2024-06-24_AKHNR_Vortrag-NR-Geldzeichen_Foto-Kerb-Geld_ASP-2048x1536.jpg 2048w, https:\/\/heimatverein-nieder-roden.de\/wp-content\/uploads\/2024\/06\/2024-06-24_AKHNR_Vortrag-NR-Geldzeichen_Foto-Kerb-Geld_ASP-836x627.jpg 836w, https:\/\/heimatverein-nieder-roden.de\/wp-content\/uploads\/2024\/06\/2024-06-24_AKHNR_Vortrag-NR-Geldzeichen_Foto-Kerb-Geld_ASP-560x420.jpg 560w\" sizes=\"(max-width: 300px) 100vw, 300px\" \/><\/a> <a class=\"title\" href=\"https:\/\/heimatverein-nieder-roden.de\/?p=7324\">Neuflage des Vortrags: Geldzeichen aus Rodgau? &#8211; mit neuen Erkentnissen und Informationen<\/a> <span class=\"excerpt-dash\">-<\/span> <span class=\"excerpt\">Wollten Sie schon immer mal wissen, welche Geldzeichen es in Nieder-Roden gab? \nAndreas Spott (Schatzmeister des AKHR) pr\u00e4sentiert die Neuauflage seines Vortrags aus dem Juni 2024 - erg\u00e4nzt um neue Erkentnisse und Informationen!<\/span><\/div><div class=\"listing-item\"><a class=\"image\" href=\"https:\/\/heimatverein-nieder-roden.de\/?p=6966\"><img decoding=\"async\" width=\"300\" height=\"43\" src=\"https:\/\/heimatverein-nieder-roden.de\/wp-content\/uploads\/2019\/06\/Offenbach-Post_Titel_Symbolbild-300x43.png\" class=\"attachment-medium size-medium wp-post-image\" alt=\"\" srcset=\"https:\/\/heimatverein-nieder-roden.de\/wp-content\/uploads\/2019\/06\/Offenbach-Post_Titel_Symbolbild-300x43.png 300w, https:\/\/heimatverein-nieder-roden.de\/wp-content\/uploads\/2019\/06\/Offenbach-Post_Titel_Symbolbild-768x111.png 768w, https:\/\/heimatverein-nieder-roden.de\/wp-content\/uploads\/2019\/06\/Offenbach-Post_Titel_Symbolbild-1024x148.png 1024w\" sizes=\"(max-width: 300px) 100vw, 300px\" \/><\/a> <a class=\"title\" href=\"https:\/\/heimatverein-nieder-roden.de\/?p=6966\">&#8222;Ex-Banker sammelt Geld-Ersatz aus Rodgau&#8220;<\/a> <span class=\"excerpt-dash\">-<\/span> <span class=\"excerpt\">Artikel der Offenbach-Post auf OP-Online.de vom 04.07.2024. \nWir bedanken uns herzlich f\u00fcr die Berichterstattung der Presse!<\/span><\/div><div class=\"listing-item\"><a class=\"image\" href=\"https:\/\/heimatverein-nieder-roden.de\/?p=6913\"><img decoding=\"async\" width=\"300\" height=\"225\" src=\"https:\/\/heimatverein-nieder-roden.de\/wp-content\/uploads\/2024\/06\/2024-06-24_AKHNR_Vortrag-NR-Geldzeichen_Foto-Kerb-Geld_ASP-300x225.jpg\" class=\"attachment-medium size-medium wp-post-image\" alt=\"\" srcset=\"https:\/\/heimatverein-nieder-roden.de\/wp-content\/uploads\/2024\/06\/2024-06-24_AKHNR_Vortrag-NR-Geldzeichen_Foto-Kerb-Geld_ASP-300x225.jpg 300w, https:\/\/heimatverein-nieder-roden.de\/wp-content\/uploads\/2024\/06\/2024-06-24_AKHNR_Vortrag-NR-Geldzeichen_Foto-Kerb-Geld_ASP-1024x768.jpg 1024w, https:\/\/heimatverein-nieder-roden.de\/wp-content\/uploads\/2024\/06\/2024-06-24_AKHNR_Vortrag-NR-Geldzeichen_Foto-Kerb-Geld_ASP-768x576.jpg 768w, https:\/\/heimatverein-nieder-roden.de\/wp-content\/uploads\/2024\/06\/2024-06-24_AKHNR_Vortrag-NR-Geldzeichen_Foto-Kerb-Geld_ASP-1536x1152.jpg 1536w, https:\/\/heimatverein-nieder-roden.de\/wp-content\/uploads\/2024\/06\/2024-06-24_AKHNR_Vortrag-NR-Geldzeichen_Foto-Kerb-Geld_ASP-2048x1536.jpg 2048w, https:\/\/heimatverein-nieder-roden.de\/wp-content\/uploads\/2024\/06\/2024-06-24_AKHNR_Vortrag-NR-Geldzeichen_Foto-Kerb-Geld_ASP-836x627.jpg 836w, https:\/\/heimatverein-nieder-roden.de\/wp-content\/uploads\/2024\/06\/2024-06-24_AKHNR_Vortrag-NR-Geldzeichen_Foto-Kerb-Geld_ASP-560x420.jpg 560w\" sizes=\"(max-width: 300px) 100vw, 300px\" \/><\/a> <a class=\"title\" href=\"https:\/\/heimatverein-nieder-roden.de\/?p=6913\">Geldzeichen aus Rodgau? &#8211; Numismatischer Vortrag im Heimatmuseum Nieder-Roden<\/a> <span class=\"excerpt-dash\">-<\/span> <span class=\"excerpt\">Wollten Sie schon immer mal wissen, welche Geldzeichen es in Nieder-Roden gab? \nAndreas Spott (Schatzmeister des AKHR) pr\u00e4sentiert erste Forschungsergebnisse in einem kleinen Vortrag.<\/span><\/div><div class=\"listing-item\"><a class=\"image\" href=\"https:\/\/heimatverein-nieder-roden.de\/?p=1593\"><img decoding=\"async\" width=\"300\" height=\"170\" src=\"https:\/\/heimatverein-nieder-roden.de\/wp-content\/uploads\/2019\/10\/2019-10-02_AKHNR_\u00d6ffnung-2019-10_Vortrag-ASP_Titelbild_Ausschn-f\u00fcr-Webs1-300x170.png\" class=\"attachment-medium size-medium wp-post-image\" alt=\"\" srcset=\"https:\/\/heimatverein-nieder-roden.de\/wp-content\/uploads\/2019\/10\/2019-10-02_AKHNR_\u00d6ffnung-2019-10_Vortrag-ASP_Titelbild_Ausschn-f\u00fcr-Webs1-300x170.png 300w, https:\/\/heimatverein-nieder-roden.de\/wp-content\/uploads\/2019\/10\/2019-10-02_AKHNR_\u00d6ffnung-2019-10_Vortrag-ASP_Titelbild_Ausschn-f\u00fcr-Webs1-560x317.png 560w, https:\/\/heimatverein-nieder-roden.de\/wp-content\/uploads\/2019\/10\/2019-10-02_AKHNR_\u00d6ffnung-2019-10_Vortrag-ASP_Titelbild_Ausschn-f\u00fcr-Webs1.png 580w\" sizes=\"(max-width: 300px) 100vw, 300px\" \/><\/a> <a class=\"title\" href=\"https:\/\/heimatverein-nieder-roden.de\/?p=1593\">N\u00e4chste Museums\u00f6ffnung am 20. Oktober 2019 &#8211; mit Vortrag: &#8222;Luther in Nummis &#8211; eine numismatische Spurensuche&#8220;<\/a> <span class=\"excerpt-dash\">-<\/span> <span class=\"excerpt\">Am Sonntag, den 20. Oktober 2019, \u00f6ffnet das Heimatmuseum in Nieder-Roden wieder seine Tore von 14 bis 18 Uhr. \nAls besonderes Event gibt es einen Vortrag zur M\u00fcnzgeschichte!<\/span><\/div><div class=\"listing-item\"><a class=\"image\" href=\"https:\/\/heimatverein-nieder-roden.de\/?p=1692\"><img decoding=\"async\" width=\"300\" height=\"43\" src=\"https:\/\/heimatverein-nieder-roden.de\/wp-content\/uploads\/2019\/06\/Offenbach-Post_Titel_Symbolbild-300x43.png\" class=\"attachment-medium size-medium wp-post-image\" alt=\"\" srcset=\"https:\/\/heimatverein-nieder-roden.de\/wp-content\/uploads\/2019\/06\/Offenbach-Post_Titel_Symbolbild-300x43.png 300w, https:\/\/heimatverein-nieder-roden.de\/wp-content\/uploads\/2019\/06\/Offenbach-Post_Titel_Symbolbild-768x111.png 768w, https:\/\/heimatverein-nieder-roden.de\/wp-content\/uploads\/2019\/06\/Offenbach-Post_Titel_Symbolbild-1024x148.png 1024w\" sizes=\"(max-width: 300px) 100vw, 300px\" \/><\/a> <a class=\"title\" href=\"https:\/\/heimatverein-nieder-roden.de\/?p=1692\">&#8222;Numismatische Spurensuche im Heimatmuseum&#8220;<\/a> <span class=\"excerpt-dash\">-<\/span> <span class=\"excerpt\">Artikel der Offenbach-Post auf OP-Online.de vom 18.10.2019. Wir bedanken uns herzlich f\u00fcr die Berichterstattung der Presse! Klicken Sie auf das Bild und sie gelangen direkt zum Artikel! Mit freundlicher Genehmigung der Offenbach-Post!<\/span><\/div><\/div>\n","protected":false},"excerpt":{"rendered":"<p>Die Schaffkibbe Numismatik ist eine Arbeitsgruppe von Heimat- und Geschichtsinteressierten, die sich mit Geld in all seinen Facetten besch\u00e4ftigt \u2013 von historischen M\u00fcnzen bis zu Gutscheinen, Wertmarken und Medaillen aus Rodgau. Unser Ziel ist es, die oft vergessenen oder wenig beachteten Zeugnisse der regionalen Geldgeschichte zu dokumentieren und zu erforschen. Mit dem Vortrag unseres Schatzmeisters &hellip; <\/p>\n<p><a class=\"more-link btn\" href=\"https:\/\/heimatverein-nieder-roden.de\/?p=1692\">Weiterlesen<\/a><\/p>\n","protected":false},"author":1,"featured_media":7989,"parent":1023,"menu_order":0,"comment_status":"closed","ping_status":"closed","template":"","meta":{"_coblocks_attr":"","_coblocks_dimensions":"","_coblocks_responsive_height":"","_coblocks_accordion_ie_support":"","footnotes":""},"class_list":["post-6969","page","type-page","status-publish","has-post-thumbnail","hentry","nodate"],"publishpress_future_action":{"enabled":false,"date":"2026-05-07 16:20:16","action":"change-status","newStatus":"draft","terms":[],"taxonomy":"","extraData":[]},"publishpress_future_workflow_manual_trigger":{"enabledWorkflows":[]},"_links":{"self":[{"href":"https:\/\/heimatverein-nieder-roden.de\/index.php?rest_route=\/wp\/v2\/pages\/6969","targetHints":{"allow":["GET"]}}],"collection":[{"href":"https:\/\/heimatverein-nieder-roden.de\/index.php?rest_route=\/wp\/v2\/pages"}],"about":[{"href":"https:\/\/heimatverein-nieder-roden.de\/index.php?rest_route=\/wp\/v2\/types\/page"}],"author":[{"embeddable":true,"href":"https:\/\/heimatverein-nieder-roden.de\/index.php?rest_route=\/wp\/v2\/users\/1"}],"replies":[{"embeddable":true,"href":"https:\/\/heimatverein-nieder-roden.de\/index.php?rest_route=%2Fwp%2Fv2%2Fcomments&post=6969"}],"version-history":[{"count":18,"href":"https:\/\/heimatverein-nieder-roden.de\/index.php?rest_route=\/wp\/v2\/pages\/6969\/revisions"}],"predecessor-version":[{"id":8016,"href":"https:\/\/heimatverein-nieder-roden.de\/index.php?rest_route=\/wp\/v2\/pages\/6969\/revisions\/8016"}],"up":[{"embeddable":true,"href":"https:\/\/heimatverein-nieder-roden.de\/index.php?rest_route=\/wp\/v2\/pages\/1023"}],"wp:featuredmedia":[{"embeddable":true,"href":"https:\/\/heimatverein-nieder-roden.de\/index.php?rest_route=\/wp\/v2\/media\/7989"}],"wp:attachment":[{"href":"https:\/\/heimatverein-nieder-roden.de\/index.php?rest_route=%2Fwp%2Fv2%2Fmedia&parent=6969"}],"curies":[{"name":"wp","href":"https:\/\/api.w.org\/{rel}","templated":true}]}}