{"id":6668,"date":"2024-05-16T19:34:53","date_gmt":"2024-05-16T17:34:53","guid":{"rendered":"https:\/\/heimatverein-nieder-roden.de\/?page_id=6668"},"modified":"2024-07-13T00:38:52","modified_gmt":"2024-07-12T22:38:52","slug":"wochenplan","status":"publish","type":"page","link":"https:\/\/heimatverein-nieder-roden.de\/?page_id=6668","title":{"rendered":"Wochenplan"},"content":{"rendered":"\n<p>Was ist w\u00e4hrend der Woche in Nieder-Roden los?<br>Hier f\u00fchren wir Termine auf, die w\u00f6chentlich, monatlich oder in einem anderen Rythmus regelm\u00e4\u00dfig stattfinden (z. B. jeden 2. und 4. Dienstag im Monat). <br>Aufgrund ihrer Regelm\u00e4\u00dfigkeit tauchen diese Termine nicht im Jahreskalender und in unseren anderen Online-Kalendern auf.<\/p>\n\n\n\n<p class=\"has-text-align-center is-style-warning\"><strong>Achtung! Dieser Plan befindet sich im Aufbau<\/strong>.<br>Auch hier k\u00f6nnen wir keine Gew\u00e4hr \u00fcbernehmen! Informieren Sie sich zur Sicherheit immer auch bei den Veranstaltern.<\/p>\n\n\n<div class=\"r34ics-ajax-container loading\" id=\"r69df3dd90c5365e\" data-view=\"week\" data-view-is-list-style=\"0\" data-view-is-list-long=\"0\" data-args=\"9ba4f07fc2e28e12677432f24e31dbe7f0b89446\" data-js-args=\"{&quot;debug&quot;:&quot;0&quot;}\">&nbsp;<\/div>\n","protected":false},"excerpt":{"rendered":"<p>Was ist w\u00e4hrend der Woche in Nieder-Roden los?Hier f\u00fchren wir Termine auf, die w\u00f6chentlich, monatlich oder in einem anderen Rythmus regelm\u00e4\u00dfig stattfinden (z. B. jeden 2. und 4. Dienstag im Monat). Aufgrund ihrer Regelm\u00e4\u00dfigkeit tauchen diese Termine nicht im Jahreskalender und in unseren anderen Online-Kalendern auf. Achtung! Dieser Plan befindet sich im Aufbau.Auch hier k\u00f6nnen &hellip; <\/p>\n<p><a class=\"more-link btn\" href=\"https:\/\/heimatverein-nieder-roden.de\/?page_id=6668\">Weiterlesen<\/a><\/p>\n","protected":false},"author":1,"featured_media":6978,"parent":23,"menu_order":0,"comment_status":"closed","ping_status":"closed","template":"template-onecolumn.php","meta":{"_coblocks_attr":"","_coblocks_dimensions":"","_coblocks_responsive_height":"","_coblocks_accordion_ie_support":"","footnotes":""},"class_list":["post-6668","page","type-page","status-publish","has-post-thumbnail","hentry","nodate"],"publishpress_future_action":{"enabled":false,"date":"2026-04-22 09:27:21","action":"change-status","newStatus":"draft","terms":[],"taxonomy":"","extraData":[]},"publishpress_future_workflow_manual_trigger":{"enabledWorkflows":[]},"_links":{"self":[{"href":"https:\/\/heimatverein-nieder-roden.de\/index.php?rest_route=\/wp\/v2\/pages\/6668","targetHints":{"allow":["GET"]}}],"collection":[{"href":"https:\/\/heimatverein-nieder-roden.de\/index.php?rest_route=\/wp\/v2\/pages"}],"about":[{"href":"https:\/\/heimatverein-nieder-roden.de\/index.php?rest_route=\/wp\/v2\/types\/page"}],"author":[{"embeddable":true,"href":"https:\/\/heimatverein-nieder-roden.de\/index.php?rest_route=\/wp\/v2\/users\/1"}],"replies":[{"embeddable":true,"href":"https:\/\/heimatverein-nieder-roden.de\/index.php?rest_route=%2Fwp%2Fv2%2Fcomments&post=6668"}],"version-history":[{"count":6,"href":"https:\/\/heimatverein-nieder-roden.de\/index.php?rest_route=\/wp\/v2\/pages\/6668\/revisions"}],"predecessor-version":[{"id":7029,"href":"https:\/\/heimatverein-nieder-roden.de\/index.php?rest_route=\/wp\/v2\/pages\/6668\/revisions\/7029"}],"up":[{"embeddable":true,"href":"https:\/\/heimatverein-nieder-roden.de\/index.php?rest_route=\/wp\/v2\/pages\/23"}],"wp:featuredmedia":[{"embeddable":true,"href":"https:\/\/heimatverein-nieder-roden.de\/index.php?rest_route=\/wp\/v2\/media\/6978"}],"wp:attachment":[{"href":"https:\/\/heimatverein-nieder-roden.de\/index.php?rest_route=%2Fwp%2Fv2%2Fmedia&parent=6668"}],"curies":[{"name":"wp","href":"https:\/\/api.w.org\/{rel}","templated":true}]}}