{"id":476,"date":"2019-02-12T23:44:05","date_gmt":"2019-02-12T22:44:05","guid":{"rendered":"http:\/\/heimatverein-nieder-roden.de\/?page_id=476"},"modified":"2024-01-19T11:24:17","modified_gmt":"2024-01-19T10:24:17","slug":"museumsoeffnung-zum-martinsumzug","status":"publish","type":"page","link":"https:\/\/heimatverein-nieder-roden.de\/?page_id=476","title":{"rendered":"Museums\u00f6ffnung zum Martinsumzug"},"content":{"rendered":"\n\n<div class=\"wp-block-image\">\n<figure class=\"aligncenter is-resized\"><img decoding=\"async\" width=\"1024\" height=\"804\" src=\"https:\/\/heimatverein-nieder-roden.de\/wp-content\/uploads\/2019\/10\/Sankt-Martin_Nieder-Roden-1024x804.jpg\" alt=\"\" class=\"wp-image-1795\" style=\"aspect-ratio:1.273927392739274;width:498px;height:auto\" srcset=\"https:\/\/heimatverein-nieder-roden.de\/wp-content\/uploads\/2019\/10\/Sankt-Martin_Nieder-Roden-1024x804.jpg 1024w, https:\/\/heimatverein-nieder-roden.de\/wp-content\/uploads\/2019\/10\/Sankt-Martin_Nieder-Roden-300x235.jpg 300w, https:\/\/heimatverein-nieder-roden.de\/wp-content\/uploads\/2019\/10\/Sankt-Martin_Nieder-Roden-768x603.jpg 768w, https:\/\/heimatverein-nieder-roden.de\/wp-content\/uploads\/2019\/10\/Sankt-Martin_Nieder-Roden-560x439.jpg 560w\" sizes=\"(max-width: 1024px) 100vw, 1024px\" \/><figcaption class=\"wp-element-caption\">Sankt Martin hoch zu Ross in Nieder-Roden. Archivaufnahme \u00a9AKHNR\/Fam. Keller<\/figcaption><\/figure>\n<\/div>\n\n\n<p>Am 11. November, dem Festtag zu Ehren des Heiligen Martin, findet auch in Nieder-Roden in der Regel der traditionellen Martinsumzug statt.  <\/p>\n\n\n\n<p>In den vergangenen Jahren haben verschiedene Teilnehmer und Organisatoren zusammengearbeitet um dies zu erm\u00f6glichen. So hat beispielsweise \u00fcber lange Zeit die Pfarrjugend der Katholischen Pfarrgemeinde St. Matthias die F\u00fchrung \u00fcbernommen. Corona hatte auch dem Umzug eine Pause verordnet, aber mittlerweile zieht der Zug wieder durch den Ort. <\/p>\n\n\n\n<p>Im Jahr 2023 hatte der neu aufgestellte Umzug den neuen Martinsmarkt auf dem Puiseauxplatz zum Ziel. Begonnen wurde mit einer Andacht in der St. Matthias Kirche im Altort. Dann liefen die vielen Teilnehmer, darunter zahlreiche Kinder der Nieder-R\u00f6der Kinderg\u00e4rten mit ihren Familien, dem Jugendorchester des Musikvereins Nieder-Roden und nat\u00fcrlich Sankt Martin auf seinem Pferd, hin\u00fcber in den neuen Ortsteil &#8222;\u00fcber de Bahn&#8220;. Ma\u00dfgeblich unterst\u00fctzt wurden sowohl der Umzug, als auch der Martinsmarkt von Rodgau Erleben e. V.<\/p>\n\n\n\n<p>Auch f\u00fcr 2024 ist geplant, dies in \u00e4hnlicher Weise zu wiederholen.<\/p>\n\n\n\n<h3 class=\"wp-block-heading\">Was macht der AKHNR?<\/h3>\n\n\n\n<p>Fr\u00fcher endete der Martinszug auf dem Kirchplatz zwischen Heimatmuseum und Kirche. Zu diesem Anlass \u00f6ffnete auch das Heimatmuseum nach M\u00f6glichkeit seine Pforten und bot w\u00e4rmende R\u00e4ume f\u00fcr diejenigen, die nicht mitgehen konnten oder sich im Vorfeld\/im Anschluss aufw\u00e4rmen und st\u00e4rken wollten. Die Frierenden konnten die sch\u00f6ne Dekoration des besinnlich geschm\u00fcckten Museums genie\u00dfen. <\/p>\n\n\n\n<p>Da der Umzug nun nicht mehr am Kirchplatz endet, lohnt es sich auch nicht das Museum zu \u00f6ffnen. Wir wollen au\u00dferdem den Zug und den Martinsmarkt unterst\u00fctzen und somit auch keine Konkurrenz-Veranstaltung durchf\u00fchren.<\/p>\n\n\n\n<p>Wir werden uns daher auf die  Beleuchtung des Museums beschr\u00e4nken und w\u00fcnschen allen Beteiligten viel Freude!<\/p>\n\n\n\n<hr class=\"wp-block-separator has-css-opacity\"\/>\n\n\nSeite 0 mal aufgerufen in den letzten 365 Tagen.\n\n\n\n<hr class=\"wp-block-separator has-css-opacity is-style-wide\"\/>\n\n\n\n<h3 class=\"wp-block-heading\" id=\"meldungen-zum-thema\">Meldungen zum Thema<\/h3>\n\n\n<div class=\"display-posts-listing grid\"><div class=\"listing-item\"><a class=\"image\" href=\"https:\/\/heimatverein-nieder-roden.de\/?p=7671\"><img decoding=\"async\" width=\"300\" height=\"212\" src=\"https:\/\/heimatverein-nieder-roden.de\/wp-content\/uploads\/2024\/11\/AKHNR_Martinsumzug-2024_Verlaufskarte_v1.0-2024-08-23_Web-300x212.jpg\" class=\"attachment-medium size-medium wp-post-image\" alt=\"\" srcset=\"https:\/\/heimatverein-nieder-roden.de\/wp-content\/uploads\/2024\/11\/AKHNR_Martinsumzug-2024_Verlaufskarte_v1.0-2024-08-23_Web-300x212.jpg 300w, https:\/\/heimatverein-nieder-roden.de\/wp-content\/uploads\/2024\/11\/AKHNR_Martinsumzug-2024_Verlaufskarte_v1.0-2024-08-23_Web-1024x725.jpg 1024w, https:\/\/heimatverein-nieder-roden.de\/wp-content\/uploads\/2024\/11\/AKHNR_Martinsumzug-2024_Verlaufskarte_v1.0-2024-08-23_Web-768x543.jpg 768w, https:\/\/heimatverein-nieder-roden.de\/wp-content\/uploads\/2024\/11\/AKHNR_Martinsumzug-2024_Verlaufskarte_v1.0-2024-08-23_Web-1536x1087.jpg 1536w, https:\/\/heimatverein-nieder-roden.de\/wp-content\/uploads\/2024\/11\/AKHNR_Martinsumzug-2024_Verlaufskarte_v1.0-2024-08-23_Web-836x592.jpg 836w, https:\/\/heimatverein-nieder-roden.de\/wp-content\/uploads\/2024\/11\/AKHNR_Martinsumzug-2024_Verlaufskarte_v1.0-2024-08-23_Web-560x396.jpg 560w, https:\/\/heimatverein-nieder-roden.de\/wp-content\/uploads\/2024\/11\/AKHNR_Martinsumzug-2024_Verlaufskarte_v1.0-2024-08-23_Web.jpg 1587w\" sizes=\"(max-width: 300px) 100vw, 300px\" \/><\/a> <a class=\"title\" href=\"https:\/\/heimatverein-nieder-roden.de\/?p=7671\">Martinsumzug in Nieder-Roden<\/a> <span class=\"excerpt-dash\">-<\/span> <span class=\"excerpt\">Anl\u00e4sslich des Festtages des Heiligen St. Martins zeigt der Laternenumzug durch den Ort zum Martinsmarkt. Vorher treffen sich die Teilnehmer des Zuges zur Martinsandacht um 17:00 Uhr in der katholischen Kirche St. Matthias Nieder-Roden. In Nieder-Roden l\u00e4uft der Martinsumzug am 9. November direkt im Anschluss der Andacht um ca. 17:30 bis ca. 18:15 Uhr von &hellip; <\/p><p><a class=\"more-link btn\" href=\"https:\/\/heimatverein-nieder-roden.de\/?p=7671\">Weiterlesen<\/a><\/span><\/div><div class=\"listing-item\"><a class=\"image\" href=\"https:\/\/heimatverein-nieder-roden.de\/?p=7646\"><img decoding=\"async\" width=\"300\" height=\"92\" src=\"https:\/\/heimatverein-nieder-roden.de\/wp-content\/uploads\/2024\/11\/2024-11-09_Martinsmarkt-2024_Slider_Var-Verlauf-schwarz_v1.0-300x92.jpg\" class=\"attachment-medium size-medium wp-post-image\" alt=\"\" srcset=\"https:\/\/heimatverein-nieder-roden.de\/wp-content\/uploads\/2024\/11\/2024-11-09_Martinsmarkt-2024_Slider_Var-Verlauf-schwarz_v1.0-300x92.jpg 300w, https:\/\/heimatverein-nieder-roden.de\/wp-content\/uploads\/2024\/11\/2024-11-09_Martinsmarkt-2024_Slider_Var-Verlauf-schwarz_v1.0-768x236.jpg 768w, https:\/\/heimatverein-nieder-roden.de\/wp-content\/uploads\/2024\/11\/2024-11-09_Martinsmarkt-2024_Slider_Var-Verlauf-schwarz_v1.0-836x257.jpg 836w, https:\/\/heimatverein-nieder-roden.de\/wp-content\/uploads\/2024\/11\/2024-11-09_Martinsmarkt-2024_Slider_Var-Verlauf-schwarz_v1.0-560x172.jpg 560w, https:\/\/heimatverein-nieder-roden.de\/wp-content\/uploads\/2024\/11\/2024-11-09_Martinsmarkt-2024_Slider_Var-Verlauf-schwarz_v1.0.jpg 983w\" sizes=\"(max-width: 300px) 100vw, 300px\" \/><\/a> <a class=\"title\" href=\"https:\/\/heimatverein-nieder-roden.de\/?p=7646\">2. Rodgauer Martinsmarkt &#8211; 9.\/10. November 2024 in Nieder-Roden<\/a> <span class=\"excerpt-dash\">-<\/span> <span class=\"excerpt\">Zum zweiten Mal findet der Martinsmarkt in Nieder-Roden statt. Das einzigartige Event verbindet Tradition, Lichter und geselliges Miteinander in einer gro\u00dfartigen Atmosph\u00e4re. Vers\u00e4umen Sie auch nicht den Laternenumzug am 9. November um 17.30 Uhr, der auf dem Puiseauxplatz endet.<\/span><\/div><div class=\"listing-item\"><a class=\"image\" href=\"https:\/\/heimatverein-nieder-roden.de\/?p=7666\"><img decoding=\"async\" width=\"300\" height=\"55\" src=\"https:\/\/heimatverein-nieder-roden.de\/wp-content\/uploads\/2019\/06\/Rodgau-Zeitung_Titel_Symbolbild-300x55.png\" class=\"attachment-medium size-medium wp-post-image\" alt=\"\" srcset=\"https:\/\/heimatverein-nieder-roden.de\/wp-content\/uploads\/2019\/06\/Rodgau-Zeitung_Titel_Symbolbild-300x55.png 300w, https:\/\/heimatverein-nieder-roden.de\/wp-content\/uploads\/2019\/06\/Rodgau-Zeitung_Titel_Symbolbild-768x142.png 768w, https:\/\/heimatverein-nieder-roden.de\/wp-content\/uploads\/2019\/06\/Rodgau-Zeitung_Titel_Symbolbild-1024x189.png 1024w\" sizes=\"(max-width: 300px) 100vw, 300px\" \/><\/a> <a class=\"title\" href=\"https:\/\/heimatverein-nieder-roden.de\/?p=7666\">&#8222;Laternenumz\u00fcge in Rodgau&#8220;<\/a> <span class=\"excerpt-dash\">-<\/span> <span class=\"excerpt\">Artikel in der Rodgau-Zeitung vom 01.11.2024.\nWir bedanken uns herzlich f\u00fcr die Berichterstattung der Presse!<\/span><\/div><div class=\"listing-item\"><a class=\"image\" href=\"https:\/\/heimatverein-nieder-roden.de\/?p=6146\"><img decoding=\"async\" width=\"211\" height=\"300\" src=\"https:\/\/heimatverein-nieder-roden.de\/wp-content\/uploads\/2023\/10\/grafik-211x300.png\" class=\"attachment-medium size-medium wp-post-image\" alt=\"\" srcset=\"https:\/\/heimatverein-nieder-roden.de\/wp-content\/uploads\/2023\/10\/grafik-211x300.png 211w, https:\/\/heimatverein-nieder-roden.de\/wp-content\/uploads\/2023\/10\/grafik-721x1024.png 721w, https:\/\/heimatverein-nieder-roden.de\/wp-content\/uploads\/2023\/10\/grafik-768x1090.png 768w, https:\/\/heimatverein-nieder-roden.de\/wp-content\/uploads\/2023\/10\/grafik-1082x1536.png 1082w, https:\/\/heimatverein-nieder-roden.de\/wp-content\/uploads\/2023\/10\/grafik-836x1187.png 836w, https:\/\/heimatverein-nieder-roden.de\/wp-content\/uploads\/2023\/10\/grafik-560x795.png 560w, https:\/\/heimatverein-nieder-roden.de\/wp-content\/uploads\/2023\/10\/grafik.png 1409w\" sizes=\"(max-width: 211px) 100vw, 211px\" \/><\/a> <a class=\"title\" href=\"https:\/\/heimatverein-nieder-roden.de\/?p=6146\">1. Rodgauer Martinsmarkt in Nieder-Roden<\/a> <span class=\"excerpt-dash\">-<\/span> <span class=\"excerpt\">Initiiert von Rodgau Erleben e. V. startet am 11. November 2023 eine neue Veranstaltung auf dem Puiseauxplatz.<\/span><\/div><div class=\"listing-item\"><a class=\"image\" href=\"https:\/\/heimatverein-nieder-roden.de\/?p=1843\"><img decoding=\"async\" width=\"300\" height=\"225\" src=\"https:\/\/heimatverein-nieder-roden.de\/wp-content\/uploads\/2019\/11\/2019-11-11_18-16-49_AKHNR_Martinstag-2019_MLE_003-300x225.jpeg\" class=\"attachment-medium size-medium wp-post-image\" alt=\"\" srcset=\"https:\/\/heimatverein-nieder-roden.de\/wp-content\/uploads\/2019\/11\/2019-11-11_18-16-49_AKHNR_Martinstag-2019_MLE_003-300x225.jpeg 300w, https:\/\/heimatverein-nieder-roden.de\/wp-content\/uploads\/2019\/11\/2019-11-11_18-16-49_AKHNR_Martinstag-2019_MLE_003-1024x768.jpeg 1024w, https:\/\/heimatverein-nieder-roden.de\/wp-content\/uploads\/2019\/11\/2019-11-11_18-16-49_AKHNR_Martinstag-2019_MLE_003-768x576.jpeg 768w, https:\/\/heimatverein-nieder-roden.de\/wp-content\/uploads\/2019\/11\/2019-11-11_18-16-49_AKHNR_Martinstag-2019_MLE_003-1536x1152.jpeg 1536w, https:\/\/heimatverein-nieder-roden.de\/wp-content\/uploads\/2019\/11\/2019-11-11_18-16-49_AKHNR_Martinstag-2019_MLE_003-2048x1536.jpeg 2048w, https:\/\/heimatverein-nieder-roden.de\/wp-content\/uploads\/2019\/11\/2019-11-11_18-16-49_AKHNR_Martinstag-2019_MLE_003-560x420.jpeg 560w\" sizes=\"(max-width: 300px) 100vw, 300px\" \/><\/a> <a class=\"title\" href=\"https:\/\/heimatverein-nieder-roden.de\/?p=1843\">Sankt Martin 2019 &#8211; Impressionen<\/a> <span class=\"excerpt-dash\">-<\/span> <span class=\"excerpt\">Die Museums\u00f6ffnung zum Martinsumzug war eine gelungene Aktion.\nVielen Dank an unsere Helferinnen und Helfer...<\/span><\/div><div class=\"listing-item\"><a class=\"image\" href=\"https:\/\/heimatverein-nieder-roden.de\/?p=1790\"><img decoding=\"async\" width=\"300\" height=\"132\" src=\"https:\/\/heimatverein-nieder-roden.de\/wp-content\/uploads\/2019\/10\/Sankt-Martin_Nieder-Roden_Slider-300x132.jpg\" class=\"attachment-medium size-medium wp-post-image\" alt=\"\" srcset=\"https:\/\/heimatverein-nieder-roden.de\/wp-content\/uploads\/2019\/10\/Sankt-Martin_Nieder-Roden_Slider-300x132.jpg 300w, https:\/\/heimatverein-nieder-roden.de\/wp-content\/uploads\/2019\/10\/Sankt-Martin_Nieder-Roden_Slider-768x337.jpg 768w, https:\/\/heimatverein-nieder-roden.de\/wp-content\/uploads\/2019\/10\/Sankt-Martin_Nieder-Roden_Slider-1024x450.jpg 1024w, https:\/\/heimatverein-nieder-roden.de\/wp-content\/uploads\/2019\/10\/Sankt-Martin_Nieder-Roden_Slider-560x246.jpg 560w\" sizes=\"(max-width: 300px) 100vw, 300px\" \/><\/a> <a class=\"title\" href=\"https:\/\/heimatverein-nieder-roden.de\/?p=1790\">Sankt Martin 2019<\/a> <span class=\"excerpt-dash\">-<\/span> <span class=\"excerpt\">Am Montag, den 11. November 2019, feiern wir im Nieder-R\u00f6der Altort den Martinstag.<\/span><\/div><div class=\"listing-item\"><a class=\"title\" href=\"https:\/\/heimatverein-nieder-roden.de\/?p=1789\">Sankt Martin 2018<\/a> <span class=\"excerpt-dash\">-<\/span> <span class=\"excerpt\">Am Sonntag, den 11. November 2018, feiern wir im Nieder-R\u00f6der Altort den Martinstag.<\/span><\/div><\/div>\n","protected":false},"excerpt":{"rendered":"<p>Am 11. November, dem Festtag zu Ehren des Heiligen Martin, findet auch in Nieder-Roden in der Regel der traditionellen Martinsumzug statt. In den vergangenen Jahren haben verschiedene Teilnehmer und Organisatoren zusammengearbeitet um dies zu erm\u00f6glichen. So hat beispielsweise \u00fcber lange Zeit die Pfarrjugend der Katholischen Pfarrgemeinde St. Matthias die F\u00fchrung \u00fcbernommen. Corona hatte auch dem &hellip; <\/p>\n<p><a class=\"more-link btn\" href=\"https:\/\/heimatverein-nieder-roden.de\/?p=1789\">Weiterlesen<\/a><\/p><p><a class=\"more-link btn\" href=\"https:\/\/heimatverein-nieder-roden.de\/?p=1789\">Weiterlesen<\/a><\/p>\n","protected":false},"author":1,"featured_media":1795,"parent":381,"menu_order":6,"comment_status":"closed","ping_status":"closed","template":"","meta":{"_coblocks_attr":"","_coblocks_dimensions":"","_coblocks_responsive_height":"","_coblocks_accordion_ie_support":"","footnotes":""},"class_list":["post-476","page","type-page","status-publish","has-post-thumbnail","hentry","nodate"],"publishpress_future_action":{"enabled":false,"date":"2026-05-09 14:13:04","action":"change-status","newStatus":"draft","terms":[],"taxonomy":"","extraData":[]},"publishpress_future_workflow_manual_trigger":{"enabledWorkflows":[]},"_links":{"self":[{"href":"https:\/\/heimatverein-nieder-roden.de\/index.php?rest_route=\/wp\/v2\/pages\/476","targetHints":{"allow":["GET"]}}],"collection":[{"href":"https:\/\/heimatverein-nieder-roden.de\/index.php?rest_route=\/wp\/v2\/pages"}],"about":[{"href":"https:\/\/heimatverein-nieder-roden.de\/index.php?rest_route=\/wp\/v2\/types\/page"}],"author":[{"embeddable":true,"href":"https:\/\/heimatverein-nieder-roden.de\/index.php?rest_route=\/wp\/v2\/users\/1"}],"replies":[{"embeddable":true,"href":"https:\/\/heimatverein-nieder-roden.de\/index.php?rest_route=%2Fwp%2Fv2%2Fcomments&post=476"}],"version-history":[{"count":25,"href":"https:\/\/heimatverein-nieder-roden.de\/index.php?rest_route=\/wp\/v2\/pages\/476\/revisions"}],"predecessor-version":[{"id":6430,"href":"https:\/\/heimatverein-nieder-roden.de\/index.php?rest_route=\/wp\/v2\/pages\/476\/revisions\/6430"}],"up":[{"embeddable":true,"href":"https:\/\/heimatverein-nieder-roden.de\/index.php?rest_route=\/wp\/v2\/pages\/381"}],"wp:featuredmedia":[{"embeddable":true,"href":"https:\/\/heimatverein-nieder-roden.de\/index.php?rest_route=\/wp\/v2\/media\/1795"}],"wp:attachment":[{"href":"https:\/\/heimatverein-nieder-roden.de\/index.php?rest_route=%2Fwp%2Fv2%2Fmedia&parent=476"}],"curies":[{"name":"wp","href":"https:\/\/api.w.org\/{rel}","templated":true}]}}