{"id":472,"date":"2019-02-12T23:42:20","date_gmt":"2019-02-12T22:42:20","guid":{"rendered":"http:\/\/heimatverein-nieder-roden.de\/?page_id=472"},"modified":"2025-02-27T19:35:17","modified_gmt":"2025-02-27T18:35:17","slug":"heringsessen","status":"publish","type":"page","link":"https:\/\/heimatverein-nieder-roden.de\/?page_id=472","title":{"rendered":"Heringsessen"},"content":{"rendered":"\n\n\n<p class=\"is-style-default has-white-color has-vivid-red-background-color has-text-color has-background has-link-color wp-elements-3db45bf15280bbfc4278fa85180b2103\">In diesem Jahr (2025) kann das Heringsessen leider nicht stattfinden.<\/p>\n\n\n\n<p>Ein fester Bestandteil unseres Vereinsjahres ist das allj\u00e4hrliche Heringsessen am Aschermittwoch.<\/p>\n\n\n\n<p>Ein Team um G\u00fcnther Keller bereitet den leckeren Heringssalat zu, nach M\u00f6glichkeit <br>gibt es hausgemachte &#8222;Grie So\u00df&#8220; (Gr\u00fcne So\u00dfe) und nat\u00fcrlich leckere Pellkartoffeln.<\/p>\n\n\n\n<p>Zum Essen Treffen wir uns dann gegen 18 Uhr in der &#8222;Museumsstubb&#8220;, <br>in gem\u00fctlicher Runde, zum Schlemmen und Plaudern.<\/p>\n\n\n\n<p>Damit gen\u00fcgend Portionen vorbereitet werden k\u00f6nnen und ausreichend Pl\u00e4tze verf\u00fcgbar sind, <br><strong>bitten wir um Voranmeldung per E-Mail oder Telefon.<\/strong><\/p>\n\n\n\n<div class=\"wp-block-buttons is-content-justification-center is-layout-flex wp-container-core-buttons-is-layout-16018d1d wp-block-buttons-is-layout-flex\">\n<div class=\"wp-block-button is-style-fill\"><a class=\"wp-block-button__link wp-element-button\" href=\"https:\/\/heimatverein-nieder-roden.de\/?p=6431\">Infos zur Anmeldung<\/a><\/div>\n<\/div>\n\n\n\n<hr class=\"wp-block-separator has-css-opacity\"\/>\n\n\nSeite 0 mal aufgerufen in den letzten 14 Tagen.\n\n\n\n<hr class=\"wp-block-separator has-css-opacity is-style-wide\"\/>\n\n\n\n<h3 class=\"wp-block-heading\" id=\"meldungen-zum-thema\">Meldungen zum Thema<\/h3>\n\n\n<div class=\"display-posts-listing grid\"><div class=\"listing-item\"><a class=\"image\" href=\"https:\/\/heimatverein-nieder-roden.de\/?p=7955\"><img decoding=\"async\" width=\"300\" height=\"300\" src=\"https:\/\/heimatverein-nieder-roden.de\/wp-content\/uploads\/2025\/02\/Hering_Symbolbild_Firefly_007-300x300.jpg\" class=\"attachment-medium size-medium wp-post-image\" alt=\"\" srcset=\"https:\/\/heimatverein-nieder-roden.de\/wp-content\/uploads\/2025\/02\/Hering_Symbolbild_Firefly_007-300x300.jpg 300w, https:\/\/heimatverein-nieder-roden.de\/wp-content\/uploads\/2025\/02\/Hering_Symbolbild_Firefly_007-1024x1024.jpg 1024w, https:\/\/heimatverein-nieder-roden.de\/wp-content\/uploads\/2025\/02\/Hering_Symbolbild_Firefly_007-150x150.jpg 150w, https:\/\/heimatverein-nieder-roden.de\/wp-content\/uploads\/2025\/02\/Hering_Symbolbild_Firefly_007-768x768.jpg 768w, https:\/\/heimatverein-nieder-roden.de\/wp-content\/uploads\/2025\/02\/Hering_Symbolbild_Firefly_007-1536x1536.jpg 1536w, https:\/\/heimatverein-nieder-roden.de\/wp-content\/uploads\/2025\/02\/Hering_Symbolbild_Firefly_007-836x836.jpg 836w, https:\/\/heimatverein-nieder-roden.de\/wp-content\/uploads\/2025\/02\/Hering_Symbolbild_Firefly_007-560x560.jpg 560w, https:\/\/heimatverein-nieder-roden.de\/wp-content\/uploads\/2025\/02\/Hering_Symbolbild_Firefly_007.jpg 2048w\" sizes=\"(max-width: 300px) 100vw, 300px\" \/><\/a> <a class=\"title\" href=\"https:\/\/heimatverein-nieder-roden.de\/?p=7955\">Kurzmeldung: Heringsessen 2025 entf\u00e4llt<\/a> <span class=\"excerpt-dash\">-<\/span> <span class=\"excerpt\">Das Heringsessen am Aschermittwoch kann in diesem Jahr aus personellen Gr\u00fcnden leider nicht stattfinden. Wir freuen uns aber schon aufs n\u00e4chste Jahr und w\u00fcnschen allen eine frohe Fastnachtszeit!<\/span><\/div><div class=\"listing-item\"><a class=\"image\" href=\"https:\/\/heimatverein-nieder-roden.de\/?p=6431\"><img decoding=\"async\" width=\"300\" height=\"75\" src=\"https:\/\/heimatverein-nieder-roden.de\/wp-content\/uploads\/2024\/02\/Hering_Symbolbild_Firefly_008_genFill_Slider-1-300x75.jpg\" class=\"attachment-medium size-medium wp-post-image\" alt=\"\" srcset=\"https:\/\/heimatverein-nieder-roden.de\/wp-content\/uploads\/2024\/02\/Hering_Symbolbild_Firefly_008_genFill_Slider-1-300x75.jpg 300w, https:\/\/heimatverein-nieder-roden.de\/wp-content\/uploads\/2024\/02\/Hering_Symbolbild_Firefly_008_genFill_Slider-1-1024x256.jpg 1024w, https:\/\/heimatverein-nieder-roden.de\/wp-content\/uploads\/2024\/02\/Hering_Symbolbild_Firefly_008_genFill_Slider-1-768x192.jpg 768w, https:\/\/heimatverein-nieder-roden.de\/wp-content\/uploads\/2024\/02\/Hering_Symbolbild_Firefly_008_genFill_Slider-1-1536x384.jpg 1536w, https:\/\/heimatverein-nieder-roden.de\/wp-content\/uploads\/2024\/02\/Hering_Symbolbild_Firefly_008_genFill_Slider-1-836x209.jpg 836w, https:\/\/heimatverein-nieder-roden.de\/wp-content\/uploads\/2024\/02\/Hering_Symbolbild_Firefly_008_genFill_Slider-1-560x140.jpg 560w, https:\/\/heimatverein-nieder-roden.de\/wp-content\/uploads\/2024\/02\/Hering_Symbolbild_Firefly_008_genFill_Slider-1.jpg 2048w\" sizes=\"(max-width: 300px) 100vw, 300px\" \/><\/a> <a class=\"title\" href=\"https:\/\/heimatverein-nieder-roden.de\/?p=6431\">Heringsessen 2024 &#8211; Jetzt anmelden!<\/a> <span class=\"excerpt-dash\">-<\/span> <span class=\"excerpt\">Am Aschermittwoch, den 14. Februar 2024, treffen wir uns um 18:00 Uhr im Heimatmuseum Nieder-Roden zum allj\u00e4hrlichen Heringsessen.\nAnmeldung erforderlich!<\/span><\/div><div class=\"listing-item\"><a class=\"image\" href=\"https:\/\/heimatverein-nieder-roden.de\/?p=5075\"><img decoding=\"async\" width=\"300\" height=\"43\" src=\"https:\/\/heimatverein-nieder-roden.de\/wp-content\/uploads\/2019\/06\/Offenbach-Post_Titel_Symbolbild-300x43.png\" class=\"attachment-medium size-medium wp-post-image\" alt=\"\" srcset=\"https:\/\/heimatverein-nieder-roden.de\/wp-content\/uploads\/2019\/06\/Offenbach-Post_Titel_Symbolbild-300x43.png 300w, https:\/\/heimatverein-nieder-roden.de\/wp-content\/uploads\/2019\/06\/Offenbach-Post_Titel_Symbolbild-768x111.png 768w, https:\/\/heimatverein-nieder-roden.de\/wp-content\/uploads\/2019\/06\/Offenbach-Post_Titel_Symbolbild-1024x148.png 1024w\" sizes=\"(max-width: 300px) 100vw, 300px\" \/><\/a> <a class=\"title\" href=\"https:\/\/heimatverein-nieder-roden.de\/?p=5075\">&#8222;Heimatverein aus Rodgau besucht Karl-Mayer-Haus&#8220;<\/a> <span class=\"excerpt-dash\">-<\/span> <span class=\"excerpt\">Artikel der Offenbach-Post auf OP-Online.de vom 22.02.2023. \nWir bedanken uns herzlich f\u00fcr die Berichterstattung der Presse!<\/span><\/div><div class=\"listing-item\"><a class=\"image\" href=\"https:\/\/heimatverein-nieder-roden.de\/?p=5003\"><img decoding=\"async\" width=\"300\" height=\"55\" src=\"https:\/\/heimatverein-nieder-roden.de\/wp-content\/uploads\/2019\/06\/Rodgau-Zeitung_Titel_Symbolbild-300x55.png\" class=\"attachment-medium size-medium wp-post-image\" alt=\"\" srcset=\"https:\/\/heimatverein-nieder-roden.de\/wp-content\/uploads\/2019\/06\/Rodgau-Zeitung_Titel_Symbolbild-300x55.png 300w, https:\/\/heimatverein-nieder-roden.de\/wp-content\/uploads\/2019\/06\/Rodgau-Zeitung_Titel_Symbolbild-768x142.png 768w, https:\/\/heimatverein-nieder-roden.de\/wp-content\/uploads\/2019\/06\/Rodgau-Zeitung_Titel_Symbolbild-1024x189.png 1024w\" sizes=\"(max-width: 300px) 100vw, 300px\" \/><\/a> <a class=\"title\" href=\"https:\/\/heimatverein-nieder-roden.de\/?p=5003\">&#8222;Heringsessen des Heimatvereins&#8220;<\/a> <span class=\"excerpt-dash\">-<\/span> <span class=\"excerpt\">Artikel in der Rodgau-Zeitung vom 10.02.2023.\nWir bedanken uns herzlich f\u00fcr die Berichterstattung der Presse!<\/span><\/div><div class=\"listing-item\"><a class=\"image\" href=\"https:\/\/heimatverein-nieder-roden.de\/?p=5000\"><img decoding=\"async\" width=\"300\" height=\"43\" src=\"https:\/\/heimatverein-nieder-roden.de\/wp-content\/uploads\/2019\/06\/Offenbach-Post_Titel_Symbolbild-300x43.png\" class=\"attachment-medium size-medium wp-post-image\" alt=\"\" srcset=\"https:\/\/heimatverein-nieder-roden.de\/wp-content\/uploads\/2019\/06\/Offenbach-Post_Titel_Symbolbild-300x43.png 300w, https:\/\/heimatverein-nieder-roden.de\/wp-content\/uploads\/2019\/06\/Offenbach-Post_Titel_Symbolbild-768x111.png 768w, https:\/\/heimatverein-nieder-roden.de\/wp-content\/uploads\/2019\/06\/Offenbach-Post_Titel_Symbolbild-1024x148.png 1024w\" sizes=\"(max-width: 300px) 100vw, 300px\" \/><\/a> <a class=\"title\" href=\"https:\/\/heimatverein-nieder-roden.de\/?p=5000\">&#8222;Heringsessen im Heimatmuseum&#8220;<\/a> <span class=\"excerpt-dash\">-<\/span> <span class=\"excerpt\">Artikel der Offenbach-Post auf OP-Online.de vom 12.02.2023. \nWir bedanken uns herzlich f\u00fcr die Berichterstattung der Presse!<\/span><\/div><div class=\"listing-item\"><a class=\"image\" href=\"https:\/\/heimatverein-nieder-roden.de\/?p=4960\"><img decoding=\"async\" width=\"300\" height=\"187\" src=\"https:\/\/heimatverein-nieder-roden.de\/wp-content\/uploads\/2022\/03\/2022-03-02_18-36-00_AKHNR_Heringsessen-2022_EGE_IMG_7770-300x187.jpg\" class=\"attachment-medium size-medium wp-post-image\" alt=\"\" srcset=\"https:\/\/heimatverein-nieder-roden.de\/wp-content\/uploads\/2022\/03\/2022-03-02_18-36-00_AKHNR_Heringsessen-2022_EGE_IMG_7770-300x187.jpg 300w, https:\/\/heimatverein-nieder-roden.de\/wp-content\/uploads\/2022\/03\/2022-03-02_18-36-00_AKHNR_Heringsessen-2022_EGE_IMG_7770-1024x640.jpg 1024w, https:\/\/heimatverein-nieder-roden.de\/wp-content\/uploads\/2022\/03\/2022-03-02_18-36-00_AKHNR_Heringsessen-2022_EGE_IMG_7770-768x480.jpg 768w, https:\/\/heimatverein-nieder-roden.de\/wp-content\/uploads\/2022\/03\/2022-03-02_18-36-00_AKHNR_Heringsessen-2022_EGE_IMG_7770-1536x959.jpg 1536w, https:\/\/heimatverein-nieder-roden.de\/wp-content\/uploads\/2022\/03\/2022-03-02_18-36-00_AKHNR_Heringsessen-2022_EGE_IMG_7770-2048x1279.jpg 2048w, https:\/\/heimatverein-nieder-roden.de\/wp-content\/uploads\/2022\/03\/2022-03-02_18-36-00_AKHNR_Heringsessen-2022_EGE_IMG_7770-836x522.jpg 836w, https:\/\/heimatverein-nieder-roden.de\/wp-content\/uploads\/2022\/03\/2022-03-02_18-36-00_AKHNR_Heringsessen-2022_EGE_IMG_7770-560x350.jpg 560w\" sizes=\"(max-width: 300px) 100vw, 300px\" \/><\/a> <a class=\"title\" href=\"https:\/\/heimatverein-nieder-roden.de\/?p=4960\">Heringsessen 2023 &#8211; Jetzt anmelden!<\/a> <span class=\"excerpt-dash\">-<\/span> <span class=\"excerpt\">Am Aschermittwoch, den 22. Februar 2023, treffen wir uns um 18:00 Uhr im Heimatmuseum Nieder-Roden zum allj\u00e4hrlichen Heringsessen.<\/span><\/div><div class=\"listing-item\"><a class=\"image\" href=\"https:\/\/heimatverein-nieder-roden.de\/?p=3670\"><img decoding=\"async\" width=\"300\" height=\"187\" src=\"https:\/\/heimatverein-nieder-roden.de\/wp-content\/uploads\/2022\/03\/2022-03-02_18-36-00_AKHNR_Heringsessen-2022_EGE_IMG_7770-300x187.jpg\" class=\"attachment-medium size-medium wp-post-image\" alt=\"\" srcset=\"https:\/\/heimatverein-nieder-roden.de\/wp-content\/uploads\/2022\/03\/2022-03-02_18-36-00_AKHNR_Heringsessen-2022_EGE_IMG_7770-300x187.jpg 300w, https:\/\/heimatverein-nieder-roden.de\/wp-content\/uploads\/2022\/03\/2022-03-02_18-36-00_AKHNR_Heringsessen-2022_EGE_IMG_7770-1024x640.jpg 1024w, https:\/\/heimatverein-nieder-roden.de\/wp-content\/uploads\/2022\/03\/2022-03-02_18-36-00_AKHNR_Heringsessen-2022_EGE_IMG_7770-768x480.jpg 768w, https:\/\/heimatverein-nieder-roden.de\/wp-content\/uploads\/2022\/03\/2022-03-02_18-36-00_AKHNR_Heringsessen-2022_EGE_IMG_7770-1536x959.jpg 1536w, https:\/\/heimatverein-nieder-roden.de\/wp-content\/uploads\/2022\/03\/2022-03-02_18-36-00_AKHNR_Heringsessen-2022_EGE_IMG_7770-2048x1279.jpg 2048w, https:\/\/heimatverein-nieder-roden.de\/wp-content\/uploads\/2022\/03\/2022-03-02_18-36-00_AKHNR_Heringsessen-2022_EGE_IMG_7770-836x522.jpg 836w, https:\/\/heimatverein-nieder-roden.de\/wp-content\/uploads\/2022\/03\/2022-03-02_18-36-00_AKHNR_Heringsessen-2022_EGE_IMG_7770-560x350.jpg 560w\" sizes=\"(max-width: 300px) 100vw, 300px\" \/><\/a> <a class=\"title\" href=\"https:\/\/heimatverein-nieder-roden.de\/?p=3670\">Heringsessen 2022 ein voller Erfolg<\/a> <span class=\"excerpt-dash\">-<\/span> <span class=\"excerpt\">Dank des gro\u00dfen Zuspruchs der Mitglieder und Freunde des AKHNR war das Heringsessen 2022 ein voller Erfolg!<\/span><\/div><div class=\"listing-item\"><a class=\"image\" href=\"https:\/\/heimatverein-nieder-roden.de\/?p=3627\"><img decoding=\"async\" width=\"300\" height=\"200\" src=\"https:\/\/heimatverein-nieder-roden.de\/wp-content\/uploads\/2021\/02\/Heringsessen-Symbolbild-Rollmops-300x200.jpg\" class=\"attachment-medium size-medium wp-post-image\" alt=\"Heringsessen des AKHNR am Aschermittwoch - Symbolbild\" srcset=\"https:\/\/heimatverein-nieder-roden.de\/wp-content\/uploads\/2021\/02\/Heringsessen-Symbolbild-Rollmops-300x200.jpg 300w, https:\/\/heimatverein-nieder-roden.de\/wp-content\/uploads\/2021\/02\/Heringsessen-Symbolbild-Rollmops-1024x683.jpg 1024w, https:\/\/heimatverein-nieder-roden.de\/wp-content\/uploads\/2021\/02\/Heringsessen-Symbolbild-Rollmops-768x512.jpg 768w, https:\/\/heimatverein-nieder-roden.de\/wp-content\/uploads\/2021\/02\/Heringsessen-Symbolbild-Rollmops-1536x1024.jpg 1536w, https:\/\/heimatverein-nieder-roden.de\/wp-content\/uploads\/2021\/02\/Heringsessen-Symbolbild-Rollmops-836x557.jpg 836w, https:\/\/heimatverein-nieder-roden.de\/wp-content\/uploads\/2021\/02\/Heringsessen-Symbolbild-Rollmops-560x373.jpg 560w, https:\/\/heimatverein-nieder-roden.de\/wp-content\/uploads\/2021\/02\/Heringsessen-Symbolbild-Rollmops.jpg 1920w\" sizes=\"(max-width: 300px) 100vw, 300px\" \/><\/a> <a class=\"title\" href=\"https:\/\/heimatverein-nieder-roden.de\/?p=3627\">Erinnerung: Heringsessen 2022<\/a> <span class=\"excerpt-dash\">-<\/span> <span class=\"excerpt\">Der AKHNR bietet sein traditionelles Heringsessen am Aschermittwoch auch in diesem Jahr wieder an. Aufgrund der Corona-Pandemie aber To-Go.<\/span><\/div><div class=\"listing-item\"><a class=\"image\" href=\"https:\/\/heimatverein-nieder-roden.de\/?p=3472\"><img decoding=\"async\" width=\"300\" height=\"55\" src=\"https:\/\/heimatverein-nieder-roden.de\/wp-content\/uploads\/2019\/06\/Rodgau-Zeitung_Titel_Symbolbild-300x55.png\" class=\"attachment-medium size-medium wp-post-image\" alt=\"\" srcset=\"https:\/\/heimatverein-nieder-roden.de\/wp-content\/uploads\/2019\/06\/Rodgau-Zeitung_Titel_Symbolbild-300x55.png 300w, https:\/\/heimatverein-nieder-roden.de\/wp-content\/uploads\/2019\/06\/Rodgau-Zeitung_Titel_Symbolbild-768x142.png 768w, https:\/\/heimatverein-nieder-roden.de\/wp-content\/uploads\/2019\/06\/Rodgau-Zeitung_Titel_Symbolbild-1024x189.png 1024w\" sizes=\"(max-width: 300px) 100vw, 300px\" \/><\/a> <a class=\"title\" href=\"https:\/\/heimatverein-nieder-roden.de\/?p=3472\">&#8222;Informationen zur Neugestaltung des Alten Friedhofs im Heimatmuseum&#8220;<\/a> <span class=\"excerpt-dash\">-<\/span> <span class=\"excerpt\">Artikel in der Rodgau-Zeitung vom 28.01.2022.\nWir bedanken uns herzlich f\u00fcr die Berichterstattung der Presse!<\/span><\/div><div class=\"listing-item\"><a class=\"image\" href=\"https:\/\/heimatverein-nieder-roden.de\/?p=3477\"><img decoding=\"async\" width=\"300\" height=\"43\" src=\"https:\/\/heimatverein-nieder-roden.de\/wp-content\/uploads\/2019\/06\/Offenbach-Post_Titel_Symbolbild-300x43.png\" class=\"attachment-medium size-medium wp-post-image\" alt=\"\" srcset=\"https:\/\/heimatverein-nieder-roden.de\/wp-content\/uploads\/2019\/06\/Offenbach-Post_Titel_Symbolbild-300x43.png 300w, https:\/\/heimatverein-nieder-roden.de\/wp-content\/uploads\/2019\/06\/Offenbach-Post_Titel_Symbolbild-768x111.png 768w, https:\/\/heimatverein-nieder-roden.de\/wp-content\/uploads\/2019\/06\/Offenbach-Post_Titel_Symbolbild-1024x148.png 1024w\" sizes=\"(max-width: 300px) 100vw, 300px\" \/><\/a> <a class=\"title\" href=\"https:\/\/heimatverein-nieder-roden.de\/?p=3477\">&#8222;Heimatmuseum in Rodgau f\u00fcr Kleingruppen offen&#8220;<\/a> <span class=\"excerpt-dash\">-<\/span> <span class=\"excerpt\">Artikel der Offenbach-Post auf OP-Online.de vom 27.01.2022. \nWir bedanken uns herzlich f\u00fcr die Berichterstattung der Presse!<\/span><\/div><\/div>\n","protected":false},"excerpt":{"rendered":"<p>In diesem Jahr (2025) kann das Heringsessen leider nicht stattfinden. Ein fester Bestandteil unseres Vereinsjahres ist das allj\u00e4hrliche Heringsessen am Aschermittwoch. Ein Team um G\u00fcnther Keller bereitet den leckeren Heringssalat zu, nach M\u00f6glichkeit gibt es hausgemachte &#8222;Grie So\u00df&#8220; (Gr\u00fcne So\u00dfe) und nat\u00fcrlich leckere Pellkartoffeln. Zum Essen Treffen wir uns dann gegen 18 Uhr in der &hellip; <\/p>\n<p><a class=\"more-link btn\" href=\"https:\/\/heimatverein-nieder-roden.de\/?p=3477\">Weiterlesen<\/a><\/p><p><a class=\"more-link btn\" href=\"https:\/\/heimatverein-nieder-roden.de\/?p=3477\">Weiterlesen<\/a><\/p>\n","protected":false},"author":1,"featured_media":3680,"parent":381,"menu_order":3,"comment_status":"closed","ping_status":"closed","template":"","meta":{"_coblocks_attr":"","_coblocks_dimensions":"","_coblocks_responsive_height":"","_coblocks_accordion_ie_support":"","footnotes":""},"class_list":["post-472","page","type-page","status-publish","has-post-thumbnail","hentry","nodate"],"publishpress_future_action":{"enabled":false,"date":"2026-05-08 01:01:54","action":"change-status","newStatus":"draft","terms":[],"taxonomy":"","extraData":[]},"publishpress_future_workflow_manual_trigger":{"enabledWorkflows":[]},"_links":{"self":[{"href":"https:\/\/heimatverein-nieder-roden.de\/index.php?rest_route=\/wp\/v2\/pages\/472","targetHints":{"allow":["GET"]}}],"collection":[{"href":"https:\/\/heimatverein-nieder-roden.de\/index.php?rest_route=\/wp\/v2\/pages"}],"about":[{"href":"https:\/\/heimatverein-nieder-roden.de\/index.php?rest_route=\/wp\/v2\/types\/page"}],"author":[{"embeddable":true,"href":"https:\/\/heimatverein-nieder-roden.de\/index.php?rest_route=\/wp\/v2\/users\/1"}],"replies":[{"embeddable":true,"href":"https:\/\/heimatverein-nieder-roden.de\/index.php?rest_route=%2Fwp%2Fv2%2Fcomments&post=472"}],"version-history":[{"count":22,"href":"https:\/\/heimatverein-nieder-roden.de\/index.php?rest_route=\/wp\/v2\/pages\/472\/revisions"}],"predecessor-version":[{"id":7954,"href":"https:\/\/heimatverein-nieder-roden.de\/index.php?rest_route=\/wp\/v2\/pages\/472\/revisions\/7954"}],"up":[{"embeddable":true,"href":"https:\/\/heimatverein-nieder-roden.de\/index.php?rest_route=\/wp\/v2\/pages\/381"}],"wp:featuredmedia":[{"embeddable":true,"href":"https:\/\/heimatverein-nieder-roden.de\/index.php?rest_route=\/wp\/v2\/media\/3680"}],"wp:attachment":[{"href":"https:\/\/heimatverein-nieder-roden.de\/index.php?rest_route=%2Fwp%2Fv2%2Fmedia&parent=472"}],"curies":[{"name":"wp","href":"https:\/\/api.w.org\/{rel}","templated":true}]}}