{"id":441,"date":"2019-02-10T12:58:53","date_gmt":"2019-02-10T11:58:53","guid":{"rendered":"http:\/\/heimatverein-nieder-roden.de\/?page_id=441"},"modified":"2022-03-12T11:12:21","modified_gmt":"2022-03-12T10:12:21","slug":"__trashed","status":"publish","type":"page","link":"https:\/\/heimatverein-nieder-roden.de\/?page_id=441","title":{"rendered":"\u00dcber uns"},"content":{"rendered":"\n\n\n<p>Seit seiner Gr\u00fcndung 1978 k\u00fcmmert sich der Arbeitskreis f\u00fcr Heimatkunde Nieder-Roden e. V. (kurz: AKHNR) um die Aufarbeitung und Bewahrung der Lokalgeschichte, organisiert Veranstaltungen oder nimmt an ihnen teil, setzt sich f\u00fcr die Pflege des Ortsbildes und kooperiert mit anderen Gruppierungen und Institutionen des \u00f6ffentlichen Lebens in Stadt und Stadtteil.<\/p>\n\n\n\n<hr class=\"wp-block-separator\"\/>\n\n\nSeite 0 mal aufgerufen in den letzten 14 Tagen.\n","protected":false},"excerpt":{"rendered":"<p>Seit seiner Gr\u00fcndung 1978 k\u00fcmmert sich der Arbeitskreis f\u00fcr Heimatkunde Nieder-Roden e. V. (kurz: AKHNR) um die Aufarbeitung und Bewahrung der Lokalgeschichte, organisiert Veranstaltungen oder nimmt an ihnen teil, setzt sich f\u00fcr die Pflege des Ortsbildes und kooperiert mit anderen Gruppierungen und Institutionen des \u00f6ffentlichen Lebens in Stadt und Stadtteil.<\/p>\n","protected":false},"author":1,"featured_media":0,"parent":0,"menu_order":0,"comment_status":"closed","ping_status":"closed","template":"","meta":{"_coblocks_attr":"","_coblocks_dimensions":"","_coblocks_responsive_height":"","_coblocks_accordion_ie_support":"","footnotes":""},"class_list":["post-441","page","type-page","status-publish","hentry","nodate"],"publishpress_future_action":{"enabled":false,"date":"2026-05-08 11:47:58","action":"change-status","newStatus":"draft","terms":[],"taxonomy":"","extraData":[]},"publishpress_future_workflow_manual_trigger":{"enabledWorkflows":[]},"_links":{"self":[{"href":"https:\/\/heimatverein-nieder-roden.de\/index.php?rest_route=\/wp\/v2\/pages\/441","targetHints":{"allow":["GET"]}}],"collection":[{"href":"https:\/\/heimatverein-nieder-roden.de\/index.php?rest_route=\/wp\/v2\/pages"}],"about":[{"href":"https:\/\/heimatverein-nieder-roden.de\/index.php?rest_route=\/wp\/v2\/types\/page"}],"author":[{"embeddable":true,"href":"https:\/\/heimatverein-nieder-roden.de\/index.php?rest_route=\/wp\/v2\/users\/1"}],"replies":[{"embeddable":true,"href":"https:\/\/heimatverein-nieder-roden.de\/index.php?rest_route=%2Fwp%2Fv2%2Fcomments&post=441"}],"version-history":[{"count":15,"href":"https:\/\/heimatverein-nieder-roden.de\/index.php?rest_route=\/wp\/v2\/pages\/441\/revisions"}],"predecessor-version":[{"id":3784,"href":"https:\/\/heimatverein-nieder-roden.de\/index.php?rest_route=\/wp\/v2\/pages\/441\/revisions\/3784"}],"wp:attachment":[{"href":"https:\/\/heimatverein-nieder-roden.de\/index.php?rest_route=%2Fwp%2Fv2%2Fmedia&parent=441"}],"curies":[{"name":"wp","href":"https:\/\/api.w.org\/{rel}","templated":true}]}}