{"id":4156,"date":"2022-05-01T23:00:12","date_gmt":"2022-05-01T21:00:12","guid":{"rendered":"https:\/\/heimatverein-nieder-roden.de\/?page_id=4156"},"modified":"2022-05-01T23:02:11","modified_gmt":"2022-05-01T21:02:11","slug":"ortsrundgaenge","status":"publish","type":"page","link":"https:\/\/heimatverein-nieder-roden.de\/?page_id=4156","title":{"rendered":"Ortsrundg\u00e4nge"},"content":{"rendered":"\n<div class=\"wp-block-image\"><figure class=\"alignleft size-large is-resized\"><a href=\"https:\/\/heimatverein-nieder-roden.de\/wp-content\/uploads\/2022\/05\/2012-01-15_14-00-32_AKHNR_Ortsrundgang-2012_EGE_IMGP2595-scaled.jpg\"><img decoding=\"async\" src=\"https:\/\/heimatverein-nieder-roden.de\/wp-content\/uploads\/2022\/05\/2012-01-15_14-00-32_AKHNR_Ortsrundgang-2012_EGE_IMGP2595-1024x768.jpg\" alt=\"\" class=\"wp-image-4157\" width=\"282\" height=\"210\"\/><\/a><figcaption>Ortsrundgang mit dem AKHNR im Januar 2012, vor dem alten Bahnhof. &#8211; \u00a9AKHNR\/EGE<\/figcaption><\/figure><\/div>\n\n\n\n<p>Eine Stadtf\u00fchrung zu Fu\u00df, mit einer\/einem erfahrenen F\u00fchrerIn, die\/der die interessanten Ecken, Pl\u00e4tze, Stra\u00dfen und H\u00e4user kennt und die Geschichten dazu aus Vergangenheit und Gegenwart erl\u00e4utern kann &#8211; das ist h\u00e4ufig fester Bestandteil einer St\u00e4dtereise. <\/p>\n\n\n\n<p>Haben Sie eine solche F\u00fchrung schon einmal in Ihrem Heimatort unternommen? Falls nicht &#8211; kommen Sie mit auf einen Ortsrundgang mit uns!<\/p>\n\n\n\n<p>Nat\u00fcrlich sind auch &#8222;Wiederholungst\u00e4ter&#8220; gerne gesehen. Es gibt immer wieder Neues zu entdecken, weil bei uns keine Tour gleich ist.<\/p>\n\n\n\n<p>Dauer des Rundgangs: ca. 1-2 Stunden (auch je nach Ausdauer der Teilnehmer).<\/p>\n\n\n\n<p>Der n\u00e4chste Termin wird immer hier und in der Presse bekanntgegeben.<\/p>\n\n\n\n<h3 class=\"wp-block-heading\">Auch auf Anfrage<\/h3>\n\n\n\n<p>Vielleicht haben Sie einen besonderen Anlass, entfernt lebende Verwandte oder Freunde die zu Besuch sind, und die gerne Nieder-Roden n\u00e4her kennenlernen wollen.<br>Aus welchem Grund auch immer &#8211; fragen Sie gerne bei uns an. Nach M\u00f6glichkeit bieten wir eine individuelle Tour nach Vereinbarung an.<\/p>\n\n\n\n<h3 class=\"wp-block-heading\">F\u00fcr Schulklassen<\/h3>\n\n\n\n<p>Besonders freuen wir uns \u00fcber Anfragen zur F\u00fchrung von Schulklassen der \u00f6rtlichen Schulen.<\/p>\n\n\n\n<p>Die F\u00fchrungen erfreuen sich gro\u00dfer Beliebtheit und bieten auch den Lehrkr\u00e4ften eine M\u00f6glichkeit den Unterricht um eine Dimension zu erweitern &#8211; ohne gro\u00dfen zus\u00e4tzlichen Aufwand.<\/p>\n\n\n\n<p>Bitte schreiben Sie uns gerne, wenn Sie Interesse haben!<\/p>\n\n\n\n<hr class=\"wp-block-separator\"\/>\n\n\nSeite 0 mal aufgerufen in den letzten 14 Tagen.\n\n\n\n<hr class=\"wp-block-separator is-style-wide\"\/>\n\n\nSeite 0 mal aufgerufen in den letzten 365 Tagen.\n\n\n\n<hr class=\"wp-block-separator is-style-wide\"\/>\n\n\n\n<h3 class=\"wp-block-heading\" id=\"meldungen-zum-thema\">Meldungen zum Thema<\/h3>\n\n\n<div class=\"display-posts-listing grid\"><div class=\"listing-item\"><a class=\"image\" href=\"https:\/\/heimatverein-nieder-roden.de\/?p=4730\"><img decoding=\"async\" width=\"300\" height=\"43\" src=\"https:\/\/heimatverein-nieder-roden.de\/wp-content\/uploads\/2019\/06\/Offenbach-Post_Titel_Symbolbild-300x43.png\" class=\"attachment-medium size-medium wp-post-image\" alt=\"\" srcset=\"https:\/\/heimatverein-nieder-roden.de\/wp-content\/uploads\/2019\/06\/Offenbach-Post_Titel_Symbolbild-300x43.png 300w, https:\/\/heimatverein-nieder-roden.de\/wp-content\/uploads\/2019\/06\/Offenbach-Post_Titel_Symbolbild-768x111.png 768w, https:\/\/heimatverein-nieder-roden.de\/wp-content\/uploads\/2019\/06\/Offenbach-Post_Titel_Symbolbild-1024x148.png 1024w\" sizes=\"(max-width: 300px) 100vw, 300px\" \/><\/a> <a class=\"title\" href=\"https:\/\/heimatverein-nieder-roden.de\/?p=4730\">&#8222;Rodgau zu Fu\u00df erleben&#8220;<\/a> <span class=\"excerpt-dash\">-<\/span> <span class=\"excerpt\">Artikel der Offenbach-Post auf OP-Online.de vom 01.11.2022. \nWir bedanken uns herzlich f\u00fcr die Berichterstattung der Presse!<\/span><\/div><div class=\"listing-item\"><a class=\"image\" href=\"https:\/\/heimatverein-nieder-roden.de\/?p=4338\"><img decoding=\"async\" width=\"300\" height=\"43\" src=\"https:\/\/heimatverein-nieder-roden.de\/wp-content\/uploads\/2019\/06\/Offenbach-Post_Titel_Symbolbild-300x43.png\" class=\"attachment-medium size-medium wp-post-image\" alt=\"\" srcset=\"https:\/\/heimatverein-nieder-roden.de\/wp-content\/uploads\/2019\/06\/Offenbach-Post_Titel_Symbolbild-300x43.png 300w, https:\/\/heimatverein-nieder-roden.de\/wp-content\/uploads\/2019\/06\/Offenbach-Post_Titel_Symbolbild-768x111.png 768w, https:\/\/heimatverein-nieder-roden.de\/wp-content\/uploads\/2019\/06\/Offenbach-Post_Titel_Symbolbild-1024x148.png 1024w\" sizes=\"(max-width: 300px) 100vw, 300px\" \/><\/a> <a class=\"title\" href=\"https:\/\/heimatverein-nieder-roden.de\/?p=4338\">&#8222;Rundgang durchs alte Nieder-Roden&#8220;<\/a> <span class=\"excerpt-dash\">-<\/span> <span class=\"excerpt\">Artikel der Offenbach-Post auf OP-Online.de vom 04.05.2022. \nWir bedanken uns herzlich f\u00fcr die Berichterstattung der Presse!<\/span><\/div><div class=\"listing-item\"><a class=\"image\" href=\"https:\/\/heimatverein-nieder-roden.de\/?p=4269\"><img decoding=\"async\" width=\"300\" height=\"225\" src=\"https:\/\/heimatverein-nieder-roden.de\/wp-content\/uploads\/2022\/05\/2022-05-06_19-53-40_AKHNR_Ortsrundgang_FMA_004_1920_72dpi_Wasserz-300x225.jpg\" class=\"attachment-medium size-medium wp-post-image\" alt=\"\" srcset=\"https:\/\/heimatverein-nieder-roden.de\/wp-content\/uploads\/2022\/05\/2022-05-06_19-53-40_AKHNR_Ortsrundgang_FMA_004_1920_72dpi_Wasserz-300x225.jpg 300w, https:\/\/heimatverein-nieder-roden.de\/wp-content\/uploads\/2022\/05\/2022-05-06_19-53-40_AKHNR_Ortsrundgang_FMA_004_1920_72dpi_Wasserz-1024x768.jpg 1024w, https:\/\/heimatverein-nieder-roden.de\/wp-content\/uploads\/2022\/05\/2022-05-06_19-53-40_AKHNR_Ortsrundgang_FMA_004_1920_72dpi_Wasserz-768x576.jpg 768w, https:\/\/heimatverein-nieder-roden.de\/wp-content\/uploads\/2022\/05\/2022-05-06_19-53-40_AKHNR_Ortsrundgang_FMA_004_1920_72dpi_Wasserz-1536x1152.jpg 1536w, https:\/\/heimatverein-nieder-roden.de\/wp-content\/uploads\/2022\/05\/2022-05-06_19-53-40_AKHNR_Ortsrundgang_FMA_004_1920_72dpi_Wasserz-836x627.jpg 836w, https:\/\/heimatverein-nieder-roden.de\/wp-content\/uploads\/2022\/05\/2022-05-06_19-53-40_AKHNR_Ortsrundgang_FMA_004_1920_72dpi_Wasserz-560x420.jpg 560w, https:\/\/heimatverein-nieder-roden.de\/wp-content\/uploads\/2022\/05\/2022-05-06_19-53-40_AKHNR_Ortsrundgang_FMA_004_1920_72dpi_Wasserz.jpg 1920w\" sizes=\"(max-width: 300px) 100vw, 300px\" \/><\/a> <a class=\"title\" href=\"https:\/\/heimatverein-nieder-roden.de\/?p=4269\">Impressionen vom Ortsrundgang am 6. Mai 2022<\/a> <span class=\"excerpt-dash\">-<\/span> <span class=\"excerpt\">Eindr\u00fccke vom Ortsrundgang mit G\u00fcnther Keller.<\/span><\/div><div class=\"listing-item\"><a class=\"image\" href=\"https:\/\/heimatverein-nieder-roden.de\/?p=4266\"><img decoding=\"async\" width=\"300\" height=\"55\" src=\"https:\/\/heimatverein-nieder-roden.de\/wp-content\/uploads\/2019\/06\/Rodgau-Zeitung_Titel_Symbolbild-300x55.png\" class=\"attachment-medium size-medium wp-post-image\" alt=\"\" srcset=\"https:\/\/heimatverein-nieder-roden.de\/wp-content\/uploads\/2019\/06\/Rodgau-Zeitung_Titel_Symbolbild-300x55.png 300w, https:\/\/heimatverein-nieder-roden.de\/wp-content\/uploads\/2019\/06\/Rodgau-Zeitung_Titel_Symbolbild-768x142.png 768w, https:\/\/heimatverein-nieder-roden.de\/wp-content\/uploads\/2019\/06\/Rodgau-Zeitung_Titel_Symbolbild-1024x189.png 1024w\" sizes=\"(max-width: 300px) 100vw, 300px\" \/><\/a> <a class=\"title\" href=\"https:\/\/heimatverein-nieder-roden.de\/?p=4266\">&#8222;Ortsrundgang am 6. Mai&#8220;<\/a> <span class=\"excerpt-dash\">-<\/span> <span class=\"excerpt\">Artikel in der Rodgau-Zeitung vom 06.05.2022.\nWir bedanken uns herzlich f\u00fcr die Berichterstattung der Presse!<\/span><\/div><div class=\"listing-item\"><a class=\"image\" href=\"https:\/\/heimatverein-nieder-roden.de\/?p=4161\"><img decoding=\"async\" width=\"300\" height=\"169\" src=\"https:\/\/heimatverein-nieder-roden.de\/wp-content\/uploads\/2022\/05\/2018-01-12_16-09-26_AKHNR_Ortsrundgang-2018_EGE_IMG_4282-300x169.jpg\" class=\"attachment-medium size-medium wp-post-image\" alt=\"\" srcset=\"https:\/\/heimatverein-nieder-roden.de\/wp-content\/uploads\/2022\/05\/2018-01-12_16-09-26_AKHNR_Ortsrundgang-2018_EGE_IMG_4282-300x169.jpg 300w, https:\/\/heimatverein-nieder-roden.de\/wp-content\/uploads\/2022\/05\/2018-01-12_16-09-26_AKHNR_Ortsrundgang-2018_EGE_IMG_4282-1024x576.jpg 1024w, https:\/\/heimatverein-nieder-roden.de\/wp-content\/uploads\/2022\/05\/2018-01-12_16-09-26_AKHNR_Ortsrundgang-2018_EGE_IMG_4282-768x432.jpg 768w, https:\/\/heimatverein-nieder-roden.de\/wp-content\/uploads\/2022\/05\/2018-01-12_16-09-26_AKHNR_Ortsrundgang-2018_EGE_IMG_4282-1536x865.jpg 1536w, https:\/\/heimatverein-nieder-roden.de\/wp-content\/uploads\/2022\/05\/2018-01-12_16-09-26_AKHNR_Ortsrundgang-2018_EGE_IMG_4282-2048x1153.jpg 2048w, https:\/\/heimatverein-nieder-roden.de\/wp-content\/uploads\/2022\/05\/2018-01-12_16-09-26_AKHNR_Ortsrundgang-2018_EGE_IMG_4282-836x471.jpg 836w, https:\/\/heimatverein-nieder-roden.de\/wp-content\/uploads\/2022\/05\/2018-01-12_16-09-26_AKHNR_Ortsrundgang-2018_EGE_IMG_4282-560x315.jpg 560w\" sizes=\"(max-width: 300px) 100vw, 300px\" \/><\/a> <a class=\"title\" href=\"https:\/\/heimatverein-nieder-roden.de\/?p=4161\">Einladung zum Ortsrundgang am Freitag, 6. Mai 2022<\/a> <span class=\"excerpt-dash\">-<\/span> <span class=\"excerpt\">Unter der F\u00fchrung von G\u00fcnther Keller geht es durch den Nieder-R\u00f6der Altort.<\/span><\/div><\/div>\n","protected":false},"excerpt":{"rendered":"<p>Eine Stadtf\u00fchrung zu Fu\u00df, mit einer\/einem erfahrenen F\u00fchrerIn, die\/der die interessanten Ecken, Pl\u00e4tze, Stra\u00dfen und H\u00e4user kennt und die Geschichten dazu aus Vergangenheit und Gegenwart erl\u00e4utern kann &#8211; das ist h\u00e4ufig fester Bestandteil einer St\u00e4dtereise. Haben Sie eine solche F\u00fchrung schon einmal in Ihrem Heimatort unternommen? Falls nicht &#8211; kommen Sie mit auf einen Ortsrundgang &hellip; <\/p>\n<p><a class=\"more-link btn\" href=\"https:\/\/heimatverein-nieder-roden.de\/?p=4161\">Weiterlesen<\/a><\/p><p><a class=\"more-link btn\" href=\"https:\/\/heimatverein-nieder-roden.de\/?p=4161\">Weiterlesen<\/a><\/p>\n","protected":false},"author":1,"featured_media":4157,"parent":381,"menu_order":0,"comment_status":"closed","ping_status":"closed","template":"","meta":{"_coblocks_attr":"","_coblocks_dimensions":"","_coblocks_responsive_height":"","_coblocks_accordion_ie_support":"","footnotes":""},"class_list":["post-4156","page","type-page","status-publish","has-post-thumbnail","hentry","nodate"],"publishpress_future_action":{"enabled":false,"date":"2026-05-07 10:50:59","action":"change-status","newStatus":"draft","terms":[],"taxonomy":"","extraData":[]},"publishpress_future_workflow_manual_trigger":{"enabledWorkflows":[]},"_links":{"self":[{"href":"https:\/\/heimatverein-nieder-roden.de\/index.php?rest_route=\/wp\/v2\/pages\/4156","targetHints":{"allow":["GET"]}}],"collection":[{"href":"https:\/\/heimatverein-nieder-roden.de\/index.php?rest_route=\/wp\/v2\/pages"}],"about":[{"href":"https:\/\/heimatverein-nieder-roden.de\/index.php?rest_route=\/wp\/v2\/types\/page"}],"author":[{"embeddable":true,"href":"https:\/\/heimatverein-nieder-roden.de\/index.php?rest_route=\/wp\/v2\/users\/1"}],"replies":[{"embeddable":true,"href":"https:\/\/heimatverein-nieder-roden.de\/index.php?rest_route=%2Fwp%2Fv2%2Fcomments&post=4156"}],"version-history":[{"count":2,"href":"https:\/\/heimatverein-nieder-roden.de\/index.php?rest_route=\/wp\/v2\/pages\/4156\/revisions"}],"predecessor-version":[{"id":4160,"href":"https:\/\/heimatverein-nieder-roden.de\/index.php?rest_route=\/wp\/v2\/pages\/4156\/revisions\/4160"}],"up":[{"embeddable":true,"href":"https:\/\/heimatverein-nieder-roden.de\/index.php?rest_route=\/wp\/v2\/pages\/381"}],"wp:featuredmedia":[{"embeddable":true,"href":"https:\/\/heimatverein-nieder-roden.de\/index.php?rest_route=\/wp\/v2\/media\/4157"}],"wp:attachment":[{"href":"https:\/\/heimatverein-nieder-roden.de\/index.php?rest_route=%2Fwp%2Fv2%2Fmedia&parent=4156"}],"curies":[{"name":"wp","href":"https:\/\/api.w.org\/{rel}","templated":true}]}}