{"id":381,"date":"2019-02-08T20:08:29","date_gmt":"2019-02-08T19:08:29","guid":{"rendered":"http:\/\/heimatverein-nieder-roden.de\/?page_id=381"},"modified":"2022-03-12T11:15:26","modified_gmt":"2022-03-12T10:15:26","slug":"veranstaltungen","status":"publish","type":"page","link":"https:\/\/heimatverein-nieder-roden.de\/?page_id=381","title":{"rendered":"Veranstaltungen"},"content":{"rendered":"\n\n\n<p>Die regelm\u00e4\u00dfigen j\u00e4hrlichen Veranstaltungen und Aktivit\u00e4ten die der AKHNR durchf\u00fchrt, haben wir in diesem Bereich zusammengefasst.<\/p>\n\n\n\n<hr class=\"wp-block-separator\"\/>\n\n\nSeite 0 mal aufgerufen in den letzten 14 Tagen.\n\n\n\n<hr class=\"wp-block-separator is-style-wide\"\/>\n","protected":false},"excerpt":{"rendered":"<p>Die regelm\u00e4\u00dfigen j\u00e4hrlichen Veranstaltungen und Aktivit\u00e4ten die der AKHNR durchf\u00fchrt, haben wir in diesem Bereich zusammengefasst.<\/p>\n","protected":false},"author":1,"featured_media":0,"parent":0,"menu_order":4,"comment_status":"closed","ping_status":"closed","template":"template-twocolumnsleft.php","meta":{"_coblocks_attr":"","_coblocks_dimensions":"","_coblocks_responsive_height":"","_coblocks_accordion_ie_support":"","footnotes":""},"class_list":["post-381","page","type-page","status-publish","hentry","nodate"],"publishpress_future_action":{"enabled":false,"date":"2026-05-06 21:44:42","action":"change-status","newStatus":"draft","terms":[],"taxonomy":"","extraData":[]},"publishpress_future_workflow_manual_trigger":{"enabledWorkflows":[]},"_links":{"self":[{"href":"https:\/\/heimatverein-nieder-roden.de\/index.php?rest_route=\/wp\/v2\/pages\/381","targetHints":{"allow":["GET"]}}],"collection":[{"href":"https:\/\/heimatverein-nieder-roden.de\/index.php?rest_route=\/wp\/v2\/pages"}],"about":[{"href":"https:\/\/heimatverein-nieder-roden.de\/index.php?rest_route=\/wp\/v2\/types\/page"}],"author":[{"embeddable":true,"href":"https:\/\/heimatverein-nieder-roden.de\/index.php?rest_route=\/wp\/v2\/users\/1"}],"replies":[{"embeddable":true,"href":"https:\/\/heimatverein-nieder-roden.de\/index.php?rest_route=%2Fwp%2Fv2%2Fcomments&post=381"}],"version-history":[{"count":8,"href":"https:\/\/heimatverein-nieder-roden.de\/index.php?rest_route=\/wp\/v2\/pages\/381\/revisions"}],"predecessor-version":[{"id":3790,"href":"https:\/\/heimatverein-nieder-roden.de\/index.php?rest_route=\/wp\/v2\/pages\/381\/revisions\/3790"}],"wp:attachment":[{"href":"https:\/\/heimatverein-nieder-roden.de\/index.php?rest_route=%2Fwp%2Fv2%2Fmedia&parent=381"}],"curies":[{"name":"wp","href":"https:\/\/api.w.org\/{rel}","templated":true}]}}