{"id":3578,"date":"2022-02-15T11:01:06","date_gmt":"2022-02-15T10:01:06","guid":{"rendered":"https:\/\/heimatverein-nieder-roden.de\/?page_id=3578"},"modified":"2025-05-09T21:04:51","modified_gmt":"2025-05-09T19:04:51","slug":"musik-im-museumshof","status":"publish","type":"page","link":"https:\/\/heimatverein-nieder-roden.de\/?page_id=3578","title":{"rendered":"Musik im Museumshof"},"content":{"rendered":"\n\n\n<p>Besonders freuen wir uns \u00fcber die Veranstaltungsreihe &#8222;Musik im Museumshof&#8220;!<\/p>\n\n\n\n<figure class=\"wp-block-image size-large\"><img decoding=\"async\" width=\"1024\" height=\"472\" src=\"https:\/\/heimatverein-nieder-roden.de\/wp-content\/uploads\/2019\/05\/AKHNR_Museums\u00f6ffnung_2019-05-19_Musik-im-Museumshof-1024x472.jpg\" alt=\"\" class=\"wp-image-1269\" srcset=\"https:\/\/heimatverein-nieder-roden.de\/wp-content\/uploads\/2019\/05\/AKHNR_Museums\u00f6ffnung_2019-05-19_Musik-im-Museumshof-1024x472.jpg 1024w, https:\/\/heimatverein-nieder-roden.de\/wp-content\/uploads\/2019\/05\/AKHNR_Museums\u00f6ffnung_2019-05-19_Musik-im-Museumshof-300x138.jpg 300w, https:\/\/heimatverein-nieder-roden.de\/wp-content\/uploads\/2019\/05\/AKHNR_Museums\u00f6ffnung_2019-05-19_Musik-im-Museumshof-768x354.jpg 768w, https:\/\/heimatverein-nieder-roden.de\/wp-content\/uploads\/2019\/05\/AKHNR_Museums\u00f6ffnung_2019-05-19_Musik-im-Museumshof.jpg 1986w\" sizes=\"(max-width: 1024px) 100vw, 1024px\" \/><\/figure>\n\n\n\n<p>Mit dem 100-j\u00e4hrigen Jubil\u00e4um des Musikvereins Nieder-Roden e. V. (MVN) im Jahr 2018 begann die musikalische Begleitung der Museums\u00f6ffnungen mit der Reihe &#8222;Musik im Museumshof&#8220;. <\/p>\n\n\n\n<p>In den w\u00e4rmeren Monaten des Jahres, wenn es die Witterung zulie\u00df, gaben sich die verschiedenen Orchester des MVN jeweils zu den \u00d6ffnungszeiten des Heimatmuseums ein Stelldichein im Hof des alten Lehrerhauses. So gab es \u00fcblicherweise an 4 Tagen im Jahr Blasmusik f\u00fcr Museumsg\u00e4ste und Freunde der Musik. <\/p>\n\n\n\n<p>Im September 2023 wurde das musikalische Spektrum erweitert. Es gab erstmals Chorgesang der S\u00e4ngervereinigung S\u00e4ngerkranz Polyhymnia Nieder-Roden im Museumshof. <\/p>\n\n\n\n<p>2025 wird es voraussichtlich keine musikalischen Auftritte geben. Wir hoffen aber auch in Zukunft wieder Musik im Museumshof anbieten zu k\u00f6nnen &#8211; mit alten und neuen Partnern.<\/p>\n\n\n\n<p class=\"has-text-align-center is-style-info\">K\u00f6nnen Sie sich vorstellen im Museumshof aufzutreten?<br>Schreiben Sie uns gerne an: <br><br><strong>info@heimatverein-nieder-roden.de<\/strong><\/p>\n\n\n\n<div class=\"wp-block-columns is-layout-flex wp-container-core-columns-is-layout-9d6595d7 wp-block-columns-is-layout-flex\">\n<div class=\"wp-block-column is-layout-flow wp-block-column-is-layout-flow\" style=\"flex-basis:50%\"><div class=\"wp-block-image\">\n<figure class=\"aligncenter size-large\"><a href=\"https:\/\/mv-nieder-roden.de\" target=\"_blank\" rel=\"noopener\"><img decoding=\"async\" width=\"1024\" height=\"469\" src=\"https:\/\/heimatverein-nieder-roden.de\/wp-content\/uploads\/2019\/02\/2019-02-17_AKHNR_MVN-Logo_selbstgeb_v1.0-1024x469.png\" alt=\"\" class=\"wp-image-557\" srcset=\"https:\/\/heimatverein-nieder-roden.de\/wp-content\/uploads\/2019\/02\/2019-02-17_AKHNR_MVN-Logo_selbstgeb_v1.0-1024x469.png 1024w, https:\/\/heimatverein-nieder-roden.de\/wp-content\/uploads\/2019\/02\/2019-02-17_AKHNR_MVN-Logo_selbstgeb_v1.0-300x137.png 300w, https:\/\/heimatverein-nieder-roden.de\/wp-content\/uploads\/2019\/02\/2019-02-17_AKHNR_MVN-Logo_selbstgeb_v1.0-768x352.png 768w\" sizes=\"(max-width: 1024px) 100vw, 1024px\" \/><\/a><figcaption class=\"wp-element-caption\">Das Logo des Musikvereins Nieder-Roden e. V.<\/figcaption><\/figure>\n<\/div><\/div>\n\n\n\n<div class=\"wp-block-column is-layout-flow wp-block-column-is-layout-flow\" style=\"flex-basis:50%\">\n<figure class=\"wp-block-image size-full is-resized has-lightbox\"><a href=\"https:\/\/www.po-ly-hym-ni-a.de\/\" target=\"_blank\" rel=\" noreferrer noopener\"><img decoding=\"async\" width=\"452\" height=\"449\" src=\"https:\/\/heimatverein-nieder-roden.de\/wp-content\/uploads\/2022\/04\/Polyhymnia-NR_Logo.jpg\" alt=\"\" class=\"wp-image-4069\" style=\"width:284px;height:auto\" srcset=\"https:\/\/heimatverein-nieder-roden.de\/wp-content\/uploads\/2022\/04\/Polyhymnia-NR_Logo.jpg 452w, https:\/\/heimatverein-nieder-roden.de\/wp-content\/uploads\/2022\/04\/Polyhymnia-NR_Logo-300x298.jpg 300w, https:\/\/heimatverein-nieder-roden.de\/wp-content\/uploads\/2022\/04\/Polyhymnia-NR_Logo-150x150.jpg 150w\" sizes=\"(max-width: 452px) 100vw, 452px\" \/><\/a><figcaption class=\"wp-element-caption\">Das Logo der S\u00e4ngervereinigung S\u00e4ngerkranz Polyhymnia Nieder-Roden e. V. <\/figcaption><\/figure>\n<\/div>\n<\/div>\n\n\n\n<p>Herzlichen Dank an Musikverein, Polyhymnia und ihre Mitglieder f\u00fcr die  Zusammenarbeit!<\/p>\n\n\n\n<hr class=\"wp-block-separator has-css-opacity is-style-default\"\/>\n\n\nSeite 0 mal aufgerufen in den letzten 14 Tagen.\n\n\n\n<hr class=\"wp-block-separator has-css-opacity is-style-wide\"\/>\n\n\n\n<h2 class=\"wp-block-heading\" id=\"meldungen-zum-thema\">Meldungen zum Thema<\/h2>\n\n\n<div class=\"display-posts-listing grid\"><div class=\"listing-item\"><a class=\"image\" href=\"https:\/\/heimatverein-nieder-roden.de\/?p=8275\"><img decoding=\"async\" width=\"300\" height=\"226\" src=\"https:\/\/heimatverein-nieder-roden.de\/wp-content\/uploads\/2025\/08\/2025-08-14_17-31-53_AKHNR_Museumsoeffnung-2025-08-17-Ortseingangstafeln_FMA_PXL_20250814_153153227-Large_korr-300x226.jpg\" class=\"attachment-medium size-medium wp-post-image\" alt=\"\" srcset=\"https:\/\/heimatverein-nieder-roden.de\/wp-content\/uploads\/2025\/08\/2025-08-14_17-31-53_AKHNR_Museumsoeffnung-2025-08-17-Ortseingangstafeln_FMA_PXL_20250814_153153227-Large_korr-300x226.jpg 300w, https:\/\/heimatverein-nieder-roden.de\/wp-content\/uploads\/2025\/08\/2025-08-14_17-31-53_AKHNR_Museumsoeffnung-2025-08-17-Ortseingangstafeln_FMA_PXL_20250814_153153227-Large_korr-1024x771.jpg 1024w, https:\/\/heimatverein-nieder-roden.de\/wp-content\/uploads\/2025\/08\/2025-08-14_17-31-53_AKHNR_Museumsoeffnung-2025-08-17-Ortseingangstafeln_FMA_PXL_20250814_153153227-Large_korr-768x578.jpg 768w, https:\/\/heimatverein-nieder-roden.de\/wp-content\/uploads\/2025\/08\/2025-08-14_17-31-53_AKHNR_Museumsoeffnung-2025-08-17-Ortseingangstafeln_FMA_PXL_20250814_153153227-Large_korr-836x630.jpg 836w, https:\/\/heimatverein-nieder-roden.de\/wp-content\/uploads\/2025\/08\/2025-08-14_17-31-53_AKHNR_Museumsoeffnung-2025-08-17-Ortseingangstafeln_FMA_PXL_20250814_153153227-Large_korr-560x422.jpg 560w, https:\/\/heimatverein-nieder-roden.de\/wp-content\/uploads\/2025\/08\/2025-08-14_17-31-53_AKHNR_Museumsoeffnung-2025-08-17-Ortseingangstafeln_FMA_PXL_20250814_153153227-Large_korr.jpg 1434w\" sizes=\"(max-width: 300px) 100vw, 300px\" \/><\/a> <a class=\"title\" href=\"https:\/\/heimatverein-nieder-roden.de\/?p=8275\">Museums\u00f6ffnung am 21.  September &#8211; Wieder mit Musik im Museumshof<\/a> <span class=\"excerpt-dash\">-<\/span> <span class=\"excerpt\">Am Sonntag den 21.9. \u00f6ffnet das Heimatmuseum Nieder-Roden wieder seine T\u00fcren. Neben der Dauerausstellung, durch die es zu bestimmten Zeiten F\u00fchrungen geben wird, k\u00f6nnen die Besucher noch einmal die Jahresausstellung zu &#8222;120 Jahren TG Nieder-Roden&#8220; erleben. Au\u00dferdem gibt es wieder Live-Musik in der Reihe &#8222;Musik im Museumshof&#8220;. Diesmal spielen Uli und Steffen (Gitarre, Keyboard und &hellip; <\/p><p><a class=\"more-link btn\" href=\"https:\/\/heimatverein-nieder-roden.de\/?p=8275\">Weiterlesen<\/a><\/span><\/div><div class=\"listing-item\"><a class=\"image\" href=\"https:\/\/heimatverein-nieder-roden.de\/?p=7057\"><img decoding=\"async\" width=\"300\" height=\"225\" src=\"https:\/\/heimatverein-nieder-roden.de\/wp-content\/uploads\/2024\/07\/2024-07-21_16-23-38_akhnr_museumsoeffnung-2024-07-21_mimh-rbm_fma_img_20240721_162339-scaled-300x225.jpg\" class=\"attachment-medium size-medium wp-post-image\" alt=\"\" srcset=\"https:\/\/heimatverein-nieder-roden.de\/wp-content\/uploads\/2024\/07\/2024-07-21_16-23-38_akhnr_museumsoeffnung-2024-07-21_mimh-rbm_fma_img_20240721_162339-scaled-300x225.jpg 300w, https:\/\/heimatverein-nieder-roden.de\/wp-content\/uploads\/2024\/07\/2024-07-21_16-23-38_akhnr_museumsoeffnung-2024-07-21_mimh-rbm_fma_img_20240721_162339-scaled-1024x768.jpg 1024w, https:\/\/heimatverein-nieder-roden.de\/wp-content\/uploads\/2024\/07\/2024-07-21_16-23-38_akhnr_museumsoeffnung-2024-07-21_mimh-rbm_fma_img_20240721_162339-scaled-768x576.jpg 768w, https:\/\/heimatverein-nieder-roden.de\/wp-content\/uploads\/2024\/07\/2024-07-21_16-23-38_akhnr_museumsoeffnung-2024-07-21_mimh-rbm_fma_img_20240721_162339-scaled-1536x1152.jpg 1536w, https:\/\/heimatverein-nieder-roden.de\/wp-content\/uploads\/2024\/07\/2024-07-21_16-23-38_akhnr_museumsoeffnung-2024-07-21_mimh-rbm_fma_img_20240721_162339-scaled-2048x1536.jpg 2048w, https:\/\/heimatverein-nieder-roden.de\/wp-content\/uploads\/2024\/07\/2024-07-21_16-23-38_akhnr_museumsoeffnung-2024-07-21_mimh-rbm_fma_img_20240721_162339-scaled-836x627.jpg 836w, https:\/\/heimatverein-nieder-roden.de\/wp-content\/uploads\/2024\/07\/2024-07-21_16-23-38_akhnr_museumsoeffnung-2024-07-21_mimh-rbm_fma_img_20240721_162339-scaled-560x420.jpg 560w\" sizes=\"(max-width: 300px) 100vw, 300px\" \/><\/a> <a class=\"title\" href=\"https:\/\/heimatverein-nieder-roden.de\/?p=7057\">Impressionen der Museums\u00f6ffnung am 22. Juli 2024<\/a> <span class=\"excerpt-dash\">-<\/span> <span class=\"excerpt\">Tolle Musik, riesige Tortenauswahl und tropische Bedingungen.<\/span><\/div><div class=\"listing-item\"><a class=\"image\" href=\"https:\/\/heimatverein-nieder-roden.de\/?p=7040\"><img decoding=\"async\" width=\"300\" height=\"117\" src=\"https:\/\/heimatverein-nieder-roden.de\/wp-content\/uploads\/2020\/07\/2019-06-16_AKHNR_\u00d6ffnung-2019-06-16_IMG_20190616_144641_stitch-300x117.jpg\" class=\"attachment-medium size-medium wp-post-image\" alt=\"Die Rodgauer Blasmusik bei ihrem Jubil\u00e4umsauftritt 2019 im Hof des Heimatmuseums! - \u00a9AKHNR\/FST\" srcset=\"https:\/\/heimatverein-nieder-roden.de\/wp-content\/uploads\/2020\/07\/2019-06-16_AKHNR_\u00d6ffnung-2019-06-16_IMG_20190616_144641_stitch-300x117.jpg 300w, https:\/\/heimatverein-nieder-roden.de\/wp-content\/uploads\/2020\/07\/2019-06-16_AKHNR_\u00d6ffnung-2019-06-16_IMG_20190616_144641_stitch-1024x400.jpg 1024w, https:\/\/heimatverein-nieder-roden.de\/wp-content\/uploads\/2020\/07\/2019-06-16_AKHNR_\u00d6ffnung-2019-06-16_IMG_20190616_144641_stitch-768x300.jpg 768w, https:\/\/heimatverein-nieder-roden.de\/wp-content\/uploads\/2020\/07\/2019-06-16_AKHNR_\u00d6ffnung-2019-06-16_IMG_20190616_144641_stitch-1536x600.jpg 1536w, https:\/\/heimatverein-nieder-roden.de\/wp-content\/uploads\/2020\/07\/2019-06-16_AKHNR_\u00d6ffnung-2019-06-16_IMG_20190616_144641_stitch-560x219.jpg 560w, https:\/\/heimatverein-nieder-roden.de\/wp-content\/uploads\/2020\/07\/2019-06-16_AKHNR_\u00d6ffnung-2019-06-16_IMG_20190616_144641_stitch.jpg 1620w\" sizes=\"(max-width: 300px) 100vw, 300px\" \/><\/a> <a class=\"title\" href=\"https:\/\/heimatverein-nieder-roden.de\/?p=7040\">&#8222;Musik im Museumshof&#8220;, Werzborre und Oischulfoddo beim Heimatverein<\/a> <span class=\"excerpt-dash\">-<\/span> <span class=\"excerpt\">Am Sonntag, 21. Juli 2024, ge\u00f6ffnet ab 14 Uhr. Wir freuen uns, die Rodgauer Blasmusik begr\u00fc\u00dfen zu d\u00fcrfen. Besuchen Sie die Jahresausstellung \"70 Jahre Sch\u00fctzenclub Gamsbock\". Infos zu den Aktionen Werzborre und \"Oischulfoddo\".<\/span><\/div><div class=\"listing-item\"><a class=\"image\" href=\"https:\/\/heimatverein-nieder-roden.de\/?p=6937\"><img decoding=\"async\" width=\"300\" height=\"191\" src=\"https:\/\/heimatverein-nieder-roden.de\/wp-content\/uploads\/2024\/06\/grafik-2-300x191.png\" class=\"attachment-medium size-medium wp-post-image\" alt=\"\" srcset=\"https:\/\/heimatverein-nieder-roden.de\/wp-content\/uploads\/2024\/06\/grafik-2-300x191.png 300w, https:\/\/heimatverein-nieder-roden.de\/wp-content\/uploads\/2024\/06\/grafik-2-1024x651.png 1024w, https:\/\/heimatverein-nieder-roden.de\/wp-content\/uploads\/2024\/06\/grafik-2-768x488.png 768w, https:\/\/heimatverein-nieder-roden.de\/wp-content\/uploads\/2024\/06\/grafik-2-836x532.png 836w, https:\/\/heimatverein-nieder-roden.de\/wp-content\/uploads\/2024\/06\/grafik-2-560x356.png 560w, https:\/\/heimatverein-nieder-roden.de\/wp-content\/uploads\/2024\/06\/grafik-2.png 1425w\" sizes=\"(max-width: 300px) 100vw, 300px\" \/><\/a> <a class=\"title\" href=\"https:\/\/heimatverein-nieder-roden.de\/?p=6937\">&#8222;Rodgauer Blasmusik: Rentner spielen vier Stunden am St\u00fcck&#8220;<\/a> <span class=\"excerpt-dash\">-<\/span> <span class=\"excerpt\">Artikel der Offenbach-Post auf OP-Online.de vom 26.06.2024. \nWir bedanken uns herzlich f\u00fcr die Berichterstattung der Presse!<\/span><\/div><div class=\"listing-item\"><a class=\"image\" href=\"https:\/\/heimatverein-nieder-roden.de\/?p=5972\"><img decoding=\"async\" width=\"300\" height=\"225\" src=\"https:\/\/heimatverein-nieder-roden.de\/wp-content\/uploads\/2022\/06\/2022-06-12_15-08-53_AKHNR_Museumsoeffnung-KO_IMG_20220612_150853_1920_72dpi_Wasserz-300x225.jpg\" class=\"attachment-medium size-medium wp-post-image\" alt=\"\" srcset=\"https:\/\/heimatverein-nieder-roden.de\/wp-content\/uploads\/2022\/06\/2022-06-12_15-08-53_AKHNR_Museumsoeffnung-KO_IMG_20220612_150853_1920_72dpi_Wasserz-300x225.jpg 300w, https:\/\/heimatverein-nieder-roden.de\/wp-content\/uploads\/2022\/06\/2022-06-12_15-08-53_AKHNR_Museumsoeffnung-KO_IMG_20220612_150853_1920_72dpi_Wasserz-1024x768.jpg 1024w, https:\/\/heimatverein-nieder-roden.de\/wp-content\/uploads\/2022\/06\/2022-06-12_15-08-53_AKHNR_Museumsoeffnung-KO_IMG_20220612_150853_1920_72dpi_Wasserz-768x576.jpg 768w, https:\/\/heimatverein-nieder-roden.de\/wp-content\/uploads\/2022\/06\/2022-06-12_15-08-53_AKHNR_Museumsoeffnung-KO_IMG_20220612_150853_1920_72dpi_Wasserz-1536x1152.jpg 1536w, https:\/\/heimatverein-nieder-roden.de\/wp-content\/uploads\/2022\/06\/2022-06-12_15-08-53_AKHNR_Museumsoeffnung-KO_IMG_20220612_150853_1920_72dpi_Wasserz-836x627.jpg 836w, https:\/\/heimatverein-nieder-roden.de\/wp-content\/uploads\/2022\/06\/2022-06-12_15-08-53_AKHNR_Museumsoeffnung-KO_IMG_20220612_150853_1920_72dpi_Wasserz-560x420.jpg 560w, https:\/\/heimatverein-nieder-roden.de\/wp-content\/uploads\/2022\/06\/2022-06-12_15-08-53_AKHNR_Museumsoeffnung-KO_IMG_20220612_150853_1920_72dpi_Wasserz.jpg 1920w\" sizes=\"(max-width: 300px) 100vw, 300px\" \/><\/a> <a class=\"title\" href=\"https:\/\/heimatverein-nieder-roden.de\/?p=5972\">Musik im Museumshof erstmals mit Chorgesang<\/a> <span class=\"excerpt-dash\">-<\/span> <span class=\"excerpt\">Museums\u00f6ffnung am kommenden  Sonntag, 17.09.2023, 14-18 Uhr\n\nVorverkauf f\u00fcr Weihnachtsoratorium startet im Heimatmuseum; gro\u00dfes R\u00e4tsel in der Jahresausstellung gel\u00f6st<\/span><\/div><div class=\"listing-item\"><a class=\"image\" href=\"https:\/\/heimatverein-nieder-roden.de\/?p=5346\"><img decoding=\"async\" width=\"300\" height=\"43\" src=\"https:\/\/heimatverein-nieder-roden.de\/wp-content\/uploads\/2019\/06\/Offenbach-Post_Titel_Symbolbild-300x43.png\" class=\"attachment-medium size-medium wp-post-image\" alt=\"\" srcset=\"https:\/\/heimatverein-nieder-roden.de\/wp-content\/uploads\/2019\/06\/Offenbach-Post_Titel_Symbolbild-300x43.png 300w, https:\/\/heimatverein-nieder-roden.de\/wp-content\/uploads\/2019\/06\/Offenbach-Post_Titel_Symbolbild-768x111.png 768w, https:\/\/heimatverein-nieder-roden.de\/wp-content\/uploads\/2019\/06\/Offenbach-Post_Titel_Symbolbild-1024x148.png 1024w\" sizes=\"(max-width: 300px) 100vw, 300px\" \/><\/a> <a class=\"title\" href=\"https:\/\/heimatverein-nieder-roden.de\/?p=5346\">&#8222;Rodgau: Musik im Museumshof&#8220;<\/a> <span class=\"excerpt-dash\">-<\/span> <span class=\"excerpt\">Artikel der Offenbach-Post auf OP-Online.de vom 17.07.2023. \nWir bedanken uns herzlich f\u00fcr die Berichterstattung der Presse!<\/span><\/div><div class=\"listing-item\"><a class=\"image\" href=\"https:\/\/heimatverein-nieder-roden.de\/?p=5319\"><img decoding=\"async\" width=\"300\" height=\"225\" src=\"https:\/\/heimatverein-nieder-roden.de\/wp-content\/uploads\/2023\/07\/2023-07-09_14-38-48_AKHNR_Museumsoeffnung-2023-07-09-MiMh-Hitzeausfall_FMA_IMG_20230709_143848-300x225.jpg\" class=\"attachment-medium size-medium wp-post-image\" alt=\"\" srcset=\"https:\/\/heimatverein-nieder-roden.de\/wp-content\/uploads\/2023\/07\/2023-07-09_14-38-48_AKHNR_Museumsoeffnung-2023-07-09-MiMh-Hitzeausfall_FMA_IMG_20230709_143848-300x225.jpg 300w, https:\/\/heimatverein-nieder-roden.de\/wp-content\/uploads\/2023\/07\/2023-07-09_14-38-48_AKHNR_Museumsoeffnung-2023-07-09-MiMh-Hitzeausfall_FMA_IMG_20230709_143848-1024x768.jpg 1024w, https:\/\/heimatverein-nieder-roden.de\/wp-content\/uploads\/2023\/07\/2023-07-09_14-38-48_AKHNR_Museumsoeffnung-2023-07-09-MiMh-Hitzeausfall_FMA_IMG_20230709_143848-768x576.jpg 768w, https:\/\/heimatverein-nieder-roden.de\/wp-content\/uploads\/2023\/07\/2023-07-09_14-38-48_AKHNR_Museumsoeffnung-2023-07-09-MiMh-Hitzeausfall_FMA_IMG_20230709_143848-1536x1152.jpg 1536w, https:\/\/heimatverein-nieder-roden.de\/wp-content\/uploads\/2023\/07\/2023-07-09_14-38-48_AKHNR_Museumsoeffnung-2023-07-09-MiMh-Hitzeausfall_FMA_IMG_20230709_143848-2048x1536.jpg 2048w, https:\/\/heimatverein-nieder-roden.de\/wp-content\/uploads\/2023\/07\/2023-07-09_14-38-48_AKHNR_Museumsoeffnung-2023-07-09-MiMh-Hitzeausfall_FMA_IMG_20230709_143848-836x627.jpg 836w, https:\/\/heimatverein-nieder-roden.de\/wp-content\/uploads\/2023\/07\/2023-07-09_14-38-48_AKHNR_Museumsoeffnung-2023-07-09-MiMh-Hitzeausfall_FMA_IMG_20230709_143848-560x420.jpg 560w\" sizes=\"(max-width: 300px) 100vw, 300px\" \/><\/a> <a class=\"title\" href=\"https:\/\/heimatverein-nieder-roden.de\/?p=5319\">Impressionen der Museums\u00f6ffnung am 9. Juli 2023<\/a> <span class=\"excerpt-dash\">-<\/span> <span class=\"excerpt\">Leider ohne Musik im Museumshof aufgrund der extremen Hitze.<\/span><\/div><div class=\"listing-item\"><a class=\"image\" href=\"https:\/\/heimatverein-nieder-roden.de\/?p=5303\"><img decoding=\"async\" width=\"266\" height=\"300\" src=\"https:\/\/heimatverein-nieder-roden.de\/wp-content\/uploads\/2023\/07\/wetterwarnung_dwd_2023-07-09_12-47-00-266x300.png\" class=\"attachment-medium size-medium wp-post-image\" alt=\"\" srcset=\"https:\/\/heimatverein-nieder-roden.de\/wp-content\/uploads\/2023\/07\/wetterwarnung_dwd_2023-07-09_12-47-00-266x300.png 266w, https:\/\/heimatverein-nieder-roden.de\/wp-content\/uploads\/2023\/07\/wetterwarnung_dwd_2023-07-09_12-47-00-560x632.png 560w, https:\/\/heimatverein-nieder-roden.de\/wp-content\/uploads\/2023\/07\/wetterwarnung_dwd_2023-07-09_12-47-00.png 652w\" sizes=\"(max-width: 266px) 100vw, 266px\" \/><\/a> <a class=\"title\" href=\"https:\/\/heimatverein-nieder-roden.de\/?p=5303\">ACHTUNG! Musik im Museumshof wegen Hitzewelle abgesagt!<\/a> <span class=\"excerpt-dash\">-<\/span> <span class=\"excerpt\">Wichtiger Hinweis: Die Vorst\u00e4nde von Musikverein und Heimatverein haben beschlossen den heutigen Auftritt des Konzertorchesters im Museumshof abzusagen! Grund ist das extrem hei\u00dfe Wetter. Zum Schutz aller Musiker und der Besucher m\u00f6chten wir, dass sich m\u00f6glichst wenige Menschen den sehr belastenden Bedingungen im Freien aussetzen. Wir bitten besonders \u00c4ltere, Schwangere, Pflegebed\u00fcrftige und Menschen mit Kreislaufbeschwerden &hellip; <\/p><p><a class=\"more-link btn\" href=\"https:\/\/heimatverein-nieder-roden.de\/?p=5303\">Weiterlesen<\/a><\/span><\/div><div class=\"listing-item\"><a class=\"image\" href=\"https:\/\/heimatverein-nieder-roden.de\/?p=5294\"><img decoding=\"async\" width=\"300\" height=\"225\" src=\"https:\/\/heimatverein-nieder-roden.de\/wp-content\/uploads\/2022\/06\/2022-06-12_16-30-38_AKHNR_Museumsoeffnung-KO_IMG_20220612_163038_1920_72dpi_Wasserz-300x225.jpg\" class=\"attachment-medium size-medium wp-post-image\" alt=\"\" srcset=\"https:\/\/heimatverein-nieder-roden.de\/wp-content\/uploads\/2022\/06\/2022-06-12_16-30-38_AKHNR_Museumsoeffnung-KO_IMG_20220612_163038_1920_72dpi_Wasserz-300x225.jpg 300w, https:\/\/heimatverein-nieder-roden.de\/wp-content\/uploads\/2022\/06\/2022-06-12_16-30-38_AKHNR_Museumsoeffnung-KO_IMG_20220612_163038_1920_72dpi_Wasserz-1024x768.jpg 1024w, https:\/\/heimatverein-nieder-roden.de\/wp-content\/uploads\/2022\/06\/2022-06-12_16-30-38_AKHNR_Museumsoeffnung-KO_IMG_20220612_163038_1920_72dpi_Wasserz-768x576.jpg 768w, https:\/\/heimatverein-nieder-roden.de\/wp-content\/uploads\/2022\/06\/2022-06-12_16-30-38_AKHNR_Museumsoeffnung-KO_IMG_20220612_163038_1920_72dpi_Wasserz-1536x1152.jpg 1536w, https:\/\/heimatverein-nieder-roden.de\/wp-content\/uploads\/2022\/06\/2022-06-12_16-30-38_AKHNR_Museumsoeffnung-KO_IMG_20220612_163038_1920_72dpi_Wasserz-836x627.jpg 836w, https:\/\/heimatverein-nieder-roden.de\/wp-content\/uploads\/2022\/06\/2022-06-12_16-30-38_AKHNR_Museumsoeffnung-KO_IMG_20220612_163038_1920_72dpi_Wasserz-560x420.jpg 560w, https:\/\/heimatverein-nieder-roden.de\/wp-content\/uploads\/2022\/06\/2022-06-12_16-30-38_AKHNR_Museumsoeffnung-KO_IMG_20220612_163038_1920_72dpi_Wasserz.jpg 1920w\" sizes=\"(max-width: 300px) 100vw, 300px\" \/><\/a> <a class=\"title\" href=\"https:\/\/heimatverein-nieder-roden.de\/?p=5294\">N\u00e4chste Museums\u00f6ffnung am Sonntag, 9. Juli 2023, mit &#8222;Musik im Museumshof&#8220;<\/a> <span class=\"excerpt-dash\">-<\/span> <span class=\"excerpt\">Ge\u00f6ffnet ab 14 Uhr. Wir freuen uns, das Konzertorchester begr\u00fc\u00dfen zu d\u00fcrfen. Besuchen Sie die Jahresausstellung \"Alte Grabsteine und welche Geschichten sie uns erz\u00e4hlen\". <\/span><\/div><div class=\"listing-item\"><a class=\"image\" href=\"https:\/\/heimatverein-nieder-roden.de\/?p=5287\"><img decoding=\"async\" width=\"300\" height=\"225\" src=\"https:\/\/heimatverein-nieder-roden.de\/wp-content\/uploads\/2022\/05\/2022-05-15_15-24-57_AKHNR_Museumsoeffnung_MiMh_Klangfarben_FMA_IMG_20220515_152457_HDR_1920_72dpi_Wasserz-300x225.jpg\" class=\"attachment-medium size-medium wp-post-image\" alt=\"\" srcset=\"https:\/\/heimatverein-nieder-roden.de\/wp-content\/uploads\/2022\/05\/2022-05-15_15-24-57_AKHNR_Museumsoeffnung_MiMh_Klangfarben_FMA_IMG_20220515_152457_HDR_1920_72dpi_Wasserz-300x225.jpg 300w, https:\/\/heimatverein-nieder-roden.de\/wp-content\/uploads\/2022\/05\/2022-05-15_15-24-57_AKHNR_Museumsoeffnung_MiMh_Klangfarben_FMA_IMG_20220515_152457_HDR_1920_72dpi_Wasserz-1024x768.jpg 1024w, https:\/\/heimatverein-nieder-roden.de\/wp-content\/uploads\/2022\/05\/2022-05-15_15-24-57_AKHNR_Museumsoeffnung_MiMh_Klangfarben_FMA_IMG_20220515_152457_HDR_1920_72dpi_Wasserz-768x576.jpg 768w, https:\/\/heimatverein-nieder-roden.de\/wp-content\/uploads\/2022\/05\/2022-05-15_15-24-57_AKHNR_Museumsoeffnung_MiMh_Klangfarben_FMA_IMG_20220515_152457_HDR_1920_72dpi_Wasserz-1536x1152.jpg 1536w, https:\/\/heimatverein-nieder-roden.de\/wp-content\/uploads\/2022\/05\/2022-05-15_15-24-57_AKHNR_Museumsoeffnung_MiMh_Klangfarben_FMA_IMG_20220515_152457_HDR_1920_72dpi_Wasserz-836x627.jpg 836w, https:\/\/heimatverein-nieder-roden.de\/wp-content\/uploads\/2022\/05\/2022-05-15_15-24-57_AKHNR_Museumsoeffnung_MiMh_Klangfarben_FMA_IMG_20220515_152457_HDR_1920_72dpi_Wasserz-560x420.jpg 560w, https:\/\/heimatverein-nieder-roden.de\/wp-content\/uploads\/2022\/05\/2022-05-15_15-24-57_AKHNR_Museumsoeffnung_MiMh_Klangfarben_FMA_IMG_20220515_152457_HDR_1920_72dpi_Wasserz.jpg 1920w\" sizes=\"(max-width: 300px) 100vw, 300px\" \/><\/a> <a class=\"title\" href=\"https:\/\/heimatverein-nieder-roden.de\/?p=5287\">N\u00e4chste Museums\u00f6ffnung am Sonntag, 18. Juni 2023, mit &#8222;Musik im Museumshof&#8220;<\/a> <span class=\"excerpt-dash\">-<\/span> <span class=\"excerpt\">Ge\u00f6ffnet ab 14 Uhr. Wir freuen uns, die \"Rodgauer Blasmusik\" begr\u00fc\u00dfen zu d\u00fcrfen. Besuchen Sie die Jahresausstellung \"Alte Grabsteine und welche Geschichten sie uns erz\u00e4hlen\". <\/span><\/div><\/div>\n","protected":false},"excerpt":{"rendered":"<p>Besonders freuen wir uns \u00fcber die Veranstaltungsreihe &#8222;Musik im Museumshof&#8220;! Mit dem 100-j\u00e4hrigen Jubil\u00e4um des Musikvereins Nieder-Roden e. V. (MVN) im Jahr 2018 begann die musikalische Begleitung der Museums\u00f6ffnungen mit der Reihe &#8222;Musik im Museumshof&#8220;. In den w\u00e4rmeren Monaten des Jahres, wenn es die Witterung zulie\u00df, gaben sich die verschiedenen Orchester des MVN jeweils zu &hellip; <\/p>\n<p><a class=\"more-link btn\" href=\"https:\/\/heimatverein-nieder-roden.de\/?p=5287\">Weiterlesen<\/a><\/p><p><a class=\"more-link btn\" href=\"https:\/\/heimatverein-nieder-roden.de\/?p=5287\">Weiterlesen<\/a><\/p>\n","protected":false},"author":1,"featured_media":0,"parent":0,"menu_order":0,"comment_status":"closed","ping_status":"closed","template":"","meta":{"_coblocks_attr":"","_coblocks_dimensions":"","_coblocks_responsive_height":"","_coblocks_accordion_ie_support":"","footnotes":""},"class_list":["post-3578","page","type-page","status-publish","hentry","nodate"],"publishpress_future_action":{"enabled":false,"date":"2026-04-22 08:34:38","action":"change-status","newStatus":"draft","terms":[],"taxonomy":"","extraData":[]},"publishpress_future_workflow_manual_trigger":{"enabledWorkflows":[]},"_links":{"self":[{"href":"https:\/\/heimatverein-nieder-roden.de\/index.php?rest_route=\/wp\/v2\/pages\/3578","targetHints":{"allow":["GET"]}}],"collection":[{"href":"https:\/\/heimatverein-nieder-roden.de\/index.php?rest_route=\/wp\/v2\/pages"}],"about":[{"href":"https:\/\/heimatverein-nieder-roden.de\/index.php?rest_route=\/wp\/v2\/types\/page"}],"author":[{"embeddable":true,"href":"https:\/\/heimatverein-nieder-roden.de\/index.php?rest_route=\/wp\/v2\/users\/1"}],"replies":[{"embeddable":true,"href":"https:\/\/heimatverein-nieder-roden.de\/index.php?rest_route=%2Fwp%2Fv2%2Fcomments&post=3578"}],"version-history":[{"count":3,"href":"https:\/\/heimatverein-nieder-roden.de\/index.php?rest_route=\/wp\/v2\/pages\/3578\/revisions"}],"predecessor-version":[{"id":8024,"href":"https:\/\/heimatverein-nieder-roden.de\/index.php?rest_route=\/wp\/v2\/pages\/3578\/revisions\/8024"}],"wp:attachment":[{"href":"https:\/\/heimatverein-nieder-roden.de\/index.php?rest_route=%2Fwp%2Fv2%2Fmedia&parent=3578"}],"curies":[{"name":"wp","href":"https:\/\/api.w.org\/{rel}","templated":true}]}}