{"id":2360,"date":"2020-07-01T19:15:21","date_gmt":"2020-07-01T17:15:21","guid":{"rendered":"https:\/\/heimatverein-nieder-roden.de\/?page_id=2360"},"modified":"2023-05-02T16:30:37","modified_gmt":"2023-05-02T14:30:37","slug":"nieder-roeder-liederbuch","status":"publish","type":"page","link":"https:\/\/heimatverein-nieder-roden.de\/?page_id=2360","title":{"rendered":"Nieder-R\u00f6der Liederbuch"},"content":{"rendered":"\n<p>Auch in Corona-Zeiten ging und geht die Recherche-Arbeit f\u00fcr zuk\u00fcnftige Aktionen und Projekte weiter. Unter anderem sucht der Verein zurzeit nach alten Liedern, die in und um Nieder-Roden gern gesungen wurden, um sie evtl. bei einer Veranstaltung oder im Netz wieder aufleben zu lassen.  Dazu werden in diesen Tagen Einladungen verschickt an alle, die evtl. musikalisch beitragen m\u00f6chten. Ein erstes Treffen ist f\u00fcr den 15.5.23 angesetzt (ab 19h im Museum). Sie k\u00f6nnen sich gerne per Email an schriftfuehrer[at]heimatverein-nieder-roden.de melden. Oder kommen Sie zur den Terminen vorbei, wenn das Museum ge\u00f6ffnet ist und sprechen sie uns an!<\/p>\n\n\n\n<p>Lange Zeit war an eine Auff\u00fchrung nicht zu denken, ja nicht einmal an gr\u00f6\u00dfere Arbeitstreffen. Das ist nun wieder besser. Schon 2019 wurden Zeitzeugen befragt, der Gesang zu einigen K\u00fcchenliedern aufgenommen und als Noten transkribiert. Ein solches Transkript der recht bekannten Moritat von der &#8222;R\u00e4uberbraut&#8220; findet sich hier.  <\/p>\n\n\n<div class=\"wp-block-image\">\n<figure class=\"aligncenter size-large is-resized\"><a href=\"https:\/\/heimatverein-nieder-roden.de\/wp-content\/uploads\/2022\/11\/Nicht-weit-von-hier-Die-Raeuberbraut.jpg\"><img decoding=\"async\" src=\"https:\/\/heimatverein-nieder-roden.de\/wp-content\/uploads\/2022\/11\/Nicht-weit-von-hier-Die-Raeuberbraut-725x1024.jpg\" alt=\"\" class=\"wp-image-4800\" width=\"253\" height=\"358\" srcset=\"https:\/\/heimatverein-nieder-roden.de\/wp-content\/uploads\/2022\/11\/Nicht-weit-von-hier-Die-Raeuberbraut-725x1024.jpg 725w, https:\/\/heimatverein-nieder-roden.de\/wp-content\/uploads\/2022\/11\/Nicht-weit-von-hier-Die-Raeuberbraut-212x300.jpg 212w, https:\/\/heimatverein-nieder-roden.de\/wp-content\/uploads\/2022\/11\/Nicht-weit-von-hier-Die-Raeuberbraut-768x1085.jpg 768w, https:\/\/heimatverein-nieder-roden.de\/wp-content\/uploads\/2022\/11\/Nicht-weit-von-hier-Die-Raeuberbraut-1087x1536.jpg 1087w, https:\/\/heimatverein-nieder-roden.de\/wp-content\/uploads\/2022\/11\/Nicht-weit-von-hier-Die-Raeuberbraut-836x1182.jpg 836w, https:\/\/heimatverein-nieder-roden.de\/wp-content\/uploads\/2022\/11\/Nicht-weit-von-hier-Die-Raeuberbraut-560x791.jpg 560w, https:\/\/heimatverein-nieder-roden.de\/wp-content\/uploads\/2022\/11\/Nicht-weit-von-hier-Die-Raeuberbraut.jpg 1241w\" sizes=\"(max-width: 253px) 100vw, 253px\" \/><\/a><figcaption class=\"wp-element-caption\">&#8222;Nicht weit von hier (Die R\u00e4uberbraut)&#8220; Notensatz von Uli Biebel <br>\u00a9AKHNR\/UBI<\/figcaption><\/figure>\n<\/div>\n\n\n<h4 class=\"wp-block-heading\">Das Liederbuch vom &#8222;Afrika-Franz&#8220;<\/h4>\n\n\n\n<p>W\u00e4hrend der Corona-Pause wurde au\u00dferdem das alte, in S\u00fctterlin handgeschriebene Liederbuch vom \u201eAfrika-Franz\u201c ins Reine geschrieben. Hier ist ein eingescannter Ausschnitt davon zu sehen:<\/p>\n\n\n<div class=\"wp-block-image\">\n<figure class=\"aligncenter size-large is-resized\"><a href=\"https:\/\/heimatverein-nieder-roden.de\/wp-content\/uploads\/2020\/07\/Liederheftchen-10-11.jpg\"><img decoding=\"async\" src=\"https:\/\/heimatverein-nieder-roden.de\/wp-content\/uploads\/2020\/07\/Liederheftchen-10-11-1024x786.jpg\" alt=\"\" class=\"wp-image-2365\" width=\"311\" height=\"239\" srcset=\"https:\/\/heimatverein-nieder-roden.de\/wp-content\/uploads\/2020\/07\/Liederheftchen-10-11-1024x786.jpg 1024w, https:\/\/heimatverein-nieder-roden.de\/wp-content\/uploads\/2020\/07\/Liederheftchen-10-11-300x230.jpg 300w, https:\/\/heimatverein-nieder-roden.de\/wp-content\/uploads\/2020\/07\/Liederheftchen-10-11-768x589.jpg 768w, https:\/\/heimatverein-nieder-roden.de\/wp-content\/uploads\/2020\/07\/Liederheftchen-10-11-1536x1178.jpg 1536w, https:\/\/heimatverein-nieder-roden.de\/wp-content\/uploads\/2020\/07\/Liederheftchen-10-11-2048x1571.jpg 2048w, https:\/\/heimatverein-nieder-roden.de\/wp-content\/uploads\/2020\/07\/Liederheftchen-10-11-560x430.jpg 560w\" sizes=\"(max-width: 311px) 100vw, 311px\" \/><\/a><figcaption class=\"wp-element-caption\">Auszug aus dem handgeschriebenen Liederheft des &#8222;Afrika-Franz&#8220; (Franz Steckenreiter) aus Nieder-Roden.<\/figcaption><\/figure>\n<\/div>\n\n\n<p>  Transkribiert sieht  es so aus:<\/p>\n\n\n<div class=\"wp-block-image\">\n<figure class=\"aligncenter size-full is-resized\"><a href=\"https:\/\/heimatverein-nieder-roden.de\/wp-content\/uploads\/2022\/11\/2022-11-17_liederbuch_wasserrose-transkribiert.jpg\"><img decoding=\"async\" src=\"https:\/\/heimatverein-nieder-roden.de\/wp-content\/uploads\/2022\/11\/2022-11-17_liederbuch_wasserrose-transkribiert.jpg\" alt=\"\" class=\"wp-image-4793\" width=\"-79\" height=\"-110\" srcset=\"https:\/\/heimatverein-nieder-roden.de\/wp-content\/uploads\/2022\/11\/2022-11-17_liederbuch_wasserrose-transkribiert.jpg 398w, https:\/\/heimatverein-nieder-roden.de\/wp-content\/uploads\/2022\/11\/2022-11-17_liederbuch_wasserrose-transkribiert-214x300.jpg 214w\" sizes=\"(max-width: 398px) 100vw, 398px\" \/><\/a><figcaption class=\"wp-element-caption\">&#8222;Die Wasserrose&#8220; transkribiert. \n\u00a9AKHNR\/UBI<\/figcaption><\/figure>\n<\/div>\n\n\n<p>Die dazugeh\u00f6renden Melodien mussten erst recherchiert und besorgt werden. Eines davon ist beispielsweise die Moritat vom Kn\u00e4blein, das beim Spielen in den Teich gest\u00fcrzt und ertrunken ist: Die Wasserrose.<\/p>\n\n\n<div class=\"wp-block-image\">\n<figure class=\"aligncenter size-full is-resized\"><a href=\"https:\/\/heimatverein-nieder-roden.de\/wp-content\/uploads\/2022\/11\/09_Es-spielte-ein-Knaeblein-Die-Wasserrose-A622a.jpg\"><img decoding=\"async\" src=\"https:\/\/heimatverein-nieder-roden.de\/wp-content\/uploads\/2022\/11\/09_Es-spielte-ein-Knaeblein-Die-Wasserrose-A622a.jpg\" alt=\"\" class=\"wp-image-4792\" width=\"215\" height=\"245\" srcset=\"https:\/\/heimatverein-nieder-roden.de\/wp-content\/uploads\/2022\/11\/09_Es-spielte-ein-Knaeblein-Die-Wasserrose-A622a.jpg 883w, https:\/\/heimatverein-nieder-roden.de\/wp-content\/uploads\/2022\/11\/09_Es-spielte-ein-Knaeblein-Die-Wasserrose-A622a-263x300.jpg 263w, https:\/\/heimatverein-nieder-roden.de\/wp-content\/uploads\/2022\/11\/09_Es-spielte-ein-Knaeblein-Die-Wasserrose-A622a-768x875.jpg 768w, https:\/\/heimatverein-nieder-roden.de\/wp-content\/uploads\/2022\/11\/09_Es-spielte-ein-Knaeblein-Die-Wasserrose-A622a-836x952.jpg 836w, https:\/\/heimatverein-nieder-roden.de\/wp-content\/uploads\/2022\/11\/09_Es-spielte-ein-Knaeblein-Die-Wasserrose-A622a-560x638.jpg 560w\" sizes=\"(max-width: 215px) 100vw, 215px\" \/><\/a><figcaption class=\"wp-element-caption\">Die Wasserrose in Frakturschrift geschrieben.<\/figcaption><\/figure>\n<\/div>\n\n\n<p>Obwohl in Fraktur geschrieben ist das schon deutlich besser zu lesen. Viele Junge tun sich damit allerdings sicherlich dennoch schwer. Die Noten sind zwar nach wie vor allgemein verst\u00e4ndlich (f\u00fcr Musiker), eine  \u00dcbertragung in eine aktualisierte Schreibweise w\u00e4re dennoch sinnvoll. Sonst n\u00fctzt ein solches Liederbuch nur wenigen. <\/p>\n\n\n\n<h4 class=\"wp-block-heading\">Ein Ziel: Die St\u00fccke gemeinsam auff\u00fchren<\/h4>\n\n\n\n<p>Nun ist die Frage, wer gerne Lieder wie dieses einstudieren und aufnehmen und vielleicht sogar irgendwann in einer gemeinsamen Aktion auff\u00fchren w\u00fcrde. Alle musikalischen Menschen, Gruppierungen und Vereine in Nieder-Roden sind aufgerufen, sich zu melden, wenn Sie daran Interesse haben. Der Musikverein Nieder-Roden ist hier freilich in besonderem Ma\u00dfe engagiert. <\/p>\n\n\n\n<h4 class=\"wp-block-heading\">Haben Sie noch etwas zu Hause?<\/h4>\n\n\n\n<p>Und wenn Sie noch weitere spannende Nieder-R\u00f6der Lieder oder sogar lokale \u2013 am besten viel benutzte \u2013 Liedsammlungen in ihren Schr\u00e4nken haben, gen\u00fcgt eine E-Mail an <a href=\"mailto:schriftfuehrer@heimatverein-nieder-roden.de\">schriftfuehrer@heimatverein-nieder-roden.de<\/a> f\u00fcr die Kontaktaufnahme. <\/p>\n\n\n\n<p>Das vom Verein angestrebte Nieder-R\u00f6der Liederbuch liegt in greifbarer N\u00e4he! <\/p>\n\n\n\n<hr class=\"wp-block-separator has-alpha-channel-opacity is-style-default\"\/>\n\n\nSeite 0 mal aufgerufen in den letzten 14 Tagen.\n\n\nSeite 0 mal aufgerufen in den letzten 365 Tagen.\n\n\n\n<hr class=\"wp-block-separator has-alpha-channel-opacity is-style-wide\"\/>\n\n\n\n<h2 class=\"wp-block-heading\">Meldungen zum Thema<\/h2>\n\n\n<div class=\"display-posts-listing grid\"><div class=\"listing-item\"><a class=\"image\" href=\"https:\/\/heimatverein-nieder-roden.de\/?p=4909\"><img decoding=\"async\" width=\"300\" height=\"96\" src=\"https:\/\/heimatverein-nieder-roden.de\/wp-content\/uploads\/2019\/06\/Rodgau-Post_Titel_Symbolbild-300x96.jpg\" class=\"attachment-medium size-medium wp-post-image\" alt=\"\" srcset=\"https:\/\/heimatverein-nieder-roden.de\/wp-content\/uploads\/2019\/06\/Rodgau-Post_Titel_Symbolbild-300x96.jpg 300w, https:\/\/heimatverein-nieder-roden.de\/wp-content\/uploads\/2019\/06\/Rodgau-Post_Titel_Symbolbild-768x246.jpg 768w, https:\/\/heimatverein-nieder-roden.de\/wp-content\/uploads\/2019\/06\/Rodgau-Post_Titel_Symbolbild-1024x328.jpg 1024w\" sizes=\"(max-width: 300px) 100vw, 300px\" \/><\/a> <a class=\"title\" href=\"https:\/\/heimatverein-nieder-roden.de\/?p=4909\">&#8222;Alte Lieder nicht vergessen&#8220;<\/a> <span class=\"excerpt-dash\">-<\/span> <span class=\"excerpt\">Artikel in der Rodgau-Post vom 15.12.2022. \nWir bedanken uns herzlich f\u00fcr die Berichterstattung der Presse!<\/span><\/div><div class=\"listing-item\"><a class=\"image\" href=\"https:\/\/heimatverein-nieder-roden.de\/?p=4775\"><img decoding=\"async\" width=\"300\" height=\"43\" src=\"https:\/\/heimatverein-nieder-roden.de\/wp-content\/uploads\/2019\/06\/Offenbach-Post_Titel_Symbolbild-300x43.png\" class=\"attachment-medium size-medium wp-post-image\" alt=\"\" srcset=\"https:\/\/heimatverein-nieder-roden.de\/wp-content\/uploads\/2019\/06\/Offenbach-Post_Titel_Symbolbild-300x43.png 300w, https:\/\/heimatverein-nieder-roden.de\/wp-content\/uploads\/2019\/06\/Offenbach-Post_Titel_Symbolbild-768x111.png 768w, https:\/\/heimatverein-nieder-roden.de\/wp-content\/uploads\/2019\/06\/Offenbach-Post_Titel_Symbolbild-1024x148.png 1024w\" sizes=\"(max-width: 300px) 100vw, 300px\" \/><\/a> <a class=\"title\" href=\"https:\/\/heimatverein-nieder-roden.de\/?p=4775\">&#8222;Alte Lieder nicht vergessen&#8220;<\/a> <span class=\"excerpt-dash\">-<\/span> <span class=\"excerpt\">Artikel der Offenbach-Post auf OP-Online.de vom 17.11.2022. \nWir bedanken uns herzlich f\u00fcr die Berichterstattung der Presse!<\/span><\/div><\/div>\n","protected":false},"excerpt":{"rendered":"<p>Auch in Corona-Zeiten ging und geht die Recherche-Arbeit f\u00fcr zuk\u00fcnftige Aktionen und Projekte weiter. Unter anderem sucht der Verein zurzeit nach alten Liedern, die in und um Nieder-Roden gern gesungen wurden, um sie evtl. bei einer Veranstaltung oder im Netz wieder aufleben zu lassen. Dazu werden in diesen Tagen Einladungen verschickt an alle, die evtl. &hellip; <\/p>\n<p><a class=\"more-link btn\" href=\"https:\/\/heimatverein-nieder-roden.de\/?p=4775\">Weiterlesen<\/a><\/p><p><a class=\"more-link btn\" href=\"https:\/\/heimatverein-nieder-roden.de\/?p=4775\">Weiterlesen<\/a><\/p>\n","protected":false},"author":1,"featured_media":2365,"parent":3366,"menu_order":0,"comment_status":"closed","ping_status":"closed","template":"","meta":{"_coblocks_attr":"","_coblocks_dimensions":"","_coblocks_responsive_height":"","_coblocks_accordion_ie_support":"","footnotes":""},"class_list":["post-2360","page","type-page","status-publish","has-post-thumbnail","hentry","nodate"],"publishpress_future_action":{"enabled":false,"date":"2026-05-07 15:35:37","action":"change-status","newStatus":"draft","terms":[],"taxonomy":"","extraData":[]},"publishpress_future_workflow_manual_trigger":{"enabledWorkflows":[]},"_links":{"self":[{"href":"https:\/\/heimatverein-nieder-roden.de\/index.php?rest_route=\/wp\/v2\/pages\/2360","targetHints":{"allow":["GET"]}}],"collection":[{"href":"https:\/\/heimatverein-nieder-roden.de\/index.php?rest_route=\/wp\/v2\/pages"}],"about":[{"href":"https:\/\/heimatverein-nieder-roden.de\/index.php?rest_route=\/wp\/v2\/types\/page"}],"author":[{"embeddable":true,"href":"https:\/\/heimatverein-nieder-roden.de\/index.php?rest_route=\/wp\/v2\/users\/1"}],"replies":[{"embeddable":true,"href":"https:\/\/heimatverein-nieder-roden.de\/index.php?rest_route=%2Fwp%2Fv2%2Fcomments&post=2360"}],"version-history":[{"count":31,"href":"https:\/\/heimatverein-nieder-roden.de\/index.php?rest_route=\/wp\/v2\/pages\/2360\/revisions"}],"predecessor-version":[{"id":5201,"href":"https:\/\/heimatverein-nieder-roden.de\/index.php?rest_route=\/wp\/v2\/pages\/2360\/revisions\/5201"}],"up":[{"embeddable":true,"href":"https:\/\/heimatverein-nieder-roden.de\/index.php?rest_route=\/wp\/v2\/pages\/3366"}],"wp:featuredmedia":[{"embeddable":true,"href":"https:\/\/heimatverein-nieder-roden.de\/index.php?rest_route=\/wp\/v2\/media\/2365"}],"wp:attachment":[{"href":"https:\/\/heimatverein-nieder-roden.de\/index.php?rest_route=%2Fwp%2Fv2%2Fmedia&parent=2360"}],"curies":[{"name":"wp","href":"https:\/\/api.w.org\/{rel}","templated":true}]}}