{"id":1179,"date":"2019-05-05T17:16:35","date_gmt":"2019-05-05T15:16:35","guid":{"rendered":"http:\/\/heimatverein-nieder-roden.de\/?page_id=1179"},"modified":"2022-04-26T21:37:34","modified_gmt":"2022-04-26T19:37:34","slug":"mitglied-werden","status":"publish","type":"page","link":"https:\/\/heimatverein-nieder-roden.de\/?page_id=1179","title":{"rendered":"Mitglied werden"},"content":{"rendered":"\n\n\n<p>Lust bekommen?<br>Sie&#8230;<\/p>\n\n\n\n<ul class=\"wp-block-list\"><li>&#8230;interessieren sich f\u00fcr die Lokalgeschichte,<\/li><li>&#8230;m\u00f6chten mithelfen das Heimatmuseum zu erhalten,<\/li><li>&#8230;m\u00f6chten sich um die Entwicklung und Gestaltung ihres Heimatortes zu k\u00fcmmern,<\/li><li>&#8230;haben Lust ein Thema f\u00fcr eine Ausstellung oder gar ein Buchprojekt aufzuarbeiten,<\/li><li>&#8230;m\u00f6chten an unseren Ausfl\u00fcgen teilnehmen?<\/li><\/ul>\n\n\n\n<p class=\"has-luminous-vivid-orange-color has-text-color\"><strong>Dann machen Sie mit!<\/strong><\/p>\n\n\n\n<p>Werden sie Mitglied! <br>So geht&#8217;s:<\/p>\n\n\n\n<ol class=\"wp-block-list\"><li><strong>Herunterladen <\/strong>&#8211; Laden Sie sich das Antragsformular herunter.<\/li><li><strong>Ausf\u00fcllen <\/strong>&#8211; F\u00fcllen Sie es aus und denken Sie dabei auch an das SEPA-Lastschriftmandat auf der letzten Seite!<\/li><li><strong>Abgeben <\/strong><ul><li><strong>Am besten<\/strong> bringen Sie ihn zur <a href=\"https:\/\/heimatverein-nieder-roden.de\/?page_id=352\">n\u00e4chsten Museums\u00f6ffnung<\/a> mit,<\/li><li>ODER senden Sie ihn per E-Mail an: <em>info[at]heimatverein-nieder-roden.de<\/em>,<\/li><li>ODER schicken Sie ihn per Post an die Vereinsadresse (Kelkheimer Stra\u00dfe 28, 63110 Rodgau),<\/li><li>ODER Geben Sie den Antrag bei einem Vorstandsmitglied pers\u00f6nlich ab.<\/li><\/ul><\/li><\/ol>\n\n\n\n<h3 class=\"wp-block-heading\" id=\"hier-finden-sie-den-mitgliedsantrag\">Hier finden Sie den Mitgliedsantrag:<\/h3>\n\n\n\n<div data-wp-interactive=\"core\/file\" class=\"wp-block-file\"><object data-wp-bind--hidden=\"!state.hasPdfPreview\" hidden class=\"wp-block-file__embed\" data=\"https:\/\/heimatverein-nieder-roden.de\/wp-content\/uploads\/2022\/04\/2022-04-26_AKHNR_Mitgliedsantrag_v2.4SEPA-Mandat_v1.1_ausfuellbar.pdf\" type=\"application\/pdf\" style=\"width:100%;height:600px\" aria-label=\"Einbettung von Einbettung von 2022-04-26_AKHNR_Mitgliedsantrag_v2.4+SEPA-Mandat_v1.1_ausf\u00fcllbar..\"><\/object><a id=\"wp-block-file--media-6f296a4f-98e7-4318-b294-a89d7e9c058d\" href=\"https:\/\/heimatverein-nieder-roden.de\/wp-content\/uploads\/2022\/04\/2022-04-26_AKHNR_Mitgliedsantrag_v2.4SEPA-Mandat_v1.1_ausfuellbar.pdf\">2022-04-26_AKHNR_Mitgliedsantrag_v2.4+SEPA-Mandat_v1.1_ausf\u00fcllbar<\/a><a href=\"https:\/\/heimatverein-nieder-roden.de\/wp-content\/uploads\/2022\/04\/2022-04-26_AKHNR_Mitgliedsantrag_v2.4SEPA-Mandat_v1.1_ausfuellbar.pdf\" class=\"wp-block-file__button\" download aria-describedby=\"wp-block-file--media-6f296a4f-98e7-4318-b294-a89d7e9c058d\">Herunterladen<\/a><\/div>\n\n\n\n<hr class=\"wp-block-separator\"\/>\n\n\nSeite 0 mal aufgerufen in den letzten 14 Tagen.\n\n\n\n<hr class=\"wp-block-separator is-style-default\"\/>\n\n\nBeitrag 0 mal aufgerufen in den letzten 365 Tagen.\n","protected":false},"excerpt":{"rendered":"<p>Lust bekommen?Sie&#8230; &#8230;interessieren sich f\u00fcr die Lokalgeschichte, &#8230;m\u00f6chten mithelfen das Heimatmuseum zu erhalten, &#8230;m\u00f6chten sich um die Entwicklung und Gestaltung ihres Heimatortes zu k\u00fcmmern, &#8230;haben Lust ein Thema f\u00fcr eine Ausstellung oder gar ein Buchprojekt aufzuarbeiten, &#8230;m\u00f6chten an unseren Ausfl\u00fcgen teilnehmen? Dann machen Sie mit! Werden sie Mitglied! So geht&#8217;s: Herunterladen &#8211; Laden Sie sich &hellip; <\/p>\n<p><a class=\"more-link btn\" href=\"https:\/\/heimatverein-nieder-roden.de\/?page_id=1179\">Weiterlesen<\/a><\/p>\n","protected":false},"author":1,"featured_media":1183,"parent":441,"menu_order":0,"comment_status":"closed","ping_status":"closed","template":"","meta":{"_coblocks_attr":"","_coblocks_dimensions":"","_coblocks_responsive_height":"","_coblocks_accordion_ie_support":"","footnotes":""},"class_list":["post-1179","page","type-page","status-publish","has-post-thumbnail","hentry","nodate"],"publishpress_future_action":{"enabled":false,"date":"2026-05-08 08:28:06","action":"change-status","newStatus":"draft","terms":[],"taxonomy":"","extraData":[]},"publishpress_future_workflow_manual_trigger":{"enabledWorkflows":[]},"_links":{"self":[{"href":"https:\/\/heimatverein-nieder-roden.de\/index.php?rest_route=\/wp\/v2\/pages\/1179","targetHints":{"allow":["GET"]}}],"collection":[{"href":"https:\/\/heimatverein-nieder-roden.de\/index.php?rest_route=\/wp\/v2\/pages"}],"about":[{"href":"https:\/\/heimatverein-nieder-roden.de\/index.php?rest_route=\/wp\/v2\/types\/page"}],"author":[{"embeddable":true,"href":"https:\/\/heimatverein-nieder-roden.de\/index.php?rest_route=\/wp\/v2\/users\/1"}],"replies":[{"embeddable":true,"href":"https:\/\/heimatverein-nieder-roden.de\/index.php?rest_route=%2Fwp%2Fv2%2Fcomments&post=1179"}],"version-history":[{"count":6,"href":"https:\/\/heimatverein-nieder-roden.de\/index.php?rest_route=\/wp\/v2\/pages\/1179\/revisions"}],"predecessor-version":[{"id":4088,"href":"https:\/\/heimatverein-nieder-roden.de\/index.php?rest_route=\/wp\/v2\/pages\/1179\/revisions\/4088"}],"up":[{"embeddable":true,"href":"https:\/\/heimatverein-nieder-roden.de\/index.php?rest_route=\/wp\/v2\/pages\/441"}],"wp:featuredmedia":[{"embeddable":true,"href":"https:\/\/heimatverein-nieder-roden.de\/index.php?rest_route=\/wp\/v2\/media\/1183"}],"wp:attachment":[{"href":"https:\/\/heimatverein-nieder-roden.de\/index.php?rest_route=%2Fwp%2Fv2%2Fmedia&parent=1179"}],"curies":[{"name":"wp","href":"https:\/\/api.w.org\/{rel}","templated":true}]}}